{"id":228,"date":"2025-12-02T12:39:37","date_gmt":"2025-12-02T12:39:37","guid":{"rendered":"https:\/\/novy.leed.cz\/?page_id=228"},"modified":"2026-02-23T16:36:00","modified_gmt":"2026-02-23T16:36:00","slug":"certifikace-leed","status":"publish","type":"page","link":"https:\/\/leed.cz\/index.php\/certifikace-leed\/","title":{"rendered":"Certifikace LEED"},"content":{"rendered":"\t\t<div data-elementor-type=\"wp-page\" data-elementor-id=\"228\" class=\"elementor elementor-228\">\n\t\t\t\t<div class=\"elementor-element elementor-element-4708bb1 e-flex e-con-boxed e-con e-parent\" data-id=\"4708bb1\" data-element_type=\"container\" data-e-type=\"container\" data-settings=\"{&quot;background_background&quot;:&quot;classic&quot;}\">\n\t\t\t\t\t<div class=\"e-con-inner\">\n\t\t\t\t<div class=\"elementor-element elementor-element-1487900f elementor-widget elementor-widget-heading\" data-id=\"1487900f\" data-element_type=\"widget\" data-e-type=\"widget\" data-widget_type=\"heading.default\">\n\t\t\t\t\t<h1 class=\"elementor-heading-title elementor-size-default\">Certifikace LEED\n<\/h1>\t\t\t\t<\/div>\n\t\t\t\t\t<\/div>\n\t\t\t\t<\/div>\n\t\t<div class=\"elementor-element elementor-element-3163bb0 e-flex e-con-boxed e-con e-parent\" data-id=\"3163bb0\" data-element_type=\"container\" data-e-type=\"container\">\n\t\t\t\t\t<div class=\"e-con-inner\">\n\t\t<div class=\"elementor-element elementor-element-155b628 e-con-full e-flex e-con e-child\" data-id=\"155b628\" data-element_type=\"container\" data-e-type=\"container\">\n\t\t\t\t<div class=\"elementor-element elementor-element-091ee00 elementor-widget elementor-widget-image\" data-id=\"091ee00\" data-element_type=\"widget\" data-e-type=\"widget\" data-widget_type=\"image.default\">\n\t\t\t\t\t\t\t\t\t\t\t\t\t\t\t<img fetchpriority=\"high\" decoding=\"async\" width=\"250\" height=\"258\" src=\"https:\/\/leed.cz\/wp-content\/uploads\/2025\/12\/LEED-Logo-thumb-250x258-15756.jpg\" class=\"attachment-large size-large wp-image-247\" alt>\t\t\t\t\t\t\t\t\t\t\t\t\t\t\t<\/div>\n\t\t\t\t<\/div>\n\t\t<div class=\"elementor-element elementor-element-5f4ff2f e-con-full e-flex e-con e-child\" data-id=\"5f4ff2f\" data-element_type=\"container\" data-e-type=\"container\">\n\t\t\t\t<div class=\"elementor-element elementor-element-2f65c5ae elementor-widget elementor-widget-text-editor\" data-id=\"2f65c5ae\" data-element_type=\"widget\" data-e-type=\"widget\" data-widget_type=\"text-editor.default\">\n\t\t\t\t\t\t\t\t\t<p><strong>LEED je glob\u00e1l\u00adn\u011b uzn\u00e1\u00advan\u00e9 cer\u00adti\u00adfika\u010dn\u00ed sch\u00e9\u00adma s&nbsp;nejrych\u00adle\u00adji&nbsp;ros\u00adtouc\u00edm po\u010dtem cer\u00adti\u00adfikac\u00ed<\/strong>. Hod\u00adnot\u00ed budovu&nbsp;p\u0159i jej\u00edm&nbsp;<strong>vzniku<\/strong>&nbsp;(New Con\u00adstruc\u00adtion \u010di Core&amp;Shell) nebo&nbsp;<strong>p\u0159i pozd\u011bj\u0161\u00edm provozu&nbsp;<\/strong>(Exist\u00ading Build\u00ading: Oper\u00ada\u00adtion and&nbsp;Main\u00adte\u00adnance EB:OM), p\u0159\u00ed\u00adpad\u00adn\u011b lze cer\u00adti\u00adfiko\u00advat vnit\u0159n\u00ed&nbsp;<strong>vybaven\u00ed n\u00e1jem\u00adn\u00edch pros\u00adtor<\/strong>&nbsp;(Com\u00admer\u00adcial Inte\u00adri\u00adors).&nbsp;Cer\u00adti\u00adfikace hod\u00adnot\u00ed dopad na okol\u00ed, spot\u0159e\u00adby vody&nbsp;a&nbsp;energie, pou\u017eit\u00e9 mater\u00adi\u00e1\u00adly, kval\u00adi\u00adtu vnit\u0159n\u00edho prost\u0159ed\u00ed&nbsp;a&nbsp;u\u017ei\u00adva\u00adtel\u00adsk\u00e9 kval\u00adi\u00adty nut\u00adn\u00e9 pro efek\u00adtivn\u00ed pr\u00e1ci.<\/p><p>LEED je sys\u00adt\u00e9m s&nbsp;otev\u0159en\u00fdm a&nbsp;pro\u00adgre\u00adsivn\u00edm v\u00fdvo\u00adjem. Od poloviny roku 2015 je nut\u00adn\u00e9 posunout la\u0165ku po\u017ea\u00addavk\u016f v\u00fd\u0161 v&nbsp;sys\u00adt\u00e9\u00admu LEED v4. LEED nab\u00edz\u00ed \u0161irok\u00e9 spek\u00adtrum alter\u00adna\u00adtivn\u00edch pln\u011bn\u00ed jed\u00adnotliv\u00fdch kred\u00adit\u016f pro Evropu v&nbsp;r\u00e1m\u00adci evrop\u00adsk\u00fdch norem a&nbsp;zvyk\u00adlost\u00ed. Cer\u00adti\u00adfikace m\u00e1 ze v\u0161ech sys\u00adt\u00e9m\u016f nejk\u00adval\u00adit\u00adn\u011bj\u0161\u00ed hod\u00adno\u00adcen\u00ed ener\u00adget\u00adick\u00e9 n\u00e1ro\u010dnos\u00adti budovy v&nbsp;r\u00e1m\u00adci dynam\u00adick\u00ad\u00e9ho po\u010d\u00ed\u00adta\u010dov\u00e9ho modelov\u00e1n\u00ed.<\/p>\t\t\t\t\t\t\t\t<\/div>\n\t\t\t\t<\/div>\n\t\t\t\t\t<\/div>\n\t\t\t\t<\/div>\n\t\t<div class=\"elementor-element elementor-element-20bbdf6 e-flex e-con-boxed e-con e-parent\" data-id=\"20bbdf6\" data-element_type=\"container\" data-e-type=\"container\">\n\t\t\t\t\t<div class=\"e-con-inner\">\n\t\t<div class=\"elementor-element elementor-element-62a58af e-con-full e-flex e-con e-child\" data-id=\"62a58af\" data-element_type=\"container\" data-e-type=\"container\">\n\t\t\t\t<div class=\"elementor-element elementor-element-2b853f7 elementor-widget elementor-widget-heading\" data-id=\"2b853f7\" data-element_type=\"widget\" data-e-type=\"widget\" data-widget_type=\"heading.default\">\n\t\t\t\t\t<h2 class=\"elementor-heading-title elementor-size-default\">Co lze certifikovat v&nbsp;Evrop\u011b?<\/h2>\t\t\t\t<\/div>\n\t\t\t\t<\/div>\n\t\t<div class=\"elementor-element elementor-element-5e5820b e-con-full e-flex e-con e-child\" data-id=\"5e5820b\" data-element_type=\"container\" data-e-type=\"container\">\n\t\t\t\t<div class=\"elementor-element elementor-element-114660a elementor-widget elementor-widget-text-editor\" data-id=\"114660a\" data-element_type=\"widget\" data-e-type=\"widget\" data-widget_type=\"text-editor.default\">\n\t\t\t\t\t\t\t\t\t<p><strong>Nov\u00e9 budovy a&nbsp;v\u00fdz\u00adnam\u00adn\u00e9 rekonstrukce<\/strong><\/p><ul><li><strong>&nbsp;<\/strong><strong>New Con\u00adstruc\u00adtion<\/strong>&nbsp;\u2013 kancel\u00e1\u0159sk\u00e9, pr\u016fmyslov\u00e9, rezi\u00adden\u010dn\u00ed do 4&nbsp;pater, sm\u00ed\u0161en\u00e9 budovy v&nbsp;celkov\u00e9m prove\u00adden\u00ed budovy<\/li><li><strong>Core and Shell<\/strong>&nbsp;\u2013 kancel\u00e1\u0159sk\u00e9, sm\u00ed\u0161en\u00e9 budovy ve speku\u00adla\u00adtivn\u00edm prove\u00adden\u00ed pro n\u00e1jem\u00adn\u00ed zp\u016fsob<\/li><li><strong>Retail&nbsp;<\/strong>\u2013 obchod\u00adn\u00ed budovy<\/li><li><strong>Com\u00admer\u00adcial inte\u00adri\u00adors<\/strong>&nbsp;\u2013 kancel\u00e1\u0159sk\u00e9 a&nbsp;obchod\u00adn\u00ed prove\u00adden\u00ed fit-out\u016f<\/li><li><strong>Schools<\/strong>&nbsp;\u2013 \u0161kol\u00adsk\u00e1 za\u0159\u00edzen\u00ed<\/li><li><strong>Health\u00adcare<\/strong>&nbsp;\u2013 za\u0159\u00edzen\u00ed zdravot\u00adn\u00ed&nbsp;p\u00e9\u010de<\/li><li><strong>Dat\u00ada\u00adcen\u00adtres<\/strong>&nbsp;\u2013 datacentra<\/li><li><strong>Ware\u00adhous\u00ades and Dis\u00adtri\u00adb\u00adu\u00adtion Cen\u00adters<\/strong>&nbsp;\u2013 logi\u00adstick\u00e9 stavby<\/li><li><strong>Hos\u00adpi\u00adtal\u00adi\u00adty<\/strong>&nbsp;\u2013 uby\u00adto\u00advac\u00ed za\u0159\u00edzen\u00ed<\/li><li><a href=\"https:\/\/novy.leed.cz\/index.php\/neighborhood-development\/\" target=\"_blank\" rel=\"noopener\"><strong>Neigh\u00adbor\u00adhood Devel\u00adop\u00adment<\/strong>&nbsp;\u2013 urban\u00adi\u00adstick\u00e9 celky<\/a><\/li><\/ul><p><strong>Exis\u00adtu\u00adj\u00edc\u00ed budovy<\/strong><\/p><ul><li><strong>EB:OM<\/strong>&nbsp;\u2013 ve\u0161k\u00ader\u00e9 stav\u00adby v\u00fd\u0161e uveden\u00e9<\/li><\/ul>\t\t\t\t\t\t\t\t<\/div>\n\t\t\t\t<\/div>\n\t\t\t\t\t<\/div>\n\t\t\t\t<\/div>\n\t\t<div class=\"elementor-element elementor-element-10c2eb9 e-flex e-con-boxed e-con e-parent\" data-id=\"10c2eb9\" data-element_type=\"container\" data-e-type=\"container\">\n\t\t\t\t\t<div class=\"e-con-inner\">\n\t\t<div class=\"elementor-element elementor-element-944e706 e-con-full e-flex e-con e-child\" data-id=\"944e706\" data-element_type=\"container\" data-e-type=\"container\">\n\t\t\t\t<div class=\"elementor-element elementor-element-e7d2d9d elementor-widget elementor-widget-heading\" data-id=\"e7d2d9d\" data-element_type=\"widget\" data-e-type=\"widget\" data-widget_type=\"heading.default\">\n\t\t\t\t\t<h2 class=\"elementor-heading-title elementor-size-default\">EkoWATT nab\u00edz\u00ed kompletn\u00ed slu\u017eby p\u0159i certifikac\u00edch BREEAM na&nbsp;kl\u00ed\u010d.<\/h2>\t\t\t\t<\/div>\n\t\t\t\t<\/div>\n\t\t<div class=\"elementor-element elementor-element-63d3a19 e-con-full e-flex e-con e-child\" data-id=\"63d3a19\" data-element_type=\"container\" data-e-type=\"container\">\n\t\t\t\t<div class=\"elementor-element elementor-element-dd8ac25 elementor-widget elementor-widget-text-editor\" data-id=\"dd8ac25\" data-element_type=\"widget\" data-e-type=\"widget\" data-widget_type=\"text-editor.default\">\n\t\t\t\t\t\t\t\t\t<ul><li>M\u00e1me ve sv\u00e9m t\u00fdmu&nbsp;3&nbsp;konzul\u00adtan\u00adty s&nbsp;tit\u00adulem LEED Accred\u00adit\u00aded&nbsp;Proffe\u00adsion\u00adal, 2&nbsp;konzul\u00adtan\u00adty s&nbsp;v\u00edcen\u00e1\u00adsob\u00adnou akred\u00adi\u00adtac\u00ed a&nbsp;1 konzul\u00adtan\u00adta s&nbsp;tit\u00adulem LEED Green&nbsp;Associate.<\/li><li>M\u00e1me pro\u0161kolen\u00e9 odborn\u00edky na ener\u00adget\u00adick\u00e9 dynam\u00adick\u00e9&nbsp;simulace.<\/li><li>Ve\u0161k\u00ader\u00e9 zpra\u00adcov\u00ad\u00e1n\u00ed kred\u00adit\u016f m\u00e1te pod jed\u00adnou st\u0159e\u00adchou. Mimo ener\u00adget\u00adick\u00e9 sim\u00adu\u00adlace nab\u00edz\u00edme vypra\u00adcov\u00ad\u00e1n\u00ed v\u00fdpo\u010dt\u016f hospo\u00adda\u0159en\u00ed s&nbsp;pit\u00adnou a&nbsp;de\u0161\u0165ovou vodou, n\u00e1vrhov\u00e9ho mno\u017estv\u00ed vzduchu, tepel\u00adn\u00e9ho kom\u00adfor\u00adtu, sim\u00adu\u00adlace den\u00adn\u00edho osv\u011btlen\u00ed a&nbsp;v\u00fdh\u00adle\u00addov\u00fdch pom\u011br\u016f. Zpra\u00adcov\u00ad\u00e1v\u00e1me pl\u00e1ny pro\u00adtierozn\u00edch a&nbsp;sed\u00adi\u00admen\u00adta\u010dn\u00edch opat\u0159en\u00ed, staveb\u00adn\u00edho odpadov\u00e9ho hospod\u00e1\u0159stv\u00ed, kval\u00adi\u00adty vnit\u0159n\u00edho prost\u0159ed\u00ed b\u011bhem v\u00fds\u00adtav\u00adby a&nbsp;mno\u00adho dal\u0161\u00edho.<\/li><li>Opro\u00adti zahrani\u010dn\u00edm konzul\u00adtan\u00adt\u016fm&nbsp;snad\u00adno komu\u00adniku\u00adjeme&nbsp;s&nbsp;klien\u00adtem, s&nbsp;pro\u00adjek\u00adtan\u00adty i&nbsp;s doda\u00advatelem stavby.<\/li><li>Nab\u00edz\u00edme \u0161irok\u00e9 ref\u00ader\u00adence a&nbsp;prak\u00adtick\u00e9 zku\u0161enosti.<\/li><li>Um\u00edme naj\u00edt neje\u00adfek\u00adtivn\u011bj\u0161\u00ed ces\u00adtu k&nbsp;pot\u0159eb\u00adn\u00e9\u00admu bodov\u00e9\u00admu&nbsp;ohodnocen\u00ed.<\/li><li>Posky\u00adtu\u00adjeme v\u00fdk\u00adla\u00addy k&nbsp;sou\u00advise\u00adj\u00edc\u00edm nor\u00adm\u00e1m a&nbsp;po\u017eadavk\u016fm.<\/li><li>M\u00e1me zave\u00adde\u00adno ISO&nbsp;9001, ISO&nbsp;14001 man\u00adage\u00adment sys\u00adt\u00e9\u00admu&nbsp;envi\u00adron\u00admen\u00adt\u00e1l\u00adn\u00ed ochrany a&nbsp;poji\u0161t\u011bn\u00ed odpov\u011bd\u00adnos\u00adti na&nbsp;36 mil.&nbsp;K\u010d.<\/li><li>Jsme \u010dlen\u00adem USGBC, co\u017e p\u0159in\u00e1\u0161\u00ed 20% sle\u00advu na reg\u00adis\u00adtra\u010dn\u00ed&nbsp;a&nbsp;cer\u00adti\u00adfika\u010dn\u00ed poplatky hrazen\u00e9 na\u0161i\u00admi klienty.<\/li><li>Jsme zak\u00adl\u00e1\u00adda\u00adj\u00edc\u00ed \u010dlen \u010cesk\u00e9 rady pro \u0161etrn\u00e9 budovy a&nbsp;\u010dlen sdru\u017een\u00ed Cen\u00adtrum pasivn\u00edho&nbsp;domu.<\/li><li>Na\u0161i konzul\u00adtan\u00adti vedou pra\u00adcov\u00adn\u00ed pra\u00adcov\u00adn\u00ed skupinu LEED, jsou nomi\u00adno\u00advan\u00ed jako reprezen\u00adtati \u010cR pro v\u00fdvoj cer\u00adti\u00adfikace LEED p\u0159i LEED Inter\u00adna\u00adtion\u00adal Roundtable.<\/li><\/ul>\t\t\t\t\t\t\t\t<\/div>\n\t\t\t\t<\/div>\n\t\t\t\t\t<\/div>\n\t\t\t\t<\/div>\n\t\t<div class=\"elementor-element elementor-element-5ad1fe8 e-flex e-con-boxed e-con e-parent\" data-id=\"5ad1fe8\" data-element_type=\"container\" data-e-type=\"container\">\n\t\t\t\t\t<div class=\"e-con-inner\">\n\t\t<div class=\"elementor-element elementor-element-6b0e09e e-con-full e-flex e-con e-child\" data-id=\"6b0e09e\" data-element_type=\"container\" data-e-type=\"container\">\n\t\t\t\t<div class=\"elementor-element elementor-element-d1d417a elementor-widget elementor-widget-heading\" data-id=\"d1d417a\" data-element_type=\"widget\" data-e-type=\"widget\" data-widget_type=\"heading.default\">\n\t\t\t\t\t<h2 class=\"elementor-heading-title elementor-size-default\">Dal\u0161\u00ed specifika<\/h2>\t\t\t\t<\/div>\n\t\t\t\t<\/div>\n\t\t<div class=\"elementor-element elementor-element-4f0f6eb e-con-full e-flex e-con e-child\" data-id=\"4f0f6eb\" data-element_type=\"container\" data-e-type=\"container\">\n\t\t\t\t<div class=\"elementor-element elementor-element-7b7a2ca elementor-widget elementor-widget-text-editor\" data-id=\"7b7a2ca\" data-element_type=\"widget\" data-e-type=\"widget\" data-widget_type=\"text-editor.default\">\n\t\t\t\t\t\t\t\t\t<p>Speci\u00adfikem LEED jako glob\u00e1l\u00adn\u00edho sys\u00adt\u00e9\u00admu je nut\u00adnost spln\u011bn\u00ed n\u011bk\u00adter\u00fdch po\u017ea\u00addavk\u016f, kter\u00e9 jsou v\u00e1z\u00e1ny na US normy ASHRAE. Tyto po\u017ea\u00addavky jsou v\u011bt\u0161i\u00adnou snad\u00adno splnitel\u00adn\u00e9, pro\u00adto\u017ee evrop\u00adsk\u00e9 normy jsou podob\u00adn\u011b p\u0159\u00eds\u00adn\u00e9, ale v&nbsp;n\u011bk\u00adter\u00fdch speci\u00adfick\u00ad\u00fdch bodech je nut\u00adno v\u011bno\u00advat pro\u00adjek\u00adtu zv\u00fd\u0161e\u00adnou pozornost. LEED konzul\u00adtant mus\u00ed pro\u00adjek\u00adtan\u00adty podrob\u00adn\u011b sezn\u00e1mit s&nbsp;ve\u0161k\u00ader\u00fd\u00admi detail\u00adn\u00ed\u00admi po\u017ea\u00addavky, aby byly v&nbsp;pro\u00adjek\u00adtu zahrnu\u00adty oprav\u00addu v\u0161ech\u00adny. Nedo\u00addr\u017een\u00ed toho\u00adto pos\u00adtupu m\u016f\u017ee v\u00e9st k&nbsp;vylou\u010den\u00ed certifikace.<\/p><p>Krom\u011b norem ASHRAE je nut\u00adno v\u011bno\u00advat pozornost tzv. Pre-req\u00adui\u00adsts, tj. nut\u00adn\u00fdm po\u017ea\u00addavk\u016fm. V\u0161ech\u00adny jsou op\u011bt splnitel\u00adn\u00e9, ale je t\u0159e\u00adba se jim pozorn\u011b v\u011bnovat.<\/p>\t\t\t\t\t\t\t\t<\/div>\n\t\t\t\t<div class=\"elementor-element elementor-element-4d17559 elementor-widget elementor-widget-text-editor\" data-id=\"4d17559\" data-element_type=\"widget\" data-e-type=\"widget\" data-widget_type=\"text-editor.default\">\n\t\t\t\t\t\t\t\t\t<p>Krom\u011b povin\u00adn\u00fdch po\u017ea\u00addavk\u016f jsou v&nbsp;LEED tzv. kred\u00adi\u00adty, za kter\u00e9 z\u00edsk\u00e1v\u00e1 pro\u00adjekt bodov\u00e9 ohod\u00adno\u00adcen\u00ed. Kred\u00adi\u00adty jsou soust\u0159ed\u011bny do n\u00e1sle\u00addu\u00adj\u00edc\u00edch kategori\u00ed:<\/p><ul><li>Udr\u017eitel\u00adn\u00e1 lokalita<\/li><li>Hospo\u00adda\u0159en\u00ed s&nbsp;pit\u00adnou vodou<\/li><li>Energie a&nbsp;atmosf\u00e9ra<\/li><li>Mater\u00adi\u00e1\u00adly a&nbsp;zdroje<\/li><li>Kvali\u00adta vnit\u0159n\u00edho prost\u0159ed\u00ed<\/li><li>Ino\u00advace v&nbsp;n\u00e1vrhu<\/li><li>Region\u00e1l\u00adn\u00ed priority<\/li><\/ul><p>Celkem je v&nbsp;t\u011bch\u00adto kat\u00ade\u00adgori\u00edch mo\u017eno z\u00edskat 100 z\u00e1k\u00adlad\u00adn\u00edch a&nbsp;10 pr\u00e9miov\u00fdch bod\u016f, p\u0159i\u010dem\u017e n\u011bk\u00adter\u00e9 body jsou ale z&nbsp;prin\u00adcipu pro\u00adjek\u00adtu nedos\u00adtup\u00adn\u00e9 (nap\u0159. vyu\u017eit\u00ed exis\u00adtu\u00adj\u00edc\u00edch kon\u00adstrukc\u00ed nen\u00ed mo\u017en\u00e9 u&nbsp;nov\u011b stav\u011bn\u00e9 budovy).<\/p><p>LEED konzul\u00adtant a&nbsp;pro\u00adjek\u00adtov\u00fd t\u00fdm pod\u00e1\u00adva\u00adj\u00ed b\u011bhem pro\u00adjek\u00adtov\u00e1n\u00ed a&nbsp;b\u011bhem v\u00fds\u00adtav\u00adby d\u016fkazy o&nbsp;napln\u011bn\u00ed kred\u00adit\u016f pomoc\u00ed on-line sys\u00adt\u00e9\u00admu. V&nbsp;okam\u017eiku dokon\u010den\u00ed prov\u00e1d\u011bc\u00ed doku\u00admen\u00adtace provede cer\u00adti\u00adfika\u010dn\u00ed autori\u00adta (GBCI) v&nbsp;USA kon\u00adtrolu, tzv. Design Review a&nbsp;ud\u011bl\u00ed body za n\u00e1vrh, po dokon\u010den\u00ed stav\u00adby je prove\u00adde\u00adna kon\u00adtro\u00adla kred\u00adit\u016f spo\u00adjen\u00fdch s&nbsp;pro\u00adce\u00adsem v\u00fds\u00adtav\u00adby a&nbsp;v&nbsp;r\u00e1m\u00adci Con\u00adstruc\u00adtion Review jsou ud\u011ble\u00adny body za real\u00adiza\u00ad\u010dn\u00ed \u010d\u00e1st. Na z\u00e1k\u00adlad\u011b sou\u010d\u00adtu bod\u016f je ud\u011ble\u00adna z\u00e1v\u011bre\u010dn\u00e1 cer\u00adti\u00adfikace. U&nbsp;pro\u00adjek\u00adt\u016f typu Core and Shell, kde nen\u00ed zn\u00e1m budouc\u00ed u\u017ei\u00adva\u00adtel, exis\u00adtu\u00adje tzv. Pre\u00adcer\u00adti\u00adfikace na z\u00e1k\u00adlad\u011b z\u00e1vazk\u016f vlast\u00adn\u00ed\u00adka pro\u00adjek\u00adtu k&nbsp;ur\u010dit\u00fdm vlast\u00adnos\u00adtem pro\u00adjek\u00adtu. D\u016fvo\u00addem je mar\u00adketingov\u00fd argu\u00adment k&nbsp;z\u00edsk\u00e1n\u00ed n\u00e1jem\u00adc\u016f je\u0161t\u011b p\u0159ed dokon\u010den\u00edm projektu.<\/p>\t\t\t\t\t\t\t\t<\/div>\n\t\t\t\t<\/div>\n\t\t\t\t\t<\/div>\n\t\t\t\t<\/div>\n\t\t<div class=\"elementor-element elementor-element-3798fefd e-flex e-con-boxed e-con e-parent\" data-id=\"3798fefd\" data-element_type=\"container\" data-e-type=\"container\" data-settings=\"{&quot;background_background&quot;:&quot;classic&quot;}\">\n\t\t\t\t\t<div class=\"e-con-inner\">\n\t\t<div class=\"elementor-element elementor-element-6e8cab5d e-con-full e-flex e-con e-child\" data-id=\"6e8cab5d\" data-element_type=\"container\" data-e-type=\"container\">\n\t\t\t\t<div class=\"elementor-element elementor-element-1b32c651 elementor-widget elementor-widget-heading\" data-id=\"1b32c651\" data-element_type=\"widget\" data-e-type=\"widget\" data-widget_type=\"heading.default\">\n\t\t\t\t\t<h2 class=\"elementor-heading-title elementor-size-default\">M\u00e1te z\u00e1jem o&nbsp;na\u0161e slu\u017eby?<\/h2>\t\t\t\t<\/div>\n\t\t\t\t<div class=\"elementor-element elementor-element-7b42ba24 elementor-widget elementor-widget-text-editor\" data-id=\"7b42ba24\" data-element_type=\"widget\" data-e-type=\"widget\" data-widget_type=\"text-editor.default\">\n\t\t\t\t\t\t\t\t\t<p>Napi\u0161te n\u00e1m nebo zav\u00adole\u00adjte, r\u00e1di V\u00e1m pom\u016f\u017eeme.<\/p>\t\t\t\t\t\t\t\t<\/div>\n\t\t\t\t<div class=\"elementor-element elementor-element-5ad1b01b elementor-widget__width-auto elementor-align-center elementor-widget elementor-widget-button\" data-id=\"5ad1b01b\" data-element_type=\"widget\" data-e-type=\"widget\" data-widget_type=\"button.default\">\n\t\t\t\t\t\t\t\t\t\t<a class=\"elementor-button elementor-button-link elementor-size-sm elementor-animation-grow\" href=\"https:\/\/ekowatt.cz\/index.php\/kontakt\/\" target=\"_blank\">\n\t\t\t\t\t\t<span class=\"elementor-button-content-wrapper\">\n\t\t\t\t\t\t\t\t\t<span class=\"elementor-button-text\">Kon\u00adtak\u00adtu\u00adjte&nbsp;n\u00e1s<\/span>\n\t\t\t\t\t<\/span>\n\t\t\t\t\t<\/a>\n\t\t\t\t\t\t\t\t<\/div>\n\t\t\t\t<\/div>\n\t\t\t\t\t<\/div>\n\t\t\t\t<\/div>\n\t\t\t\t<\/div>\n\t\t","protected":false},"excerpt":{"rendered":"<p>Cer\u00adti\u00adfikace LEED LEED je glob\u00e1l\u00adn\u011b uzn\u00e1\u00advan\u00e9 cer\u00adti\u00adfika\u010dn\u00ed sch\u00e9\u00adma s&nbsp;nejrych\u00adle\u00adji&nbsp;ros\u00adtouc\u00edm po\u010dtem cer\u00adti\u00adfikac\u00ed. Hod\u00adnot\u00ed budovu&nbsp;p\u0159i jej\u00edm&nbsp;vzniku&nbsp;(New Con\u00adstruc\u00adtion \u010di Core&amp;Shell) nebo&nbsp;p\u0159i pozd\u011bj\u0161\u00edm provozu&nbsp;(Exist\u00ading [\u2026]<\/p>\n","protected":false},"author":1,"featured_media":0,"parent":0,"menu_order":0,"comment_status":"closed","ping_status":"closed","template":"","meta":{"wp_typography_post_enhancements_disabled":false,"site-sidebar-layout":"no-sidebar","site-content-layout":"","ast-site-content-layout":"full-width-container","site-content-style":"default","site-sidebar-style":"default","ast-global-header-display":"","ast-banner-title-visibility":"","ast-main-header-display":"","ast-hfb-above-header-display":"","ast-hfb-below-header-display":"","ast-hfb-mobile-header-display":"","site-post-title":"","ast-breadcrumbs-content":"","ast-featured-img":"disabled","footer-sml-layout":"","ast-disable-related-posts":"","theme-transparent-header-meta":"","adv-header-id-meta":"","stick-header-meta":"","header-above-stick-meta":"","header-main-stick-meta":"","header-below-stick-meta":"","astra-migrate-meta-layouts":"default","ast-page-background-enabled":"default","ast-page-background-meta":{"desktop":{"background-color":"var(--ast-global-color-5)","background-image":"","background-repeat":"repeat","background-position":"center center","background-size":"auto","background-attachment":"scroll","background-type":"","background-media":"","overlay-type":"","overlay-color":"","overlay-opacity":"","overlay-gradient":""},"tablet":{"background-color":"","background-image":"","background-repeat":"repeat","background-position":"center center","background-size":"auto","background-attachment":"scroll","background-type":"","background-media":"","overlay-type":"","overlay-color":"","overlay-opacity":"","overlay-gradient":""},"mobile":{"background-color":"","background-image":"","background-repeat":"repeat","background-position":"center center","background-size":"auto","background-attachment":"scroll","background-type":"","background-media":"","overlay-type":"","overlay-color":"","overlay-opacity":"","overlay-gradient":""}},"ast-content-background-meta":{"desktop":{"background-color":"var(--ast-global-color-4)","background-image":"","background-repeat":"repeat","background-position":"center center","background-size":"auto","background-attachment":"scroll","background-type":"","background-media":"","overlay-type":"","overlay-color":"","overlay-opacity":"","overlay-gradient":""},"tablet":{"background-color":"var(--ast-global-color-4)","background-image":"","background-repeat":"repeat","background-position":"center center","background-size":"auto","background-attachment":"scroll","background-type":"","background-media":"","overlay-type":"","overlay-color":"","overlay-opacity":"","overlay-gradient":""},"mobile":{"background-color":"var(--ast-global-color-4)","background-image":"","background-repeat":"repeat","background-position":"center center","background-size":"auto","background-attachment":"scroll","background-type":"","background-media":"","overlay-type":"","overlay-color":"","overlay-opacity":"","overlay-gradient":""}},"footnotes":""},"class_list":["post-228","page","type-page","status-publish","hentry"],"_links":{"self":[{"href":"https:\/\/leed.cz\/index.php\/wp-json\/wp\/v2\/pages\/228","targetHints":{"allow":["GET"]}}],"collection":[{"href":"https:\/\/leed.cz\/index.php\/wp-json\/wp\/v2\/pages"}],"about":[{"href":"https:\/\/leed.cz\/index.php\/wp-json\/wp\/v2\/types\/page"}],"author":[{"embeddable":true,"href":"https:\/\/leed.cz\/index.php\/wp-json\/wp\/v2\/users\/1"}],"replies":[{"embeddable":true,"href":"https:\/\/leed.cz\/index.php\/wp-json\/wp\/v2\/comments?post=228"}],"version-history":[{"count":34,"href":"https:\/\/leed.cz\/index.php\/wp-json\/wp\/v2\/pages\/228\/revisions"}],"predecessor-version":[{"id":815,"href":"https:\/\/leed.cz\/index.php\/wp-json\/wp\/v2\/pages\/228\/revisions\/815"}],"wp:attachment":[{"href":"https:\/\/leed.cz\/index.php\/wp-json\/wp\/v2\/media?parent=228"}],"curies":[{"name":"wp","href":"https:\/\/api.w.org\/{rel}","templated":true}]}}