{"id":230,"date":"2025-12-02T12:39:50","date_gmt":"2025-12-02T12:39:50","guid":{"rendered":"https:\/\/novy.leed.cz\/?page_id=230"},"modified":"2026-02-23T16:35:43","modified_gmt":"2026-02-23T16:35:43","slug":"certifikace-breeam","status":"publish","type":"page","link":"https:\/\/leed.cz\/index.php\/certifikace-breeam\/","title":{"rendered":"Certifikace BREEAM"},"content":{"rendered":"\t\t<div data-elementor-type=\"wp-page\" data-elementor-id=\"230\" class=\"elementor elementor-230\">\n\t\t\t\t<div class=\"elementor-element elementor-element-4b8fe40c e-flex e-con-boxed e-con e-parent\" data-id=\"4b8fe40c\" data-element_type=\"container\" data-e-type=\"container\" data-settings=\"{&quot;background_background&quot;:&quot;classic&quot;}\">\n\t\t\t\t\t<div class=\"e-con-inner\">\n\t\t\t\t<div class=\"elementor-element elementor-element-6f0d2b90 elementor-widget elementor-widget-heading\" data-id=\"6f0d2b90\" data-element_type=\"widget\" data-e-type=\"widget\" data-widget_type=\"heading.default\">\n\t\t\t\t\t<h1 class=\"elementor-heading-title elementor-size-default\">Certifikace BREEAM\n<\/h1>\t\t\t\t<\/div>\n\t\t\t\t\t<\/div>\n\t\t\t\t<\/div>\n\t\t<div class=\"elementor-element elementor-element-39d301e9 e-flex e-con-boxed e-con e-parent\" data-id=\"39d301e9\" data-element_type=\"container\" data-e-type=\"container\">\n\t\t\t\t\t<div class=\"e-con-inner\">\n\t\t<div class=\"elementor-element elementor-element-65395957 e-con-full e-flex e-con e-child\" data-id=\"65395957\" data-element_type=\"container\" data-e-type=\"container\">\n\t\t\t\t<div class=\"elementor-element elementor-element-cf73dc0 elementor-widget elementor-widget-image\" data-id=\"cf73dc0\" data-element_type=\"widget\" data-e-type=\"widget\" data-widget_type=\"image.default\">\n\t\t\t\t\t\t\t\t\t\t\t\t\t\t\t<img fetchpriority=\"high\" decoding=\"async\" width=\"549\" height=\"549\" src=\"https:\/\/leed.cz\/wp-content\/uploads\/2025\/12\/breeam1.jpg\" class=\"attachment-large size-large wp-image-242\" alt srcset=\"https:\/\/leed.cz\/wp-content\/uploads\/2025\/12\/breeam1.jpg 549w, https:\/\/leed.cz\/wp-content\/uploads\/2025\/12\/breeam1-300x300.jpg 300w, https:\/\/leed.cz\/wp-content\/uploads\/2025\/12\/breeam1-150x150.jpg 150w\" sizes=\"(max-width: 549px) 100vw, 549px\">\t\t\t\t\t\t\t\t\t\t\t\t\t\t\t<\/div>\n\t\t\t\t<\/div>\n\t\t<div class=\"elementor-element elementor-element-7b45b77f e-con-full e-flex e-con e-child\" data-id=\"7b45b77f\" data-element_type=\"container\" data-e-type=\"container\">\n\t\t\t\t<div class=\"elementor-element elementor-element-4eb96ab elementor-widget elementor-widget-text-editor\" data-id=\"4eb96ab\" data-element_type=\"widget\" data-e-type=\"widget\" data-widget_type=\"text-editor.default\">\n\t\t\t\t\t\t\t\t\t<p>CERTIFIKACE BREEAM je&nbsp;<strong>glob\u00e1l\u00adn\u011b roz\u0161\u00ed\u0159en\u00fd&nbsp;brit\u00adsk\u00fd sys\u00adt\u00e9m<\/strong>. BREEAM se mimo Brit\u00e1nii pou\u017e\u00edv\u00e1 ve&nbsp;for\u00adm\u00e1\u00adtu BREEAM Inter\u00adna\u00adtion\u00adal, kter\u00fd pokr\u00fdv\u00e1 t\u0159i sek\u00adto\u00adry:&nbsp;<strong>budovy admin\u00adis\u00adtra\u00adtivn\u00ed<\/strong>,&nbsp;<strong>obchod\u00adn\u00ed<\/strong>,&nbsp;<strong>pr\u016fmyslov\u00e9 a&nbsp;rezi\u00adden\u010dn\u00ed<\/strong>, pro&nbsp;ostat\u00adn\u00ed p\u0159\u00ed\u00adpady se stanovu\u00adj\u00ed indi\u00advidu\u00e1l\u00adn\u00ed r\u00e1m\u00adce.&nbsp;Cer\u00adti\u00adfikace hod\u00adnot\u00ed dopad na okol\u00ed, spot\u0159e\u00adby vody&nbsp;a&nbsp;energie, pou\u017eit\u00e9 mater\u00adi\u00e1\u00adly, kval\u00adi\u00adtu vnit\u0159n\u00edho prost\u0159ed\u00ed&nbsp;a&nbsp;u\u017ei\u00adva\u00adtel\u00adsk\u00e9 kval\u00adi\u00adty nut\u00adn\u00e9 pro efek\u00adtivn\u00ed pr\u00e1ci.<\/p><p>BREEAM je pln\u011b apliko\u00advatel\u00adn\u00fd do prost\u0159ed\u00ed Evropy d\u00edky n\u00e1vaznos\u00adti na evrop\u00adsk\u00e9 normy a&nbsp;na ref\u00ader\u00aden\u010dn\u00ed stan\u00addardy ur\u010den\u00e9 pro v\u0161ech\u00adny evrop\u00adsk\u00e9 st\u00e1\u00adty v\u010det\u00adn\u011b \u010cR. Opro\u00adti cer\u00adti\u00adfikaci LEED je for\u00adm\u00e1l\u00adn\u011bj\u0161\u00ed a&nbsp;admin\u00adis\u00adtra\u00adtivn\u011b n\u00e1ro\u010dn\u011bj\u0161\u00ed. Obsa\u00adhov\u011b je LEED a&nbsp;BREEAM srov\u00adnatel\u00adn\u00fd pro nov\u00e9 budovy, pro budovy st\u00e1\u00adva\u00adj\u00edc\u00ed jde naopak o&nbsp;zcela odli\u0161n\u00fd syst\u00e9m.<\/p>\t\t\t\t\t\t\t\t<\/div>\n\t\t\t\t<\/div>\n\t\t\t\t\t<\/div>\n\t\t\t\t<\/div>\n\t\t<div class=\"elementor-element elementor-element-44c1c9f3 e-flex e-con-boxed e-con e-parent\" data-id=\"44c1c9f3\" data-element_type=\"container\" data-e-type=\"container\">\n\t\t\t\t\t<div class=\"e-con-inner\">\n\t\t<div class=\"elementor-element elementor-element-544c49ce e-con-full e-flex e-con e-child\" data-id=\"544c49ce\" data-element_type=\"container\" data-e-type=\"container\">\n\t\t\t\t<div class=\"elementor-element elementor-element-33881ad9 elementor-widget elementor-widget-heading\" data-id=\"33881ad9\" data-element_type=\"widget\" data-e-type=\"widget\" data-widget_type=\"heading.default\">\n\t\t\t\t\t<h2 class=\"elementor-heading-title elementor-size-default\">Co lze certifikovat v&nbsp;Evrop\u011b?<\/h2>\t\t\t\t<\/div>\n\t\t\t\t<\/div>\n\t\t<div class=\"elementor-element elementor-element-6bbc2824 e-con-full e-flex e-con e-child\" data-id=\"6bbc2824\" data-element_type=\"container\" data-e-type=\"container\">\n\t\t\t\t<div class=\"elementor-element elementor-element-fb05309 elementor-widget elementor-widget-text-editor\" data-id=\"fb05309\" data-element_type=\"widget\" data-e-type=\"widget\" data-widget_type=\"text-editor.default\">\n\t\t\t\t\t\t\t\t\t<p><strong>Nov\u00e9 budovy a&nbsp;v\u00fdz\u00adnam\u00adn\u00e9 rekon\u00adstrukce ve sch\u00e9\u00admatu Inter\u00adna\u00adtion\u00adal New Construction<\/strong><\/p><ul><li>\u00dapln\u00e1 \u010di speku\u00adla\u00adtivn\u00ed v\u00fdstavba<\/li><li>Kancel\u00e1\u0159sk\u00e9 budovy, obchod\u00adn\u00ed, pr\u016fmyslov\u00e9,<\/li><li>Komu\u00adnit\u00adn\u00ed, uby\u00adto\u00advac\u00ed, ve\u0159ejn\u00e9<\/li><li>Rezi\u00adden\u010dn\u00ed bez omezen\u00ed<\/li><\/ul><p><strong>Exis\u00adtu\u00adj\u00edc\u00ed budovy ve sch\u00e9\u00admatu In-Use<\/strong><\/p><ul><li>V\u0161e v\u00fd\u0161e uveden\u00e9<\/li><\/ul>\t\t\t\t\t\t\t\t<\/div>\n\t\t\t\t<\/div>\n\t\t\t\t\t<\/div>\n\t\t\t\t<\/div>\n\t\t<div class=\"elementor-element elementor-element-8b7cd34 e-flex e-con-boxed e-con e-parent\" data-id=\"8b7cd34\" data-element_type=\"container\" data-e-type=\"container\">\n\t\t\t\t\t<div class=\"e-con-inner\">\n\t\t<div class=\"elementor-element elementor-element-7d7e88ce e-con-full e-flex e-con e-child\" data-id=\"7d7e88ce\" data-element_type=\"container\" data-e-type=\"container\">\n\t\t\t\t<div class=\"elementor-element elementor-element-14309db elementor-widget elementor-widget-heading\" data-id=\"14309db\" data-element_type=\"widget\" data-e-type=\"widget\" data-widget_type=\"heading.default\">\n\t\t\t\t\t<h2 class=\"elementor-heading-title elementor-size-default\">EkoWATT nab\u00edz\u00ed kompletn\u00ed slu\u017eby p\u0159i certifikac\u00edch BREEAM na&nbsp;kl\u00ed\u010d.<\/h2>\t\t\t\t<\/div>\n\t\t\t\t<\/div>\n\t\t<div class=\"elementor-element elementor-element-5877aa7c e-con-full e-flex e-con e-child\" data-id=\"5877aa7c\" data-element_type=\"container\" data-e-type=\"container\">\n\t\t\t\t<div class=\"elementor-element elementor-element-4a4b399 elementor-widget elementor-widget-text-editor\" data-id=\"4a4b399\" data-element_type=\"widget\" data-e-type=\"widget\" data-widget_type=\"text-editor.default\">\n\t\t\t\t\t\t\t\t\t<ul><li>M\u00e1me ve sv\u00e9m t\u00fdmu 2&nbsp;konzul\u00adtan\u00adty s&nbsp;tit\u00adulem BREEAM&nbsp;Inter\u00adna\u00adtion\u00adal Asses\u00adsor, BREEAM in Use Auditor.<\/li><li>M\u00e1me pro\u0161kolen\u00e9 odborn\u00edky na ener\u00adget\u00adick\u00e9 dynam\u00adick\u00e9&nbsp;sim\u00adu\u00adlace nebo pr\u016fkazy ener\u00adget\u00adick\u00e9 n\u00e1ro\u010dnos\u00adti budov.<\/li><li>Zajist\u00edme t\u00e9\u017e odborn\u00e9 studie a&nbsp;v\u00fdpo\u010d\u00adty pro BREEAM jako jsou: hod\u00adno\u00adcen\u00ed eko\u00adnom\u00adick\u00ad\u00e9ho cyk\u00adlu budovy (LCC), poten\u00adci\u00e1l p\u0159irozen\u00e9ho v\u011btr\u00e1n\u00ed, krit\u00e9ria pro tepel\u00adn\u00fd kom\u00adfort, v\u00fdpo\u010d\u00adty hospo\u00adda\u0159en\u00ed s&nbsp;pit\u00adnou a&nbsp;de\u0161\u0165ovou vodou, studie proveditel\u00adnos\u00adti obnovitel\u00adn\u00fdch a&nbsp;alter\u00adna\u00adtivn\u00edch zdro\u00adj\u016f, studie proveditel\u00adnos\u00adti \u00fasporn\u00fdch opat\u0159en\u00ed a&nbsp;reku\u00adper\u00adace energie, manu\u00e1\u00adly \u00faspor pro n\u00e1jem\u00adn\u00edky, dopravn\u00ed pl\u00e1n, slu\u017e\u00adby kval\u00adi\u00adfiko\u00advan\u00e9ho ekologa.<\/li><li>Opro\u00adti zahrani\u010dn\u00edm konzul\u00adtan\u00adt\u016fm snad\u00adno komu\u00adniku\u00adjeme&nbsp;s&nbsp;klien\u00adtem, s&nbsp;pro\u00adjek\u00adtan\u00adty i&nbsp;s doda\u00advatelem stavby.<\/li><li>Nab\u00edz\u00edme ref\u00ader\u00adence a&nbsp;prak\u00adtick\u00e9 zku\u0161enosti.<\/li><li>Um\u00edme naj\u00edt neje\u00adfek\u00adtivn\u011bj\u0161\u00ed ces\u00adtu k&nbsp;pot\u0159eb\u00adn\u00e9\u00admu bodov\u00e9\u00admu&nbsp;ohodnocen\u00ed.<\/li><li>Posky\u00adtu\u00adjeme v\u00fdk\u00adla\u00addy k&nbsp;sou\u00advise\u00adj\u00edc\u00edm nor\u00adm\u00e1m a&nbsp;po\u017eadavk\u016fm.<\/li><li>M\u00e1me zave\u00adde\u00adno ISO&nbsp;9001, ISO&nbsp;14001 man\u00adage\u00adment sys\u00adt\u00e9\u00admu&nbsp;envi\u00adron\u00admen\u00adt\u00e1l\u00adn\u00ed ochrany a&nbsp;poji\u0161t\u011bn\u00e9 odpov\u011bd\u00adnos\u00adti na&nbsp;36 mil.&nbsp;K\u010d.<\/li><li>Jsme zak\u00adl\u00e1\u00adda\u00adj\u00edc\u00ed \u010dlen \u010cesk\u00e9 rady pro \u0161etrn\u00e9 budovy a&nbsp;\u010dlen sdru\u017een\u00ed Cen\u00adtrum pasivn\u00edho&nbsp;domu.<\/li><li>Vzh\u00adle\u00addem k&nbsp;vlast\u00adn\u00edm hod\u00adnotitel\u016fm BREEAM mohou b\u00fdt&nbsp;v\u0161ech\u00adny pod\u00adkla\u00addy v\u010det\u00adn\u011b pro\u00adjek\u00adtov\u00e9 doku\u00admen\u00adtace pouze \u010de\u0161tin\u011b.<\/li><\/ul>\t\t\t\t\t\t\t\t<\/div>\n\t\t\t\t<\/div>\n\t\t\t\t\t<\/div>\n\t\t\t\t<\/div>\n\t\t<div class=\"elementor-element elementor-element-0e2231b e-flex e-con-boxed e-con e-parent\" data-id=\"0e2231b\" data-element_type=\"container\" data-e-type=\"container\" data-settings=\"{&quot;background_background&quot;:&quot;classic&quot;}\">\n\t\t\t\t\t<div class=\"e-con-inner\">\n\t\t<div class=\"elementor-element elementor-element-ff87449 e-con-full e-flex e-con e-child\" data-id=\"ff87449\" data-element_type=\"container\" data-e-type=\"container\">\n\t\t\t\t<div class=\"elementor-element elementor-element-4feb817 elementor-widget elementor-widget-heading\" data-id=\"4feb817\" data-element_type=\"widget\" data-e-type=\"widget\" data-widget_type=\"heading.default\">\n\t\t\t\t\t<h2 class=\"elementor-heading-title elementor-size-default\">M\u00e1te z\u00e1jem o&nbsp;na\u0161e slu\u017eby?<\/h2>\t\t\t\t<\/div>\n\t\t\t\t<div class=\"elementor-element elementor-element-9258344 elementor-widget elementor-widget-text-editor\" data-id=\"9258344\" data-element_type=\"widget\" data-e-type=\"widget\" data-widget_type=\"text-editor.default\">\n\t\t\t\t\t\t\t\t\t<p>Napi\u0161te n\u00e1m nebo zav\u00adole\u00adjte, r\u00e1di V\u00e1m pom\u016f\u017eeme.<\/p>\t\t\t\t\t\t\t\t<\/div>\n\t\t\t\t<div class=\"elementor-element elementor-element-56eec91 elementor-widget__width-auto elementor-align-center elementor-widget elementor-widget-button\" data-id=\"56eec91\" data-element_type=\"widget\" data-e-type=\"widget\" data-widget_type=\"button.default\">\n\t\t\t\t\t\t\t\t\t\t<a class=\"elementor-button elementor-button-link elementor-size-sm elementor-animation-grow\" href=\"https:\/\/ekowatt.cz\/index.php\/kontakt\/\" target=\"_blank\">\n\t\t\t\t\t\t<span class=\"elementor-button-content-wrapper\">\n\t\t\t\t\t\t\t\t\t<span class=\"elementor-button-text\">Kon\u00adtak\u00adtu\u00adjte&nbsp;n\u00e1s<\/span>\n\t\t\t\t\t<\/span>\n\t\t\t\t\t<\/a>\n\t\t\t\t\t\t\t\t<\/div>\n\t\t\t\t<\/div>\n\t\t\t\t\t<\/div>\n\t\t\t\t<\/div>\n\t\t\t\t<\/div>\n\t\t","protected":false},"excerpt":{"rendered":"<p>Cer\u00adti\u00adfikace BREEAM CERTIFIKACE BREEAM je&nbsp;glob\u00e1l\u00adn\u011b roz\u0161\u00ed\u0159en\u00fd&nbsp;brit\u00adsk\u00fd sys\u00adt\u00e9m. BREEAM se mimo Brit\u00e1nii pou\u017e\u00edv\u00e1 ve&nbsp;for\u00adm\u00e1\u00adtu BREEAM Inter\u00adna\u00adtion\u00adal, kter\u00fd pokr\u00fdv\u00e1 t\u0159i sek\u00adto\u00adry:&nbsp;budovy admin\u00adis\u00adtra\u00adtivn\u00ed,&nbsp;obchod\u00adn\u00ed,&nbsp;pr\u016fmyslov\u00e9&nbsp;[\u2026]<\/p>\n","protected":false},"author":1,"featured_media":0,"parent":0,"menu_order":0,"comment_status":"closed","ping_status":"closed","template":"","meta":{"wp_typography_post_enhancements_disabled":false,"site-sidebar-layout":"no-sidebar","site-content-layout":"","ast-site-content-layout":"full-width-container","site-content-style":"default","site-sidebar-style":"default","ast-global-header-display":"","ast-banner-title-visibility":"","ast-main-header-display":"","ast-hfb-above-header-display":"","ast-hfb-below-header-display":"","ast-hfb-mobile-header-display":"","site-post-title":"","ast-breadcrumbs-content":"","ast-featured-img":"disabled","footer-sml-layout":"","ast-disable-related-posts":"","theme-transparent-header-meta":"","adv-header-id-meta":"","stick-header-meta":"","header-above-stick-meta":"","header-main-stick-meta":"","header-below-stick-meta":"","astra-migrate-meta-layouts":"default","ast-page-background-enabled":"default","ast-page-background-meta":{"desktop":{"background-color":"var(--ast-global-color-5)","background-image":"","background-repeat":"repeat","background-position":"center center","background-size":"auto","background-attachment":"scroll","background-type":"","background-media":"","overlay-type":"","overlay-color":"","overlay-opacity":"","overlay-gradient":""},"tablet":{"background-color":"","background-image":"","background-repeat":"repeat","background-position":"center center","background-size":"auto","background-attachment":"scroll","background-type":"","background-media":"","overlay-type":"","overlay-color":"","overlay-opacity":"","overlay-gradient":""},"mobile":{"background-color":"","background-image":"","background-repeat":"repeat","background-position":"center center","background-size":"auto","background-attachment":"scroll","background-type":"","background-media":"","overlay-type":"","overlay-color":"","overlay-opacity":"","overlay-gradient":""}},"ast-content-background-meta":{"desktop":{"background-color":"var(--ast-global-color-4)","background-image":"","background-repeat":"repeat","background-position":"center center","background-size":"auto","background-attachment":"scroll","background-type":"","background-media":"","overlay-type":"","overlay-color":"","overlay-opacity":"","overlay-gradient":""},"tablet":{"background-color":"var(--ast-global-color-4)","background-image":"","background-repeat":"repeat","background-position":"center center","background-size":"auto","background-attachment":"scroll","background-type":"","background-media":"","overlay-type":"","overlay-color":"","overlay-opacity":"","overlay-gradient":""},"mobile":{"background-color":"var(--ast-global-color-4)","background-image":"","background-repeat":"repeat","background-position":"center center","background-size":"auto","background-attachment":"scroll","background-type":"","background-media":"","overlay-type":"","overlay-color":"","overlay-opacity":"","overlay-gradient":""}},"footnotes":""},"class_list":["post-230","page","type-page","status-publish","hentry"],"_links":{"self":[{"href":"https:\/\/leed.cz\/index.php\/wp-json\/wp\/v2\/pages\/230","targetHints":{"allow":["GET"]}}],"collection":[{"href":"https:\/\/leed.cz\/index.php\/wp-json\/wp\/v2\/pages"}],"about":[{"href":"https:\/\/leed.cz\/index.php\/wp-json\/wp\/v2\/types\/page"}],"author":[{"embeddable":true,"href":"https:\/\/leed.cz\/index.php\/wp-json\/wp\/v2\/users\/1"}],"replies":[{"embeddable":true,"href":"https:\/\/leed.cz\/index.php\/wp-json\/wp\/v2\/comments?post=230"}],"version-history":[{"count":31,"href":"https:\/\/leed.cz\/index.php\/wp-json\/wp\/v2\/pages\/230\/revisions"}],"predecessor-version":[{"id":812,"href":"https:\/\/leed.cz\/index.php\/wp-json\/wp\/v2\/pages\/230\/revisions\/812"}],"wp:attachment":[{"href":"https:\/\/leed.cz\/index.php\/wp-json\/wp\/v2\/media?parent=230"}],"curies":[{"name":"wp","href":"https:\/\/api.w.org\/{rel}","templated":true}]}}