{"id":232,"date":"2025-12-02T12:40:16","date_gmt":"2025-12-02T12:40:16","guid":{"rendered":"https:\/\/novy.leed.cz\/?page_id=232"},"modified":"2026-02-23T16:36:34","modified_gmt":"2026-02-23T16:36:34","slug":"certifikace-dgnb","status":"publish","type":"page","link":"https:\/\/leed.cz\/index.php\/certifikace-dgnb\/","title":{"rendered":"Certifikace DGNB"},"content":{"rendered":"\t\t<div data-elementor-type=\"wp-page\" data-elementor-id=\"232\" class=\"elementor elementor-232\">\n\t\t\t\t<div class=\"elementor-element elementor-element-eed5f82 e-flex e-con-boxed e-con e-parent\" data-id=\"eed5f82\" data-element_type=\"container\" data-e-type=\"container\" data-settings=\"{&quot;background_background&quot;:&quot;classic&quot;}\">\n\t\t\t\t\t<div class=\"e-con-inner\">\n\t\t\t\t<div class=\"elementor-element elementor-element-591c849d elementor-widget elementor-widget-heading\" data-id=\"591c849d\" data-element_type=\"widget\" data-e-type=\"widget\" data-widget_type=\"heading.default\">\n\t\t\t\t\t<h1 class=\"elementor-heading-title elementor-size-default\">Certifikace DGNB\n<\/h1>\t\t\t\t<\/div>\n\t\t\t\t\t<\/div>\n\t\t\t\t<\/div>\n\t\t<div class=\"elementor-element elementor-element-2eaeb358 e-flex e-con-boxed e-con e-parent\" data-id=\"2eaeb358\" data-element_type=\"container\" data-e-type=\"container\">\n\t\t\t\t\t<div class=\"e-con-inner\">\n\t\t<div class=\"elementor-element elementor-element-4ee7dead e-con-full e-flex e-con e-child\" data-id=\"4ee7dead\" data-element_type=\"container\" data-e-type=\"container\">\n\t\t\t\t<div class=\"elementor-element elementor-element-625d15e elementor-widget elementor-widget-image\" data-id=\"625d15e\" data-element_type=\"widget\" data-e-type=\"widget\" data-widget_type=\"image.default\">\n\t\t\t\t\t\t\t\t\t\t\t\t\t\t\t<img fetchpriority=\"high\" decoding=\"async\" width=\"394\" height=\"128\" src=\"https:\/\/leed.cz\/wp-content\/uploads\/2025\/11\/stazeny-soubor.jpg\" class=\"attachment-large size-large wp-image-125\" alt srcset=\"https:\/\/leed.cz\/wp-content\/uploads\/2025\/11\/stazeny-soubor.jpg 394w, https:\/\/leed.cz\/wp-content\/uploads\/2025\/11\/stazeny-soubor-300x97.jpg 300w\" sizes=\"(max-width: 394px) 100vw, 394px\">\t\t\t\t\t\t\t\t\t\t\t\t\t\t\t<\/div>\n\t\t\t\t<\/div>\n\t\t<div class=\"elementor-element elementor-element-bf477c9 e-con-full e-flex e-con e-child\" data-id=\"bf477c9\" data-element_type=\"container\" data-e-type=\"container\">\n\t\t\t\t<div class=\"elementor-element elementor-element-ccd9160 elementor-widget elementor-widget-text-editor\" data-id=\"ccd9160\" data-element_type=\"widget\" data-e-type=\"widget\" data-widget_type=\"text-editor.default\">\n\t\t\t\t\t\t\t\t\t<p>Cer\u00adti\u00adfikace&nbsp;DGNB (Deutche Gesell\u00adshaft f\u00fcr Nach\u00adhaltiges Bauen \u2013 N\u011bmeck\u00e1 rada pro \u0161etrnou v\u00fds\u00adtavbu) je druhou gen\u00ader\u00adac\u00ed cer\u00adti\u00adfika\u010dn\u00edch sys\u00adt\u00e9m\u016f.&nbsp; Cer\u00adti\u00adfika\u010dn\u00ed sys\u00adt\u00e9m je rozd\u011blen mezi t\u0159i pil\u00ed\u0159e&nbsp;<strong>enivi\u00adron\u00admen\u00adt\u00e1l\u00adn\u00ed krit\u00e9ria, eko\u00adnom\u00adick\u00e1 krit\u00e9ria a&nbsp;sociokul\u00adturn\u00ed a&nbsp;funk\u010dn\u00ed krit\u00e9ria<\/strong>, pr\u016f\u0159e\u00adzov\u011b se pak d\u00e1le hod\u00adnot\u00ed pro\u00adces\u00adn\u00ed a&nbsp;tech\u00adnick\u00e9 kval\u00adi\u00adty. Sys\u00adt\u00e9m je tak v&nbsp;souladu s&nbsp;dne\u0161n\u00edm ch\u00e1p\u00e1n\u00edm trvale udr\u017eitel\u00adn\u00e9ho rozvo\u00adje jako souladu eko\u00adlog\u00adick\u00ad\u00fdch, eko\u00adnom\u00adick\u00ad\u00fdch a&nbsp;soci\u00e1l\u00adn\u00edch pot\u0159eb. Sou\u00advis\u00adlosti budovy s&nbsp;jej\u00ed lokali\u00adtou se hod\u00adnot\u00ed, podob\u00adn\u011b jako u&nbsp;SB Tool, samostat\u00adn\u011b a&nbsp;nema\u00adj\u00ed vliv na celkov\u00fd v\u00fdsledek certifikace<\/p>\t\t\t\t\t\t\t\t<\/div>\n\t\t\t\t<div class=\"elementor-element elementor-element-d0e67a8 elementor-widget elementor-widget-text-editor\" data-id=\"d0e67a8\" data-element_type=\"widget\" data-e-type=\"widget\" data-widget_type=\"text-editor.default\">\n\t\t\t\t\t\t\t\t\t<p>Sys\u00adt\u00e9m DGNB je v&nbsp;mno\u00adh\u00e9m skute\u010dn\u011b nap\u0159ed opro\u00adti jin\u00fdm roz\u0161\u00ed\u0159en\u00fdm sys\u00adt\u00e9m\u016fm. Je skute\u010dn\u011b&nbsp;<strong>n\u011bmecky pre\u00adcizn\u00ed<\/strong>. M\u00e1 v&nbsp;sob\u011b&nbsp;<strong>robust\u00adn\u00ed a&nbsp;metod\u00adicky spr\u00e1vn\u00e9 hod\u00adno\u00adcen\u00ed celkov\u00e9ho \u017eiv\u00adot\u00adn\u00edho a&nbsp;eko\u00adnom\u00adick\u00ad\u00e9ho cyk\u00adlu budovy<\/strong>.&nbsp;<strong>Hod\u00adnot\u00ed celkov\u00e9 m\u011b\u0159itel\u00adn\u00e9 indik\u00e1\u00adto\u00adry, nevy\u017eadu\u00adje konkr\u00e9t\u00adn\u00ed opat\u0159en\u00ed<\/strong>. Kom\u00adplexnost m\u00e1 v\u0161ak i&nbsp;sv\u00e9&nbsp;<strong>nev\u00fdhody ve zv\u00fd\u0161en\u00e9 cen\u011b cer\u00adti\u00adfikace<\/strong>. Sys\u00adt\u00e9m tak\u00e9 v\u017edy bohu\u017eel nen\u00adab\u00edz\u00ed ucho\u00adpitel\u00adn\u00fd bonus pro v\u0161ech\u00adny zain\u00adtereso\u00advan\u00e9: vlast\u00adn\u00ed\u00adka, devel\u00adopera, n\u00e1jem\u00adn\u00ed\u00adka, spole\u010dnost. Hod\u00adno\u00adcen\u00ed krit\u00e9ri\u00ed ne v\u017edy vede k&nbsp;re\u00e1l\u00adn\u00e9\u00admu posunu budovy do vy\u0161\u0161\u00ed kvality.<\/p>\t\t\t\t\t\t\t\t<\/div>\n\t\t\t\t<\/div>\n\t\t\t\t\t<\/div>\n\t\t\t\t<\/div>\n\t\t<div class=\"elementor-element elementor-element-54042edd e-flex e-con-boxed e-con e-parent\" data-id=\"54042edd\" data-element_type=\"container\" data-e-type=\"container\">\n\t\t\t\t\t<div class=\"e-con-inner\">\n\t\t<div class=\"elementor-element elementor-element-261daa6f e-con-full e-flex e-con e-child\" data-id=\"261daa6f\" data-element_type=\"container\" data-e-type=\"container\">\n\t\t\t\t<div class=\"elementor-element elementor-element-3aac33f6 elementor-widget elementor-widget-heading\" data-id=\"3aac33f6\" data-element_type=\"widget\" data-e-type=\"widget\" data-widget_type=\"heading.default\">\n\t\t\t\t\t<h2 class=\"elementor-heading-title elementor-size-default\">Co lze certifikovat v&nbsp;Evrop\u011b?<\/h2>\t\t\t\t<\/div>\n\t\t\t\t<\/div>\n\t\t<div class=\"elementor-element elementor-element-31a5708a e-con-full e-flex e-con e-child\" data-id=\"31a5708a\" data-element_type=\"container\" data-e-type=\"container\">\n\t\t\t\t<div class=\"elementor-element elementor-element-baea542 elementor-widget elementor-widget-text-editor\" data-id=\"baea542\" data-element_type=\"widget\" data-e-type=\"widget\" data-widget_type=\"text-editor.default\">\n\t\t\t\t\t\t\t\t\t<p><strong>Nov\u00e9 budovy a&nbsp;rekonstrukce<\/strong><\/p><p>Mimo st\u00e1\u00adty s&nbsp;imple\u00admen\u00adtac\u00ed sys\u00adt\u00e9\u00admu DGNB jako je \u010cR, lze vyu\u017e\u00edt hod\u00adnoti\u00adtel\u00adsk\u00e9ho sys\u00adt\u00e9\u00admu DGNB Inter\u00adna\u00adtion\u00adal 2010 pro hod\u00adno\u00adcen\u00ed prim\u00e1rn\u011b kancel\u00e1\u0159sk\u00fdch novostaveb.<\/p><p><strong>Exis\u00adtu\u00adj\u00edc\u00ed budovy<\/strong><\/p><p>Mimo st\u00e1\u00adty s&nbsp;imple\u00admen\u00adtac\u00ed sys\u00adt\u00e9\u00admu DGNB jako je \u010cR, sys\u00adt\u00e9m DGNB nelze pou\u017e\u00edt.<\/p>\t\t\t\t\t\t\t\t<\/div>\n\t\t\t\t<\/div>\n\t\t\t\t\t<\/div>\n\t\t\t\t<\/div>\n\t\t<div class=\"elementor-element elementor-element-606a767 e-flex e-con-boxed e-con e-parent\" data-id=\"606a767\" data-element_type=\"container\" data-e-type=\"container\">\n\t\t\t\t\t<div class=\"e-con-inner\">\n\t\t<div class=\"elementor-element elementor-element-673d51e0 e-con-full e-flex e-con e-child\" data-id=\"673d51e0\" data-element_type=\"container\" data-e-type=\"container\">\n\t\t\t\t<div class=\"elementor-element elementor-element-3e057370 elementor-widget elementor-widget-heading\" data-id=\"3e057370\" data-element_type=\"widget\" data-e-type=\"widget\" data-widget_type=\"heading.default\">\n\t\t\t\t\t<h2 class=\"elementor-heading-title elementor-size-default\">Kdo certifikuje budovu?<\/h2>\t\t\t\t<\/div>\n\t\t\t\t<\/div>\n\t\t<div class=\"elementor-element elementor-element-4982bac7 e-con-full e-flex e-con e-child\" data-id=\"4982bac7\" data-element_type=\"container\" data-e-type=\"container\">\n\t\t\t\t<div class=\"elementor-element elementor-element-73d66dbf elementor-widget elementor-widget-text-editor\" data-id=\"73d66dbf\" data-element_type=\"widget\" data-e-type=\"widget\" data-widget_type=\"text-editor.default\">\n\t\t\t\t\t\t\t\t\t<p>Cer\u00adti\u00adfikaci ud\u011blu\u00adje nez\u00e1vis\u00adl\u00fd cer\u00adti\u00adfika\u010dn\u00ed insti\u00adtut&nbsp;DGNB.<\/p>\t\t\t\t\t\t\t\t<\/div>\n\t\t\t\t<\/div>\n\t\t\t\t\t<\/div>\n\t\t\t\t<\/div>\n\t\t<div class=\"elementor-element elementor-element-4e99a851 e-flex e-con-boxed e-con e-parent\" data-id=\"4e99a851\" data-element_type=\"container\" data-e-type=\"container\">\n\t\t\t\t\t<div class=\"e-con-inner\">\n\t\t<div class=\"elementor-element elementor-element-4e74a6a4 e-con-full e-flex e-con e-child\" data-id=\"4e74a6a4\" data-element_type=\"container\" data-e-type=\"container\">\n\t\t\t\t<div class=\"elementor-element elementor-element-7348b79a elementor-widget elementor-widget-heading\" data-id=\"7348b79a\" data-element_type=\"widget\" data-e-type=\"widget\" data-widget_type=\"heading.default\">\n\t\t\t\t\t<h2 class=\"elementor-heading-title elementor-size-default\">Co EkoWATT nab\u00edz\u00ed?<\/h2>\t\t\t\t<\/div>\n\t\t\t\t<\/div>\n\t\t<div class=\"elementor-element elementor-element-fe79c07 e-con-full e-flex e-con e-child\" data-id=\"fe79c07\" data-element_type=\"container\" data-e-type=\"container\">\n\t\t\t\t<div class=\"elementor-element elementor-element-78915dc elementor-widget elementor-widget-text-editor\" data-id=\"78915dc\" data-element_type=\"widget\" data-e-type=\"widget\" data-widget_type=\"text-editor.default\">\n\t\t\t\t\t\t\t\t\t<ul><li>M\u00e1me ve sv\u00e9m t\u00fdmu akred\u00adi\u00adto\u00advan\u00e9ho konzul\u00adtan\u00adta&nbsp;DGNB<\/li><li>Nab\u00edz\u00edme zpracov\u00e1n\u00ed\/vyhodnocen\u00ed jed\u00adnotliv\u00fdch kredit\u016f.<\/li><li>Nen\u00adab\u00edz\u00edme naopak celkov\u00e9 hod\u00adnoti\u00adtel\u00adsk\u00e9 slu\u017e\u00adby. Tyto m\u016f\u017ee nab\u00edd\u00adnout pouze odborn\u00edk s&nbsp;akred\u00adi\u00adtac\u00ed DGNB Assessor.<\/li><\/ul>\t\t\t\t\t\t\t\t<\/div>\n\t\t\t\t<\/div>\n\t\t\t\t\t<\/div>\n\t\t\t\t<\/div>\n\t\t<div class=\"elementor-element elementor-element-5269b61 e-flex e-con-boxed e-con e-parent\" data-id=\"5269b61\" data-element_type=\"container\" data-e-type=\"container\" data-settings=\"{&quot;background_background&quot;:&quot;classic&quot;}\">\n\t\t\t\t\t<div class=\"e-con-inner\">\n\t\t<div class=\"elementor-element elementor-element-60236ad e-con-full e-flex e-con e-child\" data-id=\"60236ad\" data-element_type=\"container\" data-e-type=\"container\">\n\t\t\t\t<div class=\"elementor-element elementor-element-8bca857 elementor-widget elementor-widget-heading\" data-id=\"8bca857\" data-element_type=\"widget\" data-e-type=\"widget\" data-widget_type=\"heading.default\">\n\t\t\t\t\t<h2 class=\"elementor-heading-title elementor-size-default\">M\u00e1te z\u00e1jem o&nbsp;na\u0161e slu\u017eby?<\/h2>\t\t\t\t<\/div>\n\t\t\t\t<div class=\"elementor-element elementor-element-fd768a2 elementor-widget elementor-widget-text-editor\" data-id=\"fd768a2\" data-element_type=\"widget\" data-e-type=\"widget\" data-widget_type=\"text-editor.default\">\n\t\t\t\t\t\t\t\t\t<p>Napi\u0161te n\u00e1m nebo zav\u00adole\u00adjte, r\u00e1di V\u00e1m pom\u016f\u017eeme.<\/p>\t\t\t\t\t\t\t\t<\/div>\n\t\t\t\t<div class=\"elementor-element elementor-element-4e4fba7 elementor-widget__width-auto elementor-align-center elementor-widget elementor-widget-button\" data-id=\"4e4fba7\" data-element_type=\"widget\" data-e-type=\"widget\" data-widget_type=\"button.default\">\n\t\t\t\t\t\t\t\t\t\t<a class=\"elementor-button elementor-button-link elementor-size-sm elementor-animation-grow\" href=\"https:\/\/ekowatt.cz\/index.php\/kontakt\/\" target=\"_blank\">\n\t\t\t\t\t\t<span class=\"elementor-button-content-wrapper\">\n\t\t\t\t\t\t\t\t\t<span class=\"elementor-button-text\">Kon\u00adtak\u00adtu\u00adjte&nbsp;n\u00e1s<\/span>\n\t\t\t\t\t<\/span>\n\t\t\t\t\t<\/a>\n\t\t\t\t\t\t\t\t<\/div>\n\t\t\t\t<\/div>\n\t\t\t\t\t<\/div>\n\t\t\t\t<\/div>\n\t\t\t\t<\/div>\n\t\t","protected":false},"excerpt":{"rendered":"<p>Cer\u00adti\u00adfikace DGNB Cer\u00adti\u00adfikace&nbsp;DGNB (Deutche Gesell\u00adshaft f\u00fcr Nach\u00adhaltiges Bauen \u2013 N\u011bmeck\u00e1 rada pro \u0161etrnou v\u00fds\u00adtavbu) je druhou gen\u00ader\u00adac\u00ed cer\u00adti\u00adfika\u010dn\u00edch sys\u00adt\u00e9m\u016f.&nbsp; Certifika\u010dn\u00ed&nbsp;[\u2026]<\/p>\n","protected":false},"author":1,"featured_media":0,"parent":0,"menu_order":0,"comment_status":"closed","ping_status":"closed","template":"","meta":{"wp_typography_post_enhancements_disabled":false,"site-sidebar-layout":"no-sidebar","site-content-layout":"","ast-site-content-layout":"full-width-container","site-content-style":"default","site-sidebar-style":"default","ast-global-header-display":"","ast-banner-title-visibility":"","ast-main-header-display":"","ast-hfb-above-header-display":"","ast-hfb-below-header-display":"","ast-hfb-mobile-header-display":"","site-post-title":"","ast-breadcrumbs-content":"","ast-featured-img":"disabled","footer-sml-layout":"","ast-disable-related-posts":"","theme-transparent-header-meta":"","adv-header-id-meta":"","stick-header-meta":"","header-above-stick-meta":"","header-main-stick-meta":"","header-below-stick-meta":"","astra-migrate-meta-layouts":"default","ast-page-background-enabled":"default","ast-page-background-meta":{"desktop":{"background-color":"var(--ast-global-color-5)","background-image":"","background-repeat":"repeat","background-position":"center center","background-size":"auto","background-attachment":"scroll","background-type":"","background-media":"","overlay-type":"","overlay-color":"","overlay-opacity":"","overlay-gradient":""},"tablet":{"background-color":"","background-image":"","background-repeat":"repeat","background-position":"center center","background-size":"auto","background-attachment":"scroll","background-type":"","background-media":"","overlay-type":"","overlay-color":"","overlay-opacity":"","overlay-gradient":""},"mobile":{"background-color":"","background-image":"","background-repeat":"repeat","background-position":"center center","background-size":"auto","background-attachment":"scroll","background-type":"","background-media":"","overlay-type":"","overlay-color":"","overlay-opacity":"","overlay-gradient":""}},"ast-content-background-meta":{"desktop":{"background-color":"var(--ast-global-color-4)","background-image":"","background-repeat":"repeat","background-position":"center center","background-size":"auto","background-attachment":"scroll","background-type":"","background-media":"","overlay-type":"","overlay-color":"","overlay-opacity":"","overlay-gradient":""},"tablet":{"background-color":"var(--ast-global-color-4)","background-image":"","background-repeat":"repeat","background-position":"center center","background-size":"auto","background-attachment":"scroll","background-type":"","background-media":"","overlay-type":"","overlay-color":"","overlay-opacity":"","overlay-gradient":""},"mobile":{"background-color":"var(--ast-global-color-4)","background-image":"","background-repeat":"repeat","background-position":"center center","background-size":"auto","background-attachment":"scroll","background-type":"","background-media":"","overlay-type":"","overlay-color":"","overlay-opacity":"","overlay-gradient":""}},"footnotes":""},"class_list":["post-232","page","type-page","status-publish","hentry"],"_links":{"self":[{"href":"https:\/\/leed.cz\/index.php\/wp-json\/wp\/v2\/pages\/232","targetHints":{"allow":["GET"]}}],"collection":[{"href":"https:\/\/leed.cz\/index.php\/wp-json\/wp\/v2\/pages"}],"about":[{"href":"https:\/\/leed.cz\/index.php\/wp-json\/wp\/v2\/types\/page"}],"author":[{"embeddable":true,"href":"https:\/\/leed.cz\/index.php\/wp-json\/wp\/v2\/users\/1"}],"replies":[{"embeddable":true,"href":"https:\/\/leed.cz\/index.php\/wp-json\/wp\/v2\/comments?post=232"}],"version-history":[{"count":40,"href":"https:\/\/leed.cz\/index.php\/wp-json\/wp\/v2\/pages\/232\/revisions"}],"predecessor-version":[{"id":818,"href":"https:\/\/leed.cz\/index.php\/wp-json\/wp\/v2\/pages\/232\/revisions\/818"}],"wp:attachment":[{"href":"https:\/\/leed.cz\/index.php\/wp-json\/wp\/v2\/media?parent=232"}],"curies":[{"name":"wp","href":"https:\/\/api.w.org\/{rel}","templated":true}]}}