{"id":278,"date":"2025-12-11T12:32:54","date_gmt":"2025-12-11T12:32:54","guid":{"rendered":"https:\/\/novy.leed.cz\/?page_id=278"},"modified":"2026-02-23T16:31:40","modified_gmt":"2026-02-23T16:31:40","slug":"studie-uspor-existujicich-budov","status":"publish","type":"page","link":"https:\/\/leed.cz\/index.php\/studie-uspor-existujicich-budov\/","title":{"rendered":"Studie \u00faspor existuj\u00edc\u00edch budov"},"content":{"rendered":"\t\t<div data-elementor-type=\"wp-page\" data-elementor-id=\"278\" class=\"elementor elementor-278\">\n\t\t\t\t<div class=\"elementor-element elementor-element-24ca8340 e-flex e-con-boxed e-con e-parent\" data-id=\"24ca8340\" data-element_type=\"container\" data-e-type=\"container\" data-settings=\"{&quot;background_background&quot;:&quot;classic&quot;}\">\n\t\t\t\t\t<div class=\"e-con-inner\">\n\t\t\t\t<div class=\"elementor-element elementor-element-411302de elementor-widget elementor-widget-heading\" data-id=\"411302de\" data-element_type=\"widget\" data-e-type=\"widget\" data-widget_type=\"heading.default\">\n\t\t\t\t\t<h1 class=\"elementor-heading-title elementor-size-default\">Studie \u00faspor existuj\u00edc\u00edch budov<\/h1>\t\t\t\t<\/div>\n\t\t\t\t\t<\/div>\n\t\t\t\t<\/div>\n\t\t<div class=\"elementor-element elementor-element-49f0afc3 e-flex e-con-boxed e-con e-parent\" data-id=\"49f0afc3\" data-element_type=\"container\" data-e-type=\"container\">\n\t\t\t\t\t<div class=\"e-con-inner\">\n\t\t<div class=\"elementor-element elementor-element-10762cca e-con-full e-flex e-con e-child\" data-id=\"10762cca\" data-element_type=\"container\" data-e-type=\"container\">\n\t\t\t\t<div class=\"elementor-element elementor-element-65249548 elementor-widget elementor-widget-image\" data-id=\"65249548\" data-element_type=\"widget\" data-e-type=\"widget\" data-widget_type=\"image.default\">\n\t\t\t\t\t\t\t\t\t\t\t\t\t\t\t<img fetchpriority=\"high\" decoding=\"async\" width=\"1024\" height=\"727\" src=\"https:\/\/leed.cz\/wp-content\/uploads\/2025\/11\/Schema-zapojeni-soucasneho-stavu-TZB-1024x727.jpg\" class=\"attachment-large size-large wp-image-120\" alt srcset=\"https:\/\/leed.cz\/wp-content\/uploads\/2025\/11\/Schema-zapojeni-soucasneho-stavu-TZB-1024x727.jpg 1024w, https:\/\/leed.cz\/wp-content\/uploads\/2025\/11\/Schema-zapojeni-soucasneho-stavu-TZB-300x213.jpg 300w, https:\/\/leed.cz\/wp-content\/uploads\/2025\/11\/Schema-zapojeni-soucasneho-stavu-TZB-768x545.jpg 768w, https:\/\/leed.cz\/wp-content\/uploads\/2025\/11\/Schema-zapojeni-soucasneho-stavu-TZB.jpg 1034w\" sizes=\"(max-width: 1024px) 100vw, 1024px\">\t\t\t\t\t\t\t\t\t\t\t\t\t\t\t<\/div>\n\t\t\t\t<\/div>\n\t\t<div class=\"elementor-element elementor-element-6cffc7ea e-con-full e-flex e-con e-child\" data-id=\"6cffc7ea\" data-element_type=\"container\" data-e-type=\"container\">\n\t\t\t\t<div class=\"elementor-element elementor-element-1d9dc844 elementor-widget elementor-widget-heading\" data-id=\"1d9dc844\" data-element_type=\"widget\" data-e-type=\"widget\" data-widget_type=\"heading.default\">\n\t\t\t\t\t<h2 class=\"elementor-heading-title elementor-size-default\">Studie energetick\u00fdch \u00faspor \u2013 Energy Efficiency Retrofit Survey<\/h2>\t\t\t\t<\/div>\n\t\t\t\t<div class=\"elementor-element elementor-element-ef0a29f elementor-widget elementor-widget-text-editor\" data-id=\"ef0a29f\" data-element_type=\"widget\" data-e-type=\"widget\" data-widget_type=\"text-editor.default\">\n\t\t\t\t\t\t\t\t\t<p>Ener\u00adgy Effi\u00adcien\u00adcy Retro\u00adfit Sur\u00advey je vel\u00admi efek\u00adtivn\u00ed, rych\u00adl\u00e1 a&nbsp;ve srovn\u00e1n\u00ed s&nbsp;<a href=\"http:\/\/www.ekowatt.cz\/cz\/sluzby\/energeticky-audit\/\">ener\u00adget\u00adick\u00ad\u00fdm auditem<\/a>&nbsp;m\u00e9n\u011b n\u00e1k\u00adlad\u00adn\u00e1 meto\u00adda vyh\u00adled\u00e1n\u00ed poten\u00adci\u00e1lu ener\u00adget\u00adick\u00ad\u00fdch \u00faspor v&nbsp;ji\u017e exis\u00adtu\u00adj\u00edc\u00edch budov\u00e1ch a&nbsp;pod\u00adnikov\u00fdch provozech. Slo\u017eit\u00e9 ses\u00adtavov\u00e1n\u00ed ener\u00adget\u00adick\u00ad\u00fdch bilanc\u00ed zn\u00e1m\u00e9 z&nbsp;leg\u00adisla\u00adtivn\u011b povin\u00adn\u00fdch ener\u00adget\u00adick\u00ad\u00fdch audit\u016f je zde nahrazeno odborn\u00fdm odha\u00addem, prove\u00adden\u00fdm na z\u00e1k\u00adlad\u011b prohl\u00edd\u00adky objek\u00adtu t\u00fdmem expert\u016f. O&nbsp;to v\u00edce pozornos\u00adti je v\u011bnov\u00e1no eko\u00adnom\u00adick\u00ad\u00e9\u00admu vyhod\u00adno\u00adcen\u00ed \u00fasporn\u00fdch opa\u0159en\u00ed. V\u00fds\u00adtu\u00adpem je stru\u010dn\u00e1 a&nbsp;p\u0159ehled\u00adn\u00e1 zpr\u00e1\u00adva, kter\u00e1 navrhu\u00adje struk\u00adtur\u00adovan\u00fd sou\u00adbor opat\u0159en\u00ed pro dosa\u017een\u00ed \u00faspory energie.<br>U kom\u00adplexn\u011bj\u0161\u00edch budov se zpravid\u00adla cena studie splat\u00ed hned v&nbsp;prvn\u00edm roce imple\u00admen\u00adtace doporu\u010den\u00fdch \u00fasporn\u00fdch opat\u0159en\u00ed.<\/p>\t\t\t\t\t\t\t\t<\/div>\n\t\t\t\t<\/div>\n\t\t\t\t\t<\/div>\n\t\t\t\t<\/div>\n\t\t<div class=\"elementor-element elementor-element-73329aa e-flex e-con-boxed e-con e-parent\" data-id=\"73329aa\" data-element_type=\"container\" data-e-type=\"container\" data-settings=\"{&quot;background_background&quot;:&quot;classic&quot;}\">\n\t\t\t\t\t<div class=\"e-con-inner\">\n\t\t<div class=\"elementor-element elementor-element-70beead e-con-full e-flex e-con e-child\" data-id=\"70beead\" data-element_type=\"container\" data-e-type=\"container\">\n\t\t\t\t<div class=\"elementor-element elementor-element-191a8c3 elementor-widget elementor-widget-heading\" data-id=\"191a8c3\" data-element_type=\"widget\" data-e-type=\"widget\" data-widget_type=\"heading.default\">\n\t\t\t\t\t<h2 class=\"elementor-heading-title elementor-size-default\">M\u00e1te z\u00e1jem o&nbsp;na\u0161e slu\u017eby?<\/h2>\t\t\t\t<\/div>\n\t\t\t\t<div class=\"elementor-element elementor-element-27db5e9 elementor-widget elementor-widget-text-editor\" data-id=\"27db5e9\" data-element_type=\"widget\" data-e-type=\"widget\" data-widget_type=\"text-editor.default\">\n\t\t\t\t\t\t\t\t\t<p>Napi\u0161te n\u00e1m nebo zav\u00adole\u00adjte, r\u00e1di V\u00e1m pom\u016f\u017eeme.<\/p>\t\t\t\t\t\t\t\t<\/div>\n\t\t\t\t<div class=\"elementor-element elementor-element-b6c6271 elementor-widget__width-auto elementor-align-center elementor-widget elementor-widget-button\" data-id=\"b6c6271\" data-element_type=\"widget\" data-e-type=\"widget\" data-widget_type=\"button.default\">\n\t\t\t\t\t\t\t\t\t\t<a class=\"elementor-button elementor-button-link elementor-size-sm elementor-animation-grow\" href=\"https:\/\/ekowatt.cz\/index.php\/kontakt\/\" target=\"_blank\">\n\t\t\t\t\t\t<span class=\"elementor-button-content-wrapper\">\n\t\t\t\t\t\t\t\t\t<span class=\"elementor-button-text\">Kon\u00adtak\u00adtu\u00adjte&nbsp;n\u00e1s<\/span>\n\t\t\t\t\t<\/span>\n\t\t\t\t\t<\/a>\n\t\t\t\t\t\t\t\t<\/div>\n\t\t\t\t<\/div>\n\t\t\t\t\t<\/div>\n\t\t\t\t<\/div>\n\t\t\t\t<\/div>\n\t\t","protected":false},"excerpt":{"rendered":"<p>Studie \u00faspor exis\u00adtu\u00adj\u00edc\u00edch budov Studie ener\u00adget\u00adick\u00ad\u00fdch \u00faspor \u2013 Ener\u00adgy Effi\u00adcien\u00adcy Retro\u00adfit Sur\u00advey Ener\u00adgy Effi\u00adcien\u00adcy Retro\u00adfit Sur\u00advey je vel\u00admi efek\u00adtivn\u00ed, rychl\u00e1&nbsp;[\u2026]<\/p>\n","protected":false},"author":1,"featured_media":0,"parent":0,"menu_order":0,"comment_status":"closed","ping_status":"closed","template":"","meta":{"wp_typography_post_enhancements_disabled":false,"site-sidebar-layout":"no-sidebar","site-content-layout":"","ast-site-content-layout":"full-width-container","site-content-style":"default","site-sidebar-style":"default","ast-global-header-display":"","ast-banner-title-visibility":"","ast-main-header-display":"","ast-hfb-above-header-display":"","ast-hfb-below-header-display":"","ast-hfb-mobile-header-display":"","site-post-title":"","ast-breadcrumbs-content":"","ast-featured-img":"disabled","footer-sml-layout":"","ast-disable-related-posts":"","theme-transparent-header-meta":"","adv-header-id-meta":"","stick-header-meta":"","header-above-stick-meta":"","header-main-stick-meta":"","header-below-stick-meta":"","astra-migrate-meta-layouts":"default","ast-page-background-enabled":"default","ast-page-background-meta":{"desktop":{"background-color":"var(--ast-global-color-5)","background-image":"","background-repeat":"repeat","background-position":"center center","background-size":"auto","background-attachment":"scroll","background-type":"","background-media":"","overlay-type":"","overlay-color":"","overlay-opacity":"","overlay-gradient":""},"tablet":{"background-color":"","background-image":"","background-repeat":"repeat","background-position":"center center","background-size":"auto","background-attachment":"scroll","background-type":"","background-media":"","overlay-type":"","overlay-color":"","overlay-opacity":"","overlay-gradient":""},"mobile":{"background-color":"","background-image":"","background-repeat":"repeat","background-position":"center center","background-size":"auto","background-attachment":"scroll","background-type":"","background-media":"","overlay-type":"","overlay-color":"","overlay-opacity":"","overlay-gradient":""}},"ast-content-background-meta":{"desktop":{"background-color":"var(--ast-global-color-4)","background-image":"","background-repeat":"repeat","background-position":"center center","background-size":"auto","background-attachment":"scroll","background-type":"","background-media":"","overlay-type":"","overlay-color":"","overlay-opacity":"","overlay-gradient":""},"tablet":{"background-color":"var(--ast-global-color-4)","background-image":"","background-repeat":"repeat","background-position":"center center","background-size":"auto","background-attachment":"scroll","background-type":"","background-media":"","overlay-type":"","overlay-color":"","overlay-opacity":"","overlay-gradient":""},"mobile":{"background-color":"var(--ast-global-color-4)","background-image":"","background-repeat":"repeat","background-position":"center center","background-size":"auto","background-attachment":"scroll","background-type":"","background-media":"","overlay-type":"","overlay-color":"","overlay-opacity":"","overlay-gradient":""}},"footnotes":""},"class_list":["post-278","page","type-page","status-publish","hentry"],"_links":{"self":[{"href":"https:\/\/leed.cz\/index.php\/wp-json\/wp\/v2\/pages\/278","targetHints":{"allow":["GET"]}}],"collection":[{"href":"https:\/\/leed.cz\/index.php\/wp-json\/wp\/v2\/pages"}],"about":[{"href":"https:\/\/leed.cz\/index.php\/wp-json\/wp\/v2\/types\/page"}],"author":[{"embeddable":true,"href":"https:\/\/leed.cz\/index.php\/wp-json\/wp\/v2\/users\/1"}],"replies":[{"embeddable":true,"href":"https:\/\/leed.cz\/index.php\/wp-json\/wp\/v2\/comments?post=278"}],"version-history":[{"count":10,"href":"https:\/\/leed.cz\/index.php\/wp-json\/wp\/v2\/pages\/278\/revisions"}],"predecessor-version":[{"id":800,"href":"https:\/\/leed.cz\/index.php\/wp-json\/wp\/v2\/pages\/278\/revisions\/800"}],"wp:attachment":[{"href":"https:\/\/leed.cz\/index.php\/wp-json\/wp\/v2\/media?parent=278"}],"curies":[{"name":"wp","href":"https:\/\/api.w.org\/{rel}","templated":true}]}}