{"id":280,"date":"2025-12-11T12:33:23","date_gmt":"2025-12-11T12:33:23","guid":{"rendered":"https:\/\/novy.leed.cz\/?page_id=280"},"modified":"2026-02-23T16:31:21","modified_gmt":"2026-02-23T16:31:21","slug":"3d-modely-osvetleni-zisku-a-zastineni","status":"publish","type":"page","link":"https:\/\/leed.cz\/index.php\/3d-modely-osvetleni-zisku-a-zastineni\/","title":{"rendered":"3D modely osv\u011btlen\u00ed, zisk\u016f a&nbsp;zast\u00edn\u011bn\u00ed"},"content":{"rendered":"\t\t<div data-elementor-type=\"wp-page\" data-elementor-id=\"280\" class=\"elementor elementor-280\">\n\t\t\t\t<div class=\"elementor-element elementor-element-236be52f e-flex e-con-boxed e-con e-parent\" data-id=\"236be52f\" data-element_type=\"container\" data-e-type=\"container\" data-settings=\"{&quot;background_background&quot;:&quot;classic&quot;}\">\n\t\t\t\t\t<div class=\"e-con-inner\">\n\t\t\t\t<div class=\"elementor-element elementor-element-341725bf elementor-widget elementor-widget-heading\" data-id=\"341725bf\" data-element_type=\"widget\" data-e-type=\"widget\" data-widget_type=\"heading.default\">\n\t\t\t\t\t<h1 class=\"elementor-heading-title elementor-size-default\">3D modely osv\u011btlen\u00ed, zisk\u016f a&nbsp;zast\u00edn\u011bn\u00ed<\/h1>\t\t\t\t<\/div>\n\t\t\t\t\t<\/div>\n\t\t\t\t<\/div>\n\t\t<div class=\"elementor-element elementor-element-1312872c e-flex e-con-boxed e-con e-parent\" data-id=\"1312872c\" data-element_type=\"container\" data-e-type=\"container\">\n\t\t\t\t\t<div class=\"e-con-inner\">\n\t\t<div class=\"elementor-element elementor-element-15701546 e-con-full e-flex e-con e-child\" data-id=\"15701546\" data-element_type=\"container\" data-e-type=\"container\">\n\t\t\t\t<div class=\"elementor-element elementor-element-601fb508 elementor-widget elementor-widget-image\" data-id=\"601fb508\" data-element_type=\"widget\" data-e-type=\"widget\" data-widget_type=\"image.default\">\n\t\t\t\t\t\t\t\t\t\t\t\t\t\t\t<img fetchpriority=\"high\" decoding=\"async\" width=\"1024\" height=\"727\" src=\"https:\/\/leed.cz\/wp-content\/uploads\/2025\/11\/Kumulace-pasivni-solarni-energie-v-zimnim-obdobi-na-fasady-objektu1-1024x727.jpg\" class=\"attachment-large size-large wp-image-115\" alt srcset=\"https:\/\/leed.cz\/wp-content\/uploads\/2025\/11\/Kumulace-pasivni-solarni-energie-v-zimnim-obdobi-na-fasady-objektu1-1024x727.jpg 1024w, https:\/\/leed.cz\/wp-content\/uploads\/2025\/11\/Kumulace-pasivni-solarni-energie-v-zimnim-obdobi-na-fasady-objektu1-300x213.jpg 300w, https:\/\/leed.cz\/wp-content\/uploads\/2025\/11\/Kumulace-pasivni-solarni-energie-v-zimnim-obdobi-na-fasady-objektu1-768x545.jpg 768w, https:\/\/leed.cz\/wp-content\/uploads\/2025\/11\/Kumulace-pasivni-solarni-energie-v-zimnim-obdobi-na-fasady-objektu1.jpg 1034w\" sizes=\"(max-width: 1024px) 100vw, 1024px\">\t\t\t\t\t\t\t\t\t\t\t\t\t\t\t<\/div>\n\t\t\t\t<\/div>\n\t\t<div class=\"elementor-element elementor-element-4dc4824f e-con-full e-flex e-con e-child\" data-id=\"4dc4824f\" data-element_type=\"container\" data-e-type=\"container\">\n\t\t\t\t<div class=\"elementor-element elementor-element-6d6eff37 elementor-widget elementor-widget-heading\" data-id=\"6d6eff37\" data-element_type=\"widget\" data-e-type=\"widget\" data-widget_type=\"heading.default\">\n\t\t\t\t\t<h2 class=\"elementor-heading-title elementor-size-default\">3D pokro\u010dil\u00e9 modely denn\u00edho osv\u011btlen\u00ed, pasivn\u00edch sol\u00e1rn\u00edch zisk\u016f a&nbsp;zast\u00edn\u011bn\u00ed \u2013 p\u0159edpoklad pro pln\u011bn\u00ed t\u00e9m\u011b\u0159 nulov\u00e9 budovy a&nbsp;dostate\u010dn\u00e9ho proslun\u011bn\u00ed<\/h2>\t\t\t\t<\/div>\n\t\t\t\t<div class=\"elementor-element elementor-element-dd1fae5 elementor-widget elementor-widget-text-editor\" data-id=\"dd1fae5\" data-element_type=\"widget\" data-e-type=\"widget\" data-widget_type=\"text-editor.default\">\n\t\t\t\t\t\t\t\t\t<p>Slou\u017e\u00ed pro sim\u00adu\u00adlaci fak\u00adtoru den\u00adn\u00edho osv\u011btlen\u00ed v&nbsp;inter\u00adi\u00e9ru budov. C\u00edlem je&nbsp;opti\u00admal\u00adizace m\u00edry zasklen\u00ed, sol\u00e1rn\u00ed pro\u00adpust\u00adnos\u00adti oken a&nbsp;venkovn\u00edho st\u00edn\u011bn\u00ed. Lze vyhod\u00adnotit ve spo\u00adjen\u00ed s&nbsp;ener\u00adget\u00adick\u00ad\u00fdm mod\u00adelem pro v\u00fdpo\u010det poten\u00adci\u00e1lu stm\u00edv\u00e1n\u00ed um\u011bl\u00e9ho osv\u011btlen\u00ed podle den\u00adn\u00edho sv\u011btla.<\/p><p>Sim\u00adu\u00adlace pasivn\u00edch sol\u00e1rn\u00edch zisk\u016f a&nbsp;zast\u00edn\u011bn\u00ed slou\u017e\u00ed k&nbsp;opti\u00admal\u00adizaci ori\u00aden\u00adtace, st\u00edn\u00edc\u00edch mark\u00fdz nebo \u017eeber budov pro max\u00adi\u00admal\u00adizaci tepel\u00adn\u00fdch zisk\u016f v&nbsp;zim\u011b a&nbsp;min\u00adi\u00admal\u00adizaci zisk\u016f v&nbsp;l\u00e9t\u011b<\/p>\t\t\t\t\t\t\t\t<\/div>\n\t\t\t\t<\/div>\n\t\t\t\t\t<\/div>\n\t\t\t\t<\/div>\n\t\t<div class=\"elementor-element elementor-element-a3df2eb e-flex e-con-boxed e-con e-parent\" data-id=\"a3df2eb\" data-element_type=\"container\" data-e-type=\"container\" data-settings=\"{&quot;background_background&quot;:&quot;classic&quot;}\">\n\t\t\t\t\t<div class=\"e-con-inner\">\n\t\t<div class=\"elementor-element elementor-element-38ab9f4 e-con-full e-flex e-con e-child\" data-id=\"38ab9f4\" data-element_type=\"container\" data-e-type=\"container\">\n\t\t\t\t<div class=\"elementor-element elementor-element-dab1e68 elementor-widget elementor-widget-heading\" data-id=\"dab1e68\" data-element_type=\"widget\" data-e-type=\"widget\" data-widget_type=\"heading.default\">\n\t\t\t\t\t<h2 class=\"elementor-heading-title elementor-size-default\">M\u00e1te z\u00e1jem o&nbsp;na\u0161e slu\u017eby?<\/h2>\t\t\t\t<\/div>\n\t\t\t\t<div class=\"elementor-element elementor-element-27f2f78 elementor-widget elementor-widget-text-editor\" data-id=\"27f2f78\" data-element_type=\"widget\" data-e-type=\"widget\" data-widget_type=\"text-editor.default\">\n\t\t\t\t\t\t\t\t\t<p>Napi\u0161te n\u00e1m nebo zav\u00adole\u00adjte, r\u00e1di V\u00e1m pom\u016f\u017eeme.<\/p>\t\t\t\t\t\t\t\t<\/div>\n\t\t\t\t<div class=\"elementor-element elementor-element-89adbce elementor-widget__width-auto elementor-align-center elementor-widget elementor-widget-button\" data-id=\"89adbce\" data-element_type=\"widget\" data-e-type=\"widget\" data-widget_type=\"button.default\">\n\t\t\t\t\t\t\t\t\t\t<a class=\"elementor-button elementor-button-link elementor-size-sm elementor-animation-grow\" href=\"https:\/\/ekowatt.cz\/index.php\/kontakt\/\" target=\"_blank\">\n\t\t\t\t\t\t<span class=\"elementor-button-content-wrapper\">\n\t\t\t\t\t\t\t\t\t<span class=\"elementor-button-text\">Kon\u00adtak\u00adtu\u00adjte&nbsp;n\u00e1s<\/span>\n\t\t\t\t\t<\/span>\n\t\t\t\t\t<\/a>\n\t\t\t\t\t\t\t\t<\/div>\n\t\t\t\t<\/div>\n\t\t\t\t\t<\/div>\n\t\t\t\t<\/div>\n\t\t\t\t<\/div>\n\t\t","protected":false},"excerpt":{"rendered":"<p>3D mod\u00ade\u00adly osv\u011btlen\u00ed, zisk\u016f a&nbsp;zast\u00edn\u011bn\u00ed 3D pokro\u010dil\u00e9 mod\u00ade\u00adly den\u00adn\u00edho osv\u011btlen\u00ed, pasivn\u00edch sol\u00e1rn\u00edch zisk\u016f a&nbsp;zast\u00edn\u011bn\u00ed \u2013 p\u0159ed\u00adpok\u00adlad pro pln\u011bn\u00ed t\u00e9m\u011b\u0159 nulov\u00e9&nbsp;[\u2026]<\/p>\n","protected":false},"author":1,"featured_media":0,"parent":0,"menu_order":0,"comment_status":"closed","ping_status":"closed","template":"","meta":{"wp_typography_post_enhancements_disabled":false,"site-sidebar-layout":"no-sidebar","site-content-layout":"","ast-site-content-layout":"full-width-container","site-content-style":"default","site-sidebar-style":"default","ast-global-header-display":"","ast-banner-title-visibility":"","ast-main-header-display":"","ast-hfb-above-header-display":"","ast-hfb-below-header-display":"","ast-hfb-mobile-header-display":"","site-post-title":"","ast-breadcrumbs-content":"","ast-featured-img":"disabled","footer-sml-layout":"","ast-disable-related-posts":"","theme-transparent-header-meta":"","adv-header-id-meta":"","stick-header-meta":"","header-above-stick-meta":"","header-main-stick-meta":"","header-below-stick-meta":"","astra-migrate-meta-layouts":"default","ast-page-background-enabled":"default","ast-page-background-meta":{"desktop":{"background-color":"var(--ast-global-color-5)","background-image":"","background-repeat":"repeat","background-position":"center center","background-size":"auto","background-attachment":"scroll","background-type":"","background-media":"","overlay-type":"","overlay-color":"","overlay-opacity":"","overlay-gradient":""},"tablet":{"background-color":"","background-image":"","background-repeat":"repeat","background-position":"center center","background-size":"auto","background-attachment":"scroll","background-type":"","background-media":"","overlay-type":"","overlay-color":"","overlay-opacity":"","overlay-gradient":""},"mobile":{"background-color":"","background-image":"","background-repeat":"repeat","background-position":"center center","background-size":"auto","background-attachment":"scroll","background-type":"","background-media":"","overlay-type":"","overlay-color":"","overlay-opacity":"","overlay-gradient":""}},"ast-content-background-meta":{"desktop":{"background-color":"var(--ast-global-color-4)","background-image":"","background-repeat":"repeat","background-position":"center center","background-size":"auto","background-attachment":"scroll","background-type":"","background-media":"","overlay-type":"","overlay-color":"","overlay-opacity":"","overlay-gradient":""},"tablet":{"background-color":"var(--ast-global-color-4)","background-image":"","background-repeat":"repeat","background-position":"center center","background-size":"auto","background-attachment":"scroll","background-type":"","background-media":"","overlay-type":"","overlay-color":"","overlay-opacity":"","overlay-gradient":""},"mobile":{"background-color":"var(--ast-global-color-4)","background-image":"","background-repeat":"repeat","background-position":"center center","background-size":"auto","background-attachment":"scroll","background-type":"","background-media":"","overlay-type":"","overlay-color":"","overlay-opacity":"","overlay-gradient":""}},"footnotes":""},"class_list":["post-280","page","type-page","status-publish","hentry"],"_links":{"self":[{"href":"https:\/\/leed.cz\/index.php\/wp-json\/wp\/v2\/pages\/280","targetHints":{"allow":["GET"]}}],"collection":[{"href":"https:\/\/leed.cz\/index.php\/wp-json\/wp\/v2\/pages"}],"about":[{"href":"https:\/\/leed.cz\/index.php\/wp-json\/wp\/v2\/types\/page"}],"author":[{"embeddable":true,"href":"https:\/\/leed.cz\/index.php\/wp-json\/wp\/v2\/users\/1"}],"replies":[{"embeddable":true,"href":"https:\/\/leed.cz\/index.php\/wp-json\/wp\/v2\/comments?post=280"}],"version-history":[{"count":19,"href":"https:\/\/leed.cz\/index.php\/wp-json\/wp\/v2\/pages\/280\/revisions"}],"predecessor-version":[{"id":797,"href":"https:\/\/leed.cz\/index.php\/wp-json\/wp\/v2\/pages\/280\/revisions\/797"}],"wp:attachment":[{"href":"https:\/\/leed.cz\/index.php\/wp-json\/wp\/v2\/media?parent=280"}],"curies":[{"name":"wp","href":"https:\/\/api.w.org\/{rel}","templated":true}]}}