{"id":282,"date":"2025-12-11T12:33:46","date_gmt":"2025-12-11T12:33:46","guid":{"rendered":"https:\/\/novy.leed.cz\/?page_id=282"},"modified":"2026-02-23T16:31:03","modified_gmt":"2026-02-23T16:31:03","slug":"dynamicke-modely-vetrani","status":"publish","type":"page","link":"https:\/\/leed.cz\/index.php\/dynamicke-modely-vetrani\/","title":{"rendered":"Dynamick\u00e9 modely v\u011btr\u00e1n\u00ed"},"content":{"rendered":"\t\t<div data-elementor-type=\"wp-page\" data-elementor-id=\"282\" class=\"elementor elementor-282\">\n\t\t\t\t<div class=\"elementor-element elementor-element-2ac322df e-flex e-con-boxed e-con e-parent\" data-id=\"2ac322df\" data-element_type=\"container\" data-e-type=\"container\" data-settings=\"{&quot;background_background&quot;:&quot;classic&quot;}\">\n\t\t\t\t\t<div class=\"e-con-inner\">\n\t\t\t\t<div class=\"elementor-element elementor-element-74d612d6 elementor-widget elementor-widget-heading\" data-id=\"74d612d6\" data-element_type=\"widget\" data-e-type=\"widget\" data-widget_type=\"heading.default\">\n\t\t\t\t\t<h1 class=\"elementor-heading-title elementor-size-default\">Dynamick\u00e9 modely v\u011btr\u00e1n\u00ed<\/h1>\t\t\t\t<\/div>\n\t\t\t\t\t<\/div>\n\t\t\t\t<\/div>\n\t\t<div class=\"elementor-element elementor-element-1703a2b0 e-flex e-con-boxed e-con e-parent\" data-id=\"1703a2b0\" data-element_type=\"container\" data-e-type=\"container\">\n\t\t\t\t\t<div class=\"e-con-inner\">\n\t\t<div class=\"elementor-element elementor-element-5afa3021 e-con-full e-flex e-con e-child\" data-id=\"5afa3021\" data-element_type=\"container\" data-e-type=\"container\">\n\t\t\t\t<div class=\"elementor-element elementor-element-d6eea5a elementor-widget elementor-widget-image\" data-id=\"d6eea5a\" data-element_type=\"widget\" data-e-type=\"widget\" data-widget_type=\"image.default\">\n\t\t\t\t\t\t\t\t\t\t\t\t\t\t\t<img fetchpriority=\"high\" decoding=\"async\" width=\"1024\" height=\"727\" src=\"https:\/\/leed.cz\/wp-content\/uploads\/2025\/11\/Dynamicke-modely-prirozeneho-nebo-hybridniho-vetrani-1024x727.jpg\" class=\"attachment-large size-large wp-image-106\" alt srcset=\"https:\/\/leed.cz\/wp-content\/uploads\/2025\/11\/Dynamicke-modely-prirozeneho-nebo-hybridniho-vetrani-1024x727.jpg 1024w, https:\/\/leed.cz\/wp-content\/uploads\/2025\/11\/Dynamicke-modely-prirozeneho-nebo-hybridniho-vetrani-300x213.jpg 300w, https:\/\/leed.cz\/wp-content\/uploads\/2025\/11\/Dynamicke-modely-prirozeneho-nebo-hybridniho-vetrani-768x545.jpg 768w, https:\/\/leed.cz\/wp-content\/uploads\/2025\/11\/Dynamicke-modely-prirozeneho-nebo-hybridniho-vetrani.jpg 1034w\" sizes=\"(max-width: 1024px) 100vw, 1024px\">\t\t\t\t\t\t\t\t\t\t\t\t\t\t\t<\/div>\n\t\t\t\t<\/div>\n\t\t<div class=\"elementor-element elementor-element-4fdb4d6e e-con-full e-flex e-con e-child\" data-id=\"4fdb4d6e\" data-element_type=\"container\" data-e-type=\"container\">\n\t\t\t\t<div class=\"elementor-element elementor-element-5741c7aa elementor-widget elementor-widget-heading\" data-id=\"5741c7aa\" data-element_type=\"widget\" data-e-type=\"widget\" data-widget_type=\"heading.default\">\n\t\t\t\t\t<h2 class=\"elementor-heading-title elementor-size-default\">Dynamick\u00e9 modely p\u0159irozen\u00e9ho nebo hybridn\u00edho v\u011btr\u00e1n\u00ed \u2013 t\u00e9\u017e pro BREEAM HEA02<\/h2>\t\t\t\t<\/div>\n\t\t\t\t<div class=\"elementor-element elementor-element-ddd232d elementor-widget elementor-widget-text-editor\" data-id=\"ddd232d\" data-element_type=\"widget\" data-e-type=\"widget\" data-widget_type=\"text-editor.default\">\n\t\t\t\t\t\t\t\t\t<p>Slou\u017e\u00ed pro n\u00e1vrh a&nbsp;ur\u010den\u00ed poten\u00adci\u00e1lu a&nbsp;dostate\u010dnos\u00adti p\u0159irozen\u00e9ho v\u011btr\u00e1n\u00ed. Pracu\u00adje s&nbsp;kom\u00ednov\u00fdm efek\u00adtem a&nbsp;k\u0159i\u017en\u00fdm prov\u011btr\u00e1n\u00edm, s&nbsp;p\u0159et\u00adlakem a&nbsp;pod tlakem v&nbsp;jed\u00adnotliv\u00fdch m\u00edstech objek\u00adtu. Lze vyhod\u00adnotit ve spo\u00adjen\u00ed s&nbsp;ener\u00adget\u00adick\u00ad\u00fdm mod\u00adelem za rel\u00ada\u00adtivn\u011b mal\u00e9ho \u00fasil\u00ed.<br>Budo\u00adva s&nbsp;dob\u0159e poten\u00adci\u00e1lem p\u0159irozen\u00e9ho v\u011btr\u00e1n\u00ed m\u016f\u017ee zejm\u00e9\u00adna v&nbsp;p\u0159e\u00adchod\u00adn\u00e9m obdob\u00ed fun\u00adgo\u00advat kom\u00adfort\u00adn\u011b bez energie dodan\u00e9 mechan\u00adick\u00ad\u00fdm sys\u00adt\u00e9m\u016fm v\u011btr\u00e1n\u00ed, chlazen\u00ed nebo vyt\u00e1p\u011bn\u00ed.<\/p>\t\t\t\t\t\t\t\t<\/div>\n\t\t\t\t<\/div>\n\t\t\t\t\t<\/div>\n\t\t\t\t<\/div>\n\t\t<div class=\"elementor-element elementor-element-982b687 e-flex e-con-boxed e-con e-parent\" data-id=\"982b687\" data-element_type=\"container\" data-e-type=\"container\" data-settings=\"{&quot;background_background&quot;:&quot;classic&quot;}\">\n\t\t\t\t\t<div class=\"e-con-inner\">\n\t\t<div class=\"elementor-element elementor-element-b7d2640 e-con-full e-flex e-con e-child\" data-id=\"b7d2640\" data-element_type=\"container\" data-e-type=\"container\">\n\t\t\t\t<div class=\"elementor-element elementor-element-38f3a22 elementor-widget elementor-widget-heading\" data-id=\"38f3a22\" data-element_type=\"widget\" data-e-type=\"widget\" data-widget_type=\"heading.default\">\n\t\t\t\t\t<h2 class=\"elementor-heading-title elementor-size-default\">M\u00e1te z\u00e1jem o&nbsp;na\u0161e slu\u017eby?<\/h2>\t\t\t\t<\/div>\n\t\t\t\t<div class=\"elementor-element elementor-element-e25bbad elementor-widget elementor-widget-text-editor\" data-id=\"e25bbad\" data-element_type=\"widget\" data-e-type=\"widget\" data-widget_type=\"text-editor.default\">\n\t\t\t\t\t\t\t\t\t<p>Napi\u0161te n\u00e1m nebo zav\u00adole\u00adjte, r\u00e1di V\u00e1m pom\u016f\u017eeme.<\/p>\t\t\t\t\t\t\t\t<\/div>\n\t\t\t\t<div class=\"elementor-element elementor-element-c293a63 elementor-widget__width-auto elementor-align-center elementor-widget elementor-widget-button\" data-id=\"c293a63\" data-element_type=\"widget\" data-e-type=\"widget\" data-widget_type=\"button.default\">\n\t\t\t\t\t\t\t\t\t\t<a class=\"elementor-button elementor-button-link elementor-size-sm elementor-animation-grow\" href=\"https:\/\/ekowatt.cz\/index.php\/kontakt\/\" target=\"_blank\">\n\t\t\t\t\t\t<span class=\"elementor-button-content-wrapper\">\n\t\t\t\t\t\t\t\t\t<span class=\"elementor-button-text\">Kon\u00adtak\u00adtu\u00adjte&nbsp;n\u00e1s<\/span>\n\t\t\t\t\t<\/span>\n\t\t\t\t\t<\/a>\n\t\t\t\t\t\t\t\t<\/div>\n\t\t\t\t<\/div>\n\t\t\t\t\t<\/div>\n\t\t\t\t<\/div>\n\t\t\t\t<\/div>\n\t\t","protected":false},"excerpt":{"rendered":"<p>Dynam\u00adick\u00e9 mod\u00ade\u00adly v\u011btr\u00e1n\u00ed Dynam\u00adick\u00e9 mod\u00ade\u00adly p\u0159irozen\u00e9ho nebo hybrid\u00adn\u00edho v\u011btr\u00e1n\u00ed \u2013 t\u00e9\u017e pro BREEAM HEA02 Slou\u017e\u00ed pro n\u00e1vrh a&nbsp;ur\u010den\u00ed poten\u00adci\u00e1lu a&nbsp;dostate\u010dnosti&nbsp;[\u2026]<\/p>\n","protected":false},"author":1,"featured_media":0,"parent":0,"menu_order":0,"comment_status":"closed","ping_status":"closed","template":"","meta":{"wp_typography_post_enhancements_disabled":false,"site-sidebar-layout":"no-sidebar","site-content-layout":"","ast-site-content-layout":"full-width-container","site-content-style":"default","site-sidebar-style":"default","ast-global-header-display":"","ast-banner-title-visibility":"","ast-main-header-display":"","ast-hfb-above-header-display":"","ast-hfb-below-header-display":"","ast-hfb-mobile-header-display":"","site-post-title":"","ast-breadcrumbs-content":"","ast-featured-img":"disabled","footer-sml-layout":"","ast-disable-related-posts":"","theme-transparent-header-meta":"","adv-header-id-meta":"","stick-header-meta":"","header-above-stick-meta":"","header-main-stick-meta":"","header-below-stick-meta":"","astra-migrate-meta-layouts":"default","ast-page-background-enabled":"default","ast-page-background-meta":{"desktop":{"background-color":"var(--ast-global-color-5)","background-image":"","background-repeat":"repeat","background-position":"center center","background-size":"auto","background-attachment":"scroll","background-type":"","background-media":"","overlay-type":"","overlay-color":"","overlay-opacity":"","overlay-gradient":""},"tablet":{"background-color":"","background-image":"","background-repeat":"repeat","background-position":"center center","background-size":"auto","background-attachment":"scroll","background-type":"","background-media":"","overlay-type":"","overlay-color":"","overlay-opacity":"","overlay-gradient":""},"mobile":{"background-color":"","background-image":"","background-repeat":"repeat","background-position":"center center","background-size":"auto","background-attachment":"scroll","background-type":"","background-media":"","overlay-type":"","overlay-color":"","overlay-opacity":"","overlay-gradient":""}},"ast-content-background-meta":{"desktop":{"background-color":"var(--ast-global-color-4)","background-image":"","background-repeat":"repeat","background-position":"center center","background-size":"auto","background-attachment":"scroll","background-type":"","background-media":"","overlay-type":"","overlay-color":"","overlay-opacity":"","overlay-gradient":""},"tablet":{"background-color":"var(--ast-global-color-4)","background-image":"","background-repeat":"repeat","background-position":"center center","background-size":"auto","background-attachment":"scroll","background-type":"","background-media":"","overlay-type":"","overlay-color":"","overlay-opacity":"","overlay-gradient":""},"mobile":{"background-color":"var(--ast-global-color-4)","background-image":"","background-repeat":"repeat","background-position":"center center","background-size":"auto","background-attachment":"scroll","background-type":"","background-media":"","overlay-type":"","overlay-color":"","overlay-opacity":"","overlay-gradient":""}},"footnotes":""},"class_list":["post-282","page","type-page","status-publish","hentry"],"_links":{"self":[{"href":"https:\/\/leed.cz\/index.php\/wp-json\/wp\/v2\/pages\/282","targetHints":{"allow":["GET"]}}],"collection":[{"href":"https:\/\/leed.cz\/index.php\/wp-json\/wp\/v2\/pages"}],"about":[{"href":"https:\/\/leed.cz\/index.php\/wp-json\/wp\/v2\/types\/page"}],"author":[{"embeddable":true,"href":"https:\/\/leed.cz\/index.php\/wp-json\/wp\/v2\/users\/1"}],"replies":[{"embeddable":true,"href":"https:\/\/leed.cz\/index.php\/wp-json\/wp\/v2\/comments?post=282"}],"version-history":[{"count":10,"href":"https:\/\/leed.cz\/index.php\/wp-json\/wp\/v2\/pages\/282\/revisions"}],"predecessor-version":[{"id":794,"href":"https:\/\/leed.cz\/index.php\/wp-json\/wp\/v2\/pages\/282\/revisions\/794"}],"wp:attachment":[{"href":"https:\/\/leed.cz\/index.php\/wp-json\/wp\/v2\/media?parent=282"}],"curies":[{"name":"wp","href":"https:\/\/api.w.org\/{rel}","templated":true}]}}