{"id":286,"date":"2025-12-11T12:34:30","date_gmt":"2025-12-11T12:34:30","guid":{"rendered":"https:\/\/novy.leed.cz\/?page_id=286"},"modified":"2026-02-12T15:30:38","modified_gmt":"2026-02-12T15:30:38","slug":"dynamicke-simulacni-modely","status":"publish","type":"page","link":"https:\/\/leed.cz\/index.php\/dynamicke-simulacni-modely\/","title":{"rendered":"Dynamick\u00e9 simula\u010dn\u00ed modely"},"content":{"rendered":"\t\t<div data-elementor-type=\"wp-page\" data-elementor-id=\"286\" class=\"elementor elementor-286\">\n\t\t\t\t<div class=\"elementor-element elementor-element-44dac081 e-flex e-con-boxed e-con e-parent\" data-id=\"44dac081\" data-element_type=\"container\" data-e-type=\"container\" data-settings=\"{&quot;background_background&quot;:&quot;classic&quot;}\">\n\t\t\t\t\t<div class=\"e-con-inner\">\n\t\t\t\t<div class=\"elementor-element elementor-element-8453691 elementor-widget elementor-widget-heading\" data-id=\"8453691\" data-element_type=\"widget\" data-e-type=\"widget\" data-widget_type=\"heading.default\">\n\t\t\t\t\t<h1 class=\"elementor-heading-title elementor-size-default\">Dynamick\u00e9 simula\u010dn\u00ed modely<\/h1>\t\t\t\t<\/div>\n\t\t\t\t\t<\/div>\n\t\t\t\t<\/div>\n\t\t<div class=\"elementor-element elementor-element-5abcf97c e-flex e-con-boxed e-con e-parent\" data-id=\"5abcf97c\" data-element_type=\"container\" data-e-type=\"container\">\n\t\t\t\t\t<div class=\"e-con-inner\">\n\t\t<div class=\"elementor-element elementor-element-3af8c72f e-con-full e-flex e-con e-child\" data-id=\"3af8c72f\" data-element_type=\"container\" data-e-type=\"container\">\n\t\t\t\t<div class=\"elementor-element elementor-element-7e0eae67 elementor-widget elementor-widget-image\" data-id=\"7e0eae67\" data-element_type=\"widget\" data-e-type=\"widget\" data-widget_type=\"image.default\">\n\t\t\t\t\t\t\t\t\t\t\t\t\t\t\t<img fetchpriority=\"high\" decoding=\"async\" width=\"1024\" height=\"727\" src=\"https:\/\/leed.cz\/wp-content\/uploads\/2025\/11\/Dynamicke-energeticke-simulacni-modely1-1024x727.jpg\" class=\"attachment-large size-large wp-image-105\" alt srcset=\"https:\/\/leed.cz\/wp-content\/uploads\/2025\/11\/Dynamicke-energeticke-simulacni-modely1-1024x727.jpg 1024w, https:\/\/leed.cz\/wp-content\/uploads\/2025\/11\/Dynamicke-energeticke-simulacni-modely1-300x213.jpg 300w, https:\/\/leed.cz\/wp-content\/uploads\/2025\/11\/Dynamicke-energeticke-simulacni-modely1-768x545.jpg 768w, https:\/\/leed.cz\/wp-content\/uploads\/2025\/11\/Dynamicke-energeticke-simulacni-modely1.jpg 1034w\" sizes=\"(max-width: 1024px) 100vw, 1024px\">\t\t\t\t\t\t\t\t\t\t\t\t\t\t\t<\/div>\n\t\t\t\t<\/div>\n\t\t<div class=\"elementor-element elementor-element-405f75cc e-con-full e-flex e-con e-child\" data-id=\"405f75cc\" data-element_type=\"container\" data-e-type=\"container\">\n\t\t\t\t<div class=\"elementor-element elementor-element-6d20a99 elementor-widget elementor-widget-heading\" data-id=\"6d20a99\" data-element_type=\"widget\" data-e-type=\"widget\" data-widget_type=\"heading.default\">\n\t\t\t\t\t<h2 class=\"elementor-heading-title elementor-size-default\">Dynamick\u00e9 energetick\u00e9 simula\u010dn\u00ed modely \u2013 t\u00e9\u017e pro LEED EAC1; BREEAM ENE01, MAN05, ENE04; DGNB ECO1.1, ENV1.1<\/h2>\t\t\t\t<\/div>\n\t\t\t\t<div class=\"elementor-element elementor-element-5af9fa56 elementor-widget elementor-widget-text-editor\" data-id=\"5af9fa56\" data-element_type=\"widget\" data-e-type=\"widget\" data-widget_type=\"text-editor.default\">\n\t\t\t\t\t\t\t\t\t<p>Umo\u017e\u0148u\u00adj\u00ed p\u0159ed\u00adpov\u00ed\u00addat chov\u00e1n\u00ed budovy z&nbsp;hlediska spot\u0159e\u00adby energi\u00ed a&nbsp;n\u00e1k\u00adlad\u016f. Lze je pou\u017e\u00ed\u00advat pro opti\u00admal\u00adizaci pro\u00adjek\u00adt\u016f a&nbsp;ener\u00adget\u00adick\u00ad\u00fdch kon\u00adcepc\u00ed. Jsou d\u016fle\u017ei\u00adtou sou\u010d\u00e1st\u00ed envi\u00adron\u00admen\u00adt\u00e1l\u00adn\u00edch cer\u00adti\u00adfikac\u00ed, nap\u0159. pro LEED jsou zcela nut\u00adn\u00e9. Sim\u00adu\u00adlace pou\u017e\u00edv\u00e1 3D fyzik\u00e1l\u00adn\u00ed mod\u00adel budovy, kter\u00fd zahrnu\u00adje nejen vlast\u00adnos\u00adti budovy, ale i&nbsp;chov\u00e1n\u00ed jej\u00edch u\u017ei\u00advatel\u016f a&nbsp;pravd\u011bpodob\u00adn\u00e9 zm\u011bny po\u010das\u00ed. V\u011bt\u0161i\u00adna sim\u00adu\u00adlac\u00ed pracu\u00adje s&nbsp;v\u00fdpo\u010dtem po hod\u00adin\u00e1ch b\u011bhem cel\u00e9ho roku. Pro ka\u017e\u00addou hod\u00adinu jsou mod\u00ade\u00adlov\u00e1ny ve\u0161k\u00ader\u00e9 ener\u00adget\u00adick\u00e9 toky a&nbsp;mohou jim b\u00fdt p\u0159i\u0159azeny n\u00e1k\u00adla\u00addy na provoz.<\/p><p>Nejrozs\u00e1h\u00adle\u00adj\u0161\u00ed mod\u00adel zpra\u00adco\u00adv\u00adan\u00fd EkoWAT\u00adTem je kom\u00adplex Com\u00adC\u00adi\u00adty v&nbsp;Moskv\u011b, kter\u00fd je stav\u011bn s&nbsp;celkovou plo\u00adchou kolem 200 tis. m2 pro 40 tis\u00edc u\u017ei\u00advatel\u016f. Jde sou\u010das\u00adn\u011b i&nbsp;o jeden z&nbsp;nejrozs\u00e1h\u00adle\u00adj\u0161\u00edch sim\u00adu\u00adla\u010dn\u00edch mod\u00adel\u016f, kter\u00e9 byly v\u016fbec kdy zpra\u00adcov\u00ad\u00e1ny pro \u00fa\u010de\u00adly cer\u00adti\u00adfikace LEED.<\/p>\t\t\t\t\t\t\t\t<\/div>\n\t\t\t\t<\/div>\n\t\t\t\t\t<\/div>\n\t\t\t\t<\/div>\n\t\t<div class=\"elementor-element elementor-element-381ef999 e-flex e-con-boxed e-con e-parent\" data-id=\"381ef999\" data-element_type=\"container\" data-e-type=\"container\" data-settings=\"{&quot;background_background&quot;:&quot;classic&quot;}\">\n\t\t\t\t\t<div class=\"e-con-inner\">\n\t\t<div class=\"elementor-element elementor-element-3b17718c e-con-full e-flex e-con e-child\" data-id=\"3b17718c\" data-element_type=\"container\" data-e-type=\"container\">\n\t\t\t\t<div class=\"elementor-element elementor-element-5e753fdd elementor-widget elementor-widget-heading\" data-id=\"5e753fdd\" data-element_type=\"widget\" data-e-type=\"widget\" data-widget_type=\"heading.default\">\n\t\t\t\t\t<h2 class=\"elementor-heading-title elementor-size-default\">M\u00e1te z\u00e1jem o&nbsp;na\u0161e slu\u017eby?<\/h2>\t\t\t\t<\/div>\n\t\t\t\t<div class=\"elementor-element elementor-element-1c1f5d0a elementor-widget elementor-widget-text-editor\" data-id=\"1c1f5d0a\" data-element_type=\"widget\" data-e-type=\"widget\" data-widget_type=\"text-editor.default\">\n\t\t\t\t\t\t\t\t\t<p>Napi\u0161te n\u00e1m nebo zav\u00adole\u00adjte, r\u00e1di V\u00e1m pom\u016f\u017eeme.<\/p>\t\t\t\t\t\t\t\t<\/div>\n\t\t\t\t<div class=\"elementor-element elementor-element-5b42b607 elementor-widget__width-auto elementor-align-center elementor-widget elementor-widget-button\" data-id=\"5b42b607\" data-element_type=\"widget\" data-e-type=\"widget\" data-widget_type=\"button.default\">\n\t\t\t\t\t\t\t\t\t\t<a class=\"elementor-button elementor-button-link elementor-size-sm elementor-animation-grow\" href=\"https:\/\/ekowatt.cz\/index.php\/kontakt\/\" target=\"_blank\">\n\t\t\t\t\t\t<span class=\"elementor-button-content-wrapper\">\n\t\t\t\t\t\t\t\t\t<span class=\"elementor-button-text\">Kon\u00adtak\u00adtu\u00adjte&nbsp;n\u00e1s<\/span>\n\t\t\t\t\t<\/span>\n\t\t\t\t\t<\/a>\n\t\t\t\t\t\t\t\t<\/div>\n\t\t\t\t<\/div>\n\t\t\t\t\t<\/div>\n\t\t\t\t<\/div>\n\t\t\t\t<\/div>\n\t\t","protected":false},"excerpt":{"rendered":"<p>Dynam\u00adick\u00e9 sim\u00adu\u00adla\u010dn\u00ed mod\u00ade\u00adly Dynam\u00adick\u00e9 ener\u00adget\u00adick\u00e9 sim\u00adu\u00adla\u010dn\u00ed mod\u00ade\u00adly \u2013 t\u00e9\u017e pro LEED EAC1; BREEAM ENE01, MAN05, ENE04; DGNB ECO1.1, ENV1.1 Umo\u017e\u0148uj\u00ed&nbsp;[\u2026]<\/p>\n","protected":false},"author":1,"featured_media":0,"parent":0,"menu_order":0,"comment_status":"closed","ping_status":"closed","template":"","meta":{"wp_typography_post_enhancements_disabled":false,"site-sidebar-layout":"no-sidebar","site-content-layout":"","ast-site-content-layout":"full-width-container","site-content-style":"default","site-sidebar-style":"default","ast-global-header-display":"","ast-banner-title-visibility":"","ast-main-header-display":"","ast-hfb-above-header-display":"","ast-hfb-below-header-display":"","ast-hfb-mobile-header-display":"","site-post-title":"","ast-breadcrumbs-content":"","ast-featured-img":"disabled","footer-sml-layout":"","ast-disable-related-posts":"","theme-transparent-header-meta":"","adv-header-id-meta":"","stick-header-meta":"","header-above-stick-meta":"","header-main-stick-meta":"","header-below-stick-meta":"","astra-migrate-meta-layouts":"default","ast-page-background-enabled":"default","ast-page-background-meta":{"desktop":{"background-color":"var(--ast-global-color-5)","background-image":"","background-repeat":"repeat","background-position":"center center","background-size":"auto","background-attachment":"scroll","background-type":"","background-media":"","overlay-type":"","overlay-color":"","overlay-opacity":"","overlay-gradient":""},"tablet":{"background-color":"","background-image":"","background-repeat":"repeat","background-position":"center center","background-size":"auto","background-attachment":"scroll","background-type":"","background-media":"","overlay-type":"","overlay-color":"","overlay-opacity":"","overlay-gradient":""},"mobile":{"background-color":"","background-image":"","background-repeat":"repeat","background-position":"center center","background-size":"auto","background-attachment":"scroll","background-type":"","background-media":"","overlay-type":"","overlay-color":"","overlay-opacity":"","overlay-gradient":""}},"ast-content-background-meta":{"desktop":{"background-color":"var(--ast-global-color-4)","background-image":"","background-repeat":"repeat","background-position":"center center","background-size":"auto","background-attachment":"scroll","background-type":"","background-media":"","overlay-type":"","overlay-color":"","overlay-opacity":"","overlay-gradient":""},"tablet":{"background-color":"var(--ast-global-color-4)","background-image":"","background-repeat":"repeat","background-position":"center center","background-size":"auto","background-attachment":"scroll","background-type":"","background-media":"","overlay-type":"","overlay-color":"","overlay-opacity":"","overlay-gradient":""},"mobile":{"background-color":"var(--ast-global-color-4)","background-image":"","background-repeat":"repeat","background-position":"center center","background-size":"auto","background-attachment":"scroll","background-type":"","background-media":"","overlay-type":"","overlay-color":"","overlay-opacity":"","overlay-gradient":""}},"footnotes":""},"class_list":["post-286","page","type-page","status-publish","hentry"],"_links":{"self":[{"href":"https:\/\/leed.cz\/index.php\/wp-json\/wp\/v2\/pages\/286","targetHints":{"allow":["GET"]}}],"collection":[{"href":"https:\/\/leed.cz\/index.php\/wp-json\/wp\/v2\/pages"}],"about":[{"href":"https:\/\/leed.cz\/index.php\/wp-json\/wp\/v2\/types\/page"}],"author":[{"embeddable":true,"href":"https:\/\/leed.cz\/index.php\/wp-json\/wp\/v2\/users\/1"}],"replies":[{"embeddable":true,"href":"https:\/\/leed.cz\/index.php\/wp-json\/wp\/v2\/comments?post=286"}],"version-history":[{"count":10,"href":"https:\/\/leed.cz\/index.php\/wp-json\/wp\/v2\/pages\/286\/revisions"}],"predecessor-version":[{"id":719,"href":"https:\/\/leed.cz\/index.php\/wp-json\/wp\/v2\/pages\/286\/revisions\/719"}],"wp:attachment":[{"href":"https:\/\/leed.cz\/index.php\/wp-json\/wp\/v2\/media?parent=286"}],"curies":[{"name":"wp","href":"https:\/\/api.w.org\/{rel}","templated":true}]}}