{"id":288,"date":"2025-12-11T12:35:19","date_gmt":"2025-12-11T12:35:19","guid":{"rendered":"https:\/\/novy.leed.cz\/?page_id=288"},"modified":"2026-02-23T16:30:17","modified_gmt":"2026-02-23T16:30:17","slug":"studie-a-vypocty-pro-kredity-breeam","status":"publish","type":"page","link":"https:\/\/leed.cz\/index.php\/studie-a-vypocty-pro-kredity-breeam\/","title":{"rendered":"Studie a&nbsp;v\u00fdpo\u010dty pro kredity BREEAM"},"content":{"rendered":"\t\t<div data-elementor-type=\"wp-page\" data-elementor-id=\"288\" class=\"elementor elementor-288\">\n\t\t\t\t<div class=\"elementor-element elementor-element-7596cadf e-flex e-con-boxed e-con e-parent\" data-id=\"7596cadf\" data-element_type=\"container\" data-e-type=\"container\" data-settings=\"{&quot;background_background&quot;:&quot;classic&quot;}\">\n\t\t\t\t\t<div class=\"e-con-inner\">\n\t\t\t\t<div class=\"elementor-element elementor-element-5cf46874 elementor-widget elementor-widget-heading\" data-id=\"5cf46874\" data-element_type=\"widget\" data-e-type=\"widget\" data-widget_type=\"heading.default\">\n\t\t\t\t\t<h1 class=\"elementor-heading-title elementor-size-default\">Studie a&nbsp;v\u00fdpo\u010dty pro kredity BREEAM<\/h1>\t\t\t\t<\/div>\n\t\t\t\t\t<\/div>\n\t\t\t\t<\/div>\n\t\t<div class=\"elementor-element elementor-element-59a3fac7 e-flex e-con-boxed e-con e-parent\" data-id=\"59a3fac7\" data-element_type=\"container\" data-e-type=\"container\">\n\t\t\t\t\t<div class=\"e-con-inner\">\n\t\t<div class=\"elementor-element elementor-element-ed7a184 e-con-full e-flex e-con e-child\" data-id=\"ed7a184\" data-element_type=\"container\" data-e-type=\"container\">\n\t\t\t\t<div class=\"elementor-element elementor-element-653645a8 elementor-widget elementor-widget-image\" data-id=\"653645a8\" data-element_type=\"widget\" data-e-type=\"widget\" data-widget_type=\"image.default\">\n\t\t\t\t\t\t\t\t\t\t\t\t\t\t\t<img fetchpriority=\"high\" decoding=\"async\" width=\"1024\" height=\"727\" src=\"https:\/\/leed.cz\/wp-content\/uploads\/2025\/11\/grafy1-1024x727.jpg\" class=\"attachment-large size-large wp-image-109\" alt srcset=\"https:\/\/leed.cz\/wp-content\/uploads\/2025\/11\/grafy1-1024x727.jpg 1024w, https:\/\/leed.cz\/wp-content\/uploads\/2025\/11\/grafy1-300x213.jpg 300w, https:\/\/leed.cz\/wp-content\/uploads\/2025\/11\/grafy1-768x545.jpg 768w, https:\/\/leed.cz\/wp-content\/uploads\/2025\/11\/grafy1.jpg 1034w\" sizes=\"(max-width: 1024px) 100vw, 1024px\">\t\t\t\t\t\t\t\t\t\t\t\t\t\t\t<\/div>\n\t\t\t\t<\/div>\n\t\t<div class=\"elementor-element elementor-element-76cffbf3 e-con-full e-flex e-con e-child\" data-id=\"76cffbf3\" data-element_type=\"container\" data-e-type=\"container\">\n\t\t\t\t<div class=\"elementor-element elementor-element-5d693c01 elementor-widget elementor-widget-heading\" data-id=\"5d693c01\" data-element_type=\"widget\" data-e-type=\"widget\" data-widget_type=\"heading.default\">\n\t\t\t\t\t<h2 class=\"elementor-heading-title elementor-size-default\">Syst\u00e9m BREEAM<\/h2>\t\t\t\t<\/div>\n\t\t\t\t<div class=\"elementor-element elementor-element-78ec024c elementor-widget elementor-widget-text-editor\" data-id=\"78ec024c\" data-element_type=\"widget\" data-e-type=\"widget\" data-widget_type=\"text-editor.default\">\n\t\t\t\t\t\t\t\t\t<p>Zajist\u00edme studie hod\u00adno\u00adcen\u00ed eko\u00adnom\u00adick\u00ad\u00e9ho cyk\u00adlu budovy (Life Cycle Costs), krit\u00e9ria pro tepel\u00adn\u00fd kom\u00adfort, v\u00fdpo\u010d\u00adty hospo\u00adda\u0159en\u00ed s&nbsp;pit\u00adnou a&nbsp;de\u0161\u0165ovou vodou, studie proveditel\u00adnos\u00adti obnovitel\u00adn\u00fdch a&nbsp;alter\u00adna\u00adtivn\u00edch zdro\u00adj\u016f, studie proveditel\u00adnos\u00adti \u00fasporn\u00fdch opat\u0159en\u00ed a&nbsp;reku\u00adper\u00adace energie, manu\u00e1\u00adly \u00faspor pro n\u00e1jem\u00adn\u00edky, dopravn\u00ed pl\u00e1n, slu\u017e\u00adby kval\u00adi\u00adfiko\u00advan\u00e9ho ekologa.<\/p><p>Studie od EkoWAT\u00adTu nej\u00adsou pouh\u00fdm sto\u00adhem pap\u00edr\u016f v&nbsp;\u0161upl\u00edku \u010dist\u011b pro \u00fa\u010de\u00adly pln\u011bn\u00ed cer\u00adti\u00adfikace, jak tomu mno\u00adhdy b\u00fdv\u00e1 u&nbsp;konkurence. V\u017edy navrhu\u00adjeme pro investo\u00adra opti\u00adm\u00e1l\u00adn\u00ed \u0159e\u0161en\u00ed, kter\u00e1 se nakonec imple\u00admen\u00adtu\u00adj\u00ed do n\u00e1vrhu budovy.<br>Nab\u00edz\u00edme t\u00e9\u017e kom\u00adplet\u00adn\u00ed slu\u017e\u00adby akred\u00adi\u00adto\u00advan\u00e9ho pro\u00adfe\u00adsion\u00e1la BREEAM AP a&nbsp;slu\u017e\u00adby spe\u00adcial\u00adi\u00adzo\u00advan\u00e9ho TDI na zprovozn\u011bn\u00ed ener\u00adget\u00adick\u00ad\u00fdch sys\u00adt\u00e9m\u016f budovy tzv. Commissioning.<\/p>\t\t\t\t\t\t\t\t<\/div>\n\t\t\t\t<\/div>\n\t\t\t\t\t<\/div>\n\t\t\t\t<\/div>\n\t\t<div class=\"elementor-element elementor-element-1d8a54e7 e-flex e-con-boxed e-con e-parent\" data-id=\"1d8a54e7\" data-element_type=\"container\" data-e-type=\"container\">\n\t\t\t\t\t<div class=\"e-con-inner\">\n\t\t\t\t<div class=\"elementor-element elementor-element-133e1bc1 elementor-widget elementor-widget-heading\" data-id=\"133e1bc1\" data-element_type=\"widget\" data-e-type=\"widget\" data-widget_type=\"heading.default\">\n\t\t\t\t\t<h2 class=\"elementor-heading-title elementor-size-default\">Jedn\u00e1 se o&nbsp;tento z\u00e1kladn\u00ed seznam kredit\u016f,<br> kter\u00e9 zpracov\u00e1v\u00e1me na&nbsp;kl\u00ed\u010d:<\/h2>\t\t\t\t<\/div>\n\t\t\t\t<div class=\"elementor-element elementor-element-4983648 elementor-widget elementor-widget-text-editor\" data-id=\"4983648\" data-element_type=\"widget\" data-e-type=\"widget\" data-widget_type=\"text-editor.default\">\n\t\t\t\t\t\t\t\t\t<table width=\"1186\"><tbody><tr><td width=\"641\">MAN01 \u2013 Slu\u017e\u00adby BREEAM AP (akred\u00adi\u00adto\u00advan\u00e9ho pro\u00adfe\u00adsion\u00e1la) pro kon\u00adcep\u00adci budovy a&nbsp;tech\u00adnologi\u00ed, pro\u00adjek\u00adtu, ten\u00addrovou a&nbsp;v\u00fds\u00adtavbovou f\u00e1zi a&nbsp;f\u00e1zi zprovozn\u011bn\u00ed budovy<p>&nbsp;<\/p><p>\u2013 Ter\u00admo\u00adgrafick\u00e9 m\u011b\u0159en\u00ed ob\u00e1lky budovy<\/p><p>\u2013 Slu\u017e\u00adby Com\u00admis\u00adsion\u00ading na kl\u00ed\u010d b\u011bhem zprovozn\u011bn\u00ed budovy i&nbsp;v&nbsp;prvn\u00edch m\u011bs\u00edc\u00edch provozu budovy<\/p><\/td><\/tr><tr><td width=\"641\">MAN02 \u2013 Po\u017ea\u00addavky na v\u00fds\u00adtavbov\u00e1 pravid\u00adla na zho\u00adtovitele. Kon\u00adtro\u00adla pln\u011bn\u00ed na staveni\u0161ti<\/td><\/tr><tr><td width=\"641\">MAN03 \u2013 Dal\u0161\u00ed po\u017ea\u00addavky na v\u00fds\u00adtavbov\u00e1 pravid\u00adla na zho\u00adtovitele. Nas\u00adtaven\u00ed pro\u00adces\u016f pro n\u011bk\u00adter\u00e9 n\u00e1ro\u010dn\u011bj\u0161\u00ed pro\u00adce\u00addury, jako sle\u00addov\u00e1n\u00ed stopy CO2 dopravy materi\u00e1l\u016f.<\/td><\/tr><tr><td width=\"641\">MAN04 \u2013 Zho\u00adtoven\u00ed manu\u00e1lu u\u017e\u00edv\u00e1n\u00ed budovy<p>&nbsp;<\/p><p>\u2013&nbsp; N\u00e1vrh pr\u016fzku\u00admu spoko\u00adjenos\u00adti s&nbsp;kval\u00adi\u00adtou vnit\u0159n\u00edho prost\u0159ed\u00ed<\/p><\/td><\/tr><tr><td width=\"641\">MAN05&nbsp; \u2013 Anal\u00fdza eko\u00adnom\u00adick\u00ad\u00e9ho \u017eiv\u00adot\u00adn\u00edho cyk\u00adlu budovy inves\u00adtice \u2013 provozn\u00ed n\u00e1k\u00adla\u00addy v\u010det\u00adn\u011b rein\u00adves\u00adtic dle ISO&nbsp;15686\u20135:2008 v&nbsp;kon\u00adcep\u010dn\u00ed f\u00e1zi pro\u00adjek\u00adtu, anal\u00fdza ale\u00adspo\u0148 2&nbsp;vari\u00adant \u0159e\u0161en\u00ed ob\u00e1lky budovy nebo TZB<p>&nbsp;<\/p><p>\u2013 Zho\u00adtoven\u00ed \u00fadr\u017ebov\u00e9ho a&nbsp;rein\u00advesti\u010dn\u00edho pl\u00e1nu budovy<\/p><\/td><\/tr><tr><td width=\"641\">HEA02 \u2013 Inter\u00adpre\u00adtace kred\u00adi\u00adtu pro v\u00fdb\u011br n\u00edzkoemis\u00adn\u00edch mater\u00adi\u00e1l\u016f + kon\u00adtro\u00adla pln\u011bn\u00ed b\u011bhem stavby<\/td><\/tr><tr><td width=\"641\">HEA03 \u2013 Studie nas\u00adtaven\u00ed n\u00e1vrhov\u00fdch para\u00admetr\u016f tepel\u00adn\u00e9ho kom\u00adfor\u00adtu, zad\u00e1n\u00ed pro pro\u00adjek\u010dn\u00ed t\u00fdm<p>&nbsp;<\/p><p>\u2013 Mod\u00ade\u00adlov\u00e1n\u00ed tepel\u00adn\u00e9ho kom\u00adfor\u00adtu v&nbsp;poby\u00adtov\u00fdch pros\u00adtor\u00e1ch for\u00admou zjednodu\u0161en\u00e9ho CFD modelu<\/p><\/td><\/tr><tr><td width=\"641\">ENE01 \u2013 Pr\u016fkaz ener\u00adget\u00adick\u00e9 n\u00e1ro\u010dnos\u00adti budovy zpra\u00adco\u00adv\u00adan\u00fd ve schv\u00e1len\u00e9m soft\u00adware, v\u010det\u00adn\u011b leg\u00adisla\u00adtivn\u011b povin\u00adn\u00e9ho ener\u00adget\u00adick\u00ad\u00e9ho posud\u00adku<p>&nbsp;<\/p><p>\u2013 P\u0159\u00ed\u00adpad\u00adn\u011b dynam\u00adick\u00fd ener\u00adget\u00adick\u00fd mod\u00adel budovy s&nbsp;ref\u00ader\u00aden\u010dn\u00ed budovou dle \u010desk\u00e9 legislativy<\/p><\/td><\/tr><tr><td width=\"641\">ENE02 \u2013 Kon\u00adcept podru\u017en\u00e9ho m\u011b\u0159en\u00ed energie<\/td><\/tr><tr><td width=\"641\">ENE04 \u2013 Studie alter\u00adna\u00adtivn\u00edch a&nbsp;obnovitel\u00adn\u00fdch zdro\u00adj\u016f energie v\u010det\u00adn\u011b r\u016fzn\u00fdch forem reku\u00adper\u00adace energie v&nbsp;budov\u011b<\/td><\/tr><tr><td width=\"641\">WAT01 \u2013 V\u00fdpo\u010det bilance pit\u00adn\u00e9 vody v&nbsp;objek\u00adtu, v\u00fdpo\u010det vyu\u017eit\u00ed de\u0161\u0165ov\u00e9 vody\/\u0161ed\u00e9 vody\/procesn\u00ed&nbsp; a&nbsp;tech\u00adno\u00adlog\u00adick\u00e9&nbsp;vody<\/td><\/tr><tr><td width=\"641\">WAT02 \u2013 Kon\u00adcept podru\u017en\u00e9ho m\u011b\u0159en\u00ed spot\u0159e\u00adby&nbsp;vody<\/td><\/tr><tr><td width=\"641\">MAT01 \u2013 Anal\u00fdza envi\u00adron\u00admen\u00adt\u00e1l\u00adn\u00edho \u017eiv\u00adot\u00adn\u00edho cyk\u00adlu budovu v&nbsp;IMPACT software<\/td><\/tr><tr><td width=\"641\">MAT03,MAT04 \u2013 Nas\u00adtaven\u00ed krit\u00e9ri\u00ed pro v\u00fdb\u011br staveb\u00adn\u00edch mater\u00adi\u00e1l\u016f s&nbsp;\u0161etrn\u00fdm p\u016fvo\u00addem + kon\u00adtro\u00adla pln\u011bn\u00ed b\u011bhem stavby<\/td><\/tr><tr><td width=\"641\">WST01 \u2013 Zpra\u00adcov\u00ad\u00e1n\u00ed pl\u00e1nu hospo\u00adda\u0159en\u00ed s&nbsp;odpadem<\/td><\/tr><tr><td width=\"641\">LE01 a\u017e LE05 \u2013 Slu\u017e\u00adby kval\u00adi\u00adfiko\u00advan\u00e9ho ekolo\u00adga pro zachov\u00e1n\u00ed a&nbsp;vylep\u0161en\u00ed eko\u00adlog\u00adick\u00e9 hod\u00adno\u00adty \u00fazem\u00ed a&nbsp;stav\u00adby, pravid\u00adla pro zachov\u00e1n\u00ed eko\u00adlog\u00adick\u00e9 hod\u00adno\u00adty v&nbsp;r\u00e1m\u00adci provozu budovy<\/td><\/tr><\/tbody><\/table>\t\t\t\t\t\t\t\t<\/div>\n\t\t\t\t\t<\/div>\n\t\t\t\t<\/div>\n\t\t<div class=\"elementor-element elementor-element-3bb0228f e-flex e-con-boxed e-con e-parent\" data-id=\"3bb0228f\" data-element_type=\"container\" data-e-type=\"container\" data-settings=\"{&quot;background_background&quot;:&quot;classic&quot;}\">\n\t\t\t\t\t<div class=\"e-con-inner\">\n\t\t<div class=\"elementor-element elementor-element-43f59ae3 e-con-full e-flex e-con e-child\" data-id=\"43f59ae3\" data-element_type=\"container\" data-e-type=\"container\">\n\t\t\t\t<div class=\"elementor-element elementor-element-63b73c54 elementor-widget elementor-widget-heading\" data-id=\"63b73c54\" data-element_type=\"widget\" data-e-type=\"widget\" data-widget_type=\"heading.default\">\n\t\t\t\t\t<h2 class=\"elementor-heading-title elementor-size-default\">M\u00e1te z\u00e1jem o&nbsp;na\u0161e slu\u017eby?<\/h2>\t\t\t\t<\/div>\n\t\t\t\t<div class=\"elementor-element elementor-element-73a8c2a1 elementor-widget elementor-widget-text-editor\" data-id=\"73a8c2a1\" data-element_type=\"widget\" data-e-type=\"widget\" data-widget_type=\"text-editor.default\">\n\t\t\t\t\t\t\t\t\t<p>Napi\u0161te n\u00e1m nebo zav\u00adole\u00adjte, r\u00e1di V\u00e1m pom\u016f\u017eeme.<\/p>\t\t\t\t\t\t\t\t<\/div>\n\t\t\t\t<div class=\"elementor-element elementor-element-324cb0cf elementor-widget__width-auto elementor-align-center elementor-widget elementor-widget-button\" data-id=\"324cb0cf\" data-element_type=\"widget\" data-e-type=\"widget\" data-widget_type=\"button.default\">\n\t\t\t\t\t\t\t\t\t\t<a class=\"elementor-button elementor-button-link elementor-size-sm elementor-animation-grow\" href=\"https:\/\/ekowatt.cz\/index.php\/kontakt\/\" target=\"_blank\">\n\t\t\t\t\t\t<span class=\"elementor-button-content-wrapper\">\n\t\t\t\t\t\t\t\t\t<span class=\"elementor-button-text\">Kon\u00adtak\u00adtu\u00adjte&nbsp;n\u00e1s<\/span>\n\t\t\t\t\t<\/span>\n\t\t\t\t\t<\/a>\n\t\t\t\t\t\t\t\t<\/div>\n\t\t\t\t<\/div>\n\t\t\t\t\t<\/div>\n\t\t\t\t<\/div>\n\t\t\t\t<\/div>\n\t\t","protected":false},"excerpt":{"rendered":"<p>Studie a&nbsp;v\u00fdpo\u010d\u00adty pro kred\u00adi\u00adty BREEAM Sys\u00adt\u00e9m BREEAM Zajist\u00edme studie hod\u00adno\u00adcen\u00ed eko\u00adnom\u00adick\u00ad\u00e9ho cyk\u00adlu budovy (Life Cycle Costs), krit\u00e9ria pro tepel\u00adn\u00fd komfort,&nbsp;[\u2026]<\/p>\n","protected":false},"author":1,"featured_media":0,"parent":0,"menu_order":0,"comment_status":"closed","ping_status":"closed","template":"","meta":{"wp_typography_post_enhancements_disabled":false,"site-sidebar-layout":"no-sidebar","site-content-layout":"","ast-site-content-layout":"full-width-container","site-content-style":"default","site-sidebar-style":"default","ast-global-header-display":"","ast-banner-title-visibility":"","ast-main-header-display":"","ast-hfb-above-header-display":"","ast-hfb-below-header-display":"","ast-hfb-mobile-header-display":"","site-post-title":"","ast-breadcrumbs-content":"","ast-featured-img":"disabled","footer-sml-layout":"","ast-disable-related-posts":"","theme-transparent-header-meta":"","adv-header-id-meta":"","stick-header-meta":"","header-above-stick-meta":"","header-main-stick-meta":"","header-below-stick-meta":"","astra-migrate-meta-layouts":"default","ast-page-background-enabled":"default","ast-page-background-meta":{"desktop":{"background-color":"var(--ast-global-color-5)","background-image":"","background-repeat":"repeat","background-position":"center center","background-size":"auto","background-attachment":"scroll","background-type":"","background-media":"","overlay-type":"","overlay-color":"","overlay-opacity":"","overlay-gradient":""},"tablet":{"background-color":"","background-image":"","background-repeat":"repeat","background-position":"center center","background-size":"auto","background-attachment":"scroll","background-type":"","background-media":"","overlay-type":"","overlay-color":"","overlay-opacity":"","overlay-gradient":""},"mobile":{"background-color":"","background-image":"","background-repeat":"repeat","background-position":"center center","background-size":"auto","background-attachment":"scroll","background-type":"","background-media":"","overlay-type":"","overlay-color":"","overlay-opacity":"","overlay-gradient":""}},"ast-content-background-meta":{"desktop":{"background-color":"var(--ast-global-color-4)","background-image":"","background-repeat":"repeat","background-position":"center center","background-size":"auto","background-attachment":"scroll","background-type":"","background-media":"","overlay-type":"","overlay-color":"","overlay-opacity":"","overlay-gradient":""},"tablet":{"background-color":"var(--ast-global-color-4)","background-image":"","background-repeat":"repeat","background-position":"center center","background-size":"auto","background-attachment":"scroll","background-type":"","background-media":"","overlay-type":"","overlay-color":"","overlay-opacity":"","overlay-gradient":""},"mobile":{"background-color":"var(--ast-global-color-4)","background-image":"","background-repeat":"repeat","background-position":"center center","background-size":"auto","background-attachment":"scroll","background-type":"","background-media":"","overlay-type":"","overlay-color":"","overlay-opacity":"","overlay-gradient":""}},"footnotes":""},"class_list":["post-288","page","type-page","status-publish","hentry"],"_links":{"self":[{"href":"https:\/\/leed.cz\/index.php\/wp-json\/wp\/v2\/pages\/288","targetHints":{"allow":["GET"]}}],"collection":[{"href":"https:\/\/leed.cz\/index.php\/wp-json\/wp\/v2\/pages"}],"about":[{"href":"https:\/\/leed.cz\/index.php\/wp-json\/wp\/v2\/types\/page"}],"author":[{"embeddable":true,"href":"https:\/\/leed.cz\/index.php\/wp-json\/wp\/v2\/users\/1"}],"replies":[{"embeddable":true,"href":"https:\/\/leed.cz\/index.php\/wp-json\/wp\/v2\/comments?post=288"}],"version-history":[{"count":16,"href":"https:\/\/leed.cz\/index.php\/wp-json\/wp\/v2\/pages\/288\/revisions"}],"predecessor-version":[{"id":791,"href":"https:\/\/leed.cz\/index.php\/wp-json\/wp\/v2\/pages\/288\/revisions\/791"}],"wp:attachment":[{"href":"https:\/\/leed.cz\/index.php\/wp-json\/wp\/v2\/media?parent=288"}],"curies":[{"name":"wp","href":"https:\/\/api.w.org\/{rel}","templated":true}]}}