{"id":290,"date":"2025-12-11T12:35:51","date_gmt":"2025-12-11T12:35:51","guid":{"rendered":"https:\/\/novy.leed.cz\/?page_id=290"},"modified":"2026-02-23T16:29:13","modified_gmt":"2026-02-23T16:29:13","slug":"studie-a-vypocty-pro-kredity-leed","status":"publish","type":"page","link":"https:\/\/leed.cz\/index.php\/studie-a-vypocty-pro-kredity-leed\/","title":{"rendered":"Studie a&nbsp;v\u00fdpo\u010dty pro kredity LEED"},"content":{"rendered":"\t\t<div data-elementor-type=\"wp-page\" data-elementor-id=\"290\" class=\"elementor elementor-290\">\n\t\t\t\t<div class=\"elementor-element elementor-element-274b8821 e-flex e-con-boxed e-con e-parent\" data-id=\"274b8821\" data-element_type=\"container\" data-e-type=\"container\" data-settings=\"{&quot;background_background&quot;:&quot;classic&quot;}\">\n\t\t\t\t\t<div class=\"e-con-inner\">\n\t\t\t\t<div class=\"elementor-element elementor-element-680571fb elementor-widget elementor-widget-heading\" data-id=\"680571fb\" data-element_type=\"widget\" data-e-type=\"widget\" data-widget_type=\"heading.default\">\n\t\t\t\t\t<h1 class=\"elementor-heading-title elementor-size-default\">Studie a&nbsp;v\u00fdpo\u010dty pro kredity LEED<\/h1>\t\t\t\t<\/div>\n\t\t\t\t\t<\/div>\n\t\t\t\t<\/div>\n\t\t<div class=\"elementor-element elementor-element-8aa7bd7 e-flex e-con-boxed e-con e-parent\" data-id=\"8aa7bd7\" data-element_type=\"container\" data-e-type=\"container\">\n\t\t\t\t\t<div class=\"e-con-inner\">\n\t\t<div class=\"elementor-element elementor-element-c3924f8 e-con-full e-flex e-con e-child\" data-id=\"c3924f8\" data-element_type=\"container\" data-e-type=\"container\">\n\t\t\t\t<div class=\"elementor-element elementor-element-3b5f2ed9 elementor-widget elementor-widget-image\" data-id=\"3b5f2ed9\" data-element_type=\"widget\" data-e-type=\"widget\" data-widget_type=\"image.default\">\n\t\t\t\t\t\t\t\t\t\t\t\t\t\t\t<img fetchpriority=\"high\" decoding=\"async\" width=\"1024\" height=\"727\" src=\"https:\/\/leed.cz\/wp-content\/uploads\/2025\/11\/grafy1-1024x727.jpg\" class=\"attachment-large size-large wp-image-109\" alt srcset=\"https:\/\/leed.cz\/wp-content\/uploads\/2025\/11\/grafy1-1024x727.jpg 1024w, https:\/\/leed.cz\/wp-content\/uploads\/2025\/11\/grafy1-300x213.jpg 300w, https:\/\/leed.cz\/wp-content\/uploads\/2025\/11\/grafy1-768x545.jpg 768w, https:\/\/leed.cz\/wp-content\/uploads\/2025\/11\/grafy1.jpg 1034w\" sizes=\"(max-width: 1024px) 100vw, 1024px\">\t\t\t\t\t\t\t\t\t\t\t\t\t\t\t<\/div>\n\t\t\t\t<\/div>\n\t\t<div class=\"elementor-element elementor-element-7822a26 e-con-full e-flex e-con e-child\" data-id=\"7822a26\" data-element_type=\"container\" data-e-type=\"container\">\n\t\t\t\t<div class=\"elementor-element elementor-element-a11956a elementor-widget elementor-widget-heading\" data-id=\"a11956a\" data-element_type=\"widget\" data-e-type=\"widget\" data-widget_type=\"heading.default\">\n\t\t\t\t\t<h2 class=\"elementor-heading-title elementor-size-default\">Syst\u00e9m LEED<\/h2>\t\t\t\t<\/div>\n\t\t\t\t<div class=\"elementor-element elementor-element-4bbc4a29 elementor-widget elementor-widget-text-editor\" data-id=\"4bbc4a29\" data-element_type=\"widget\" data-e-type=\"widget\" data-widget_type=\"text-editor.default\">\n\t\t\t\t\t\t\t\t\t<p>EkoWATT nab\u00edz\u00ed ve\u0161k\u00ader\u00e9 slu\u017e\u00adby k&nbsp;cer\u00adti\u00adfikaci LEED na kl\u00ed\u010d. V&nbsp;p\u0159\u00ed\u00adpad\u011b z\u00e1j\u00admu je v\u0161ak pocho\u00adpitel\u00adn\u011b mo\u017en\u00e9 spolupra\u00adco\u00adv\u00adat i&nbsp;na \u00farovni jed\u00adnotliv\u00fdch kred\u00adit\u016f. Mimo ener\u00adget\u00adick\u00e9 sim\u00adu\u00adlace nab\u00edz\u00edme vypra\u00adcov\u00ad\u00e1n\u00ed v\u00fdpo\u010dt\u016f hospo\u00adda\u0159en\u00ed s&nbsp;pit\u00adnou a&nbsp;de\u0161\u0165ovou vodou, n\u00e1vrhov\u00e9ho mno\u017estv\u00ed vzduchu, tepel\u00adn\u00e9ho kom\u00adfor\u00adtu, sim\u00adu\u00adlace den\u00adn\u00edho osv\u011btlen\u00ed a&nbsp;v\u00fdh\u00adle\u00addov\u00fdch pom\u011br\u016f. Zpra\u00adcov\u00ad\u00e1v\u00e1me pl\u00e1ny pro\u00adtierozn\u00edch a&nbsp;sed\u00adi\u00admen\u00adta\u010dn\u00edch opat\u0159en\u00ed, staveb\u00adn\u00edho odpadov\u00e9ho hospod\u00e1\u0159stv\u00ed, kval\u00adi\u00adty vnit\u0159n\u00edho prost\u0159ed\u00ed b\u011bhem v\u00fds\u00adtav\u00adby a&nbsp;mno\u00adho dal\u0161\u00edho.<br>Nab\u00edz\u00edme t\u00e9\u017e kom\u00adplet\u00adn\u00ed slu\u017e\u00adby spe\u00adcial\u00adi\u00adzo\u00advan\u00e9ho TDI na zprovozn\u011bn\u00ed ener\u00adget\u00adick\u00ad\u00fdch sys\u00adt\u00e9m\u016f budovy tzv. Commissioning.<\/p>\t\t\t\t\t\t\t\t<\/div>\n\t\t\t\t<\/div>\n\t\t\t\t\t<\/div>\n\t\t\t\t<\/div>\n\t\t<div class=\"elementor-element elementor-element-31fae09 e-flex e-con-boxed e-con e-parent\" data-id=\"31fae09\" data-element_type=\"container\" data-e-type=\"container\">\n\t\t\t\t\t<div class=\"e-con-inner\">\n\t\t\t\t<div class=\"elementor-element elementor-element-f337bbd elementor-widget elementor-widget-heading\" data-id=\"f337bbd\" data-element_type=\"widget\" data-e-type=\"widget\" data-widget_type=\"heading.default\">\n\t\t\t\t\t<h2 class=\"elementor-heading-title elementor-size-default\">Jedn\u00e1 se o&nbsp;tento z\u00e1kladn\u00ed seznam kredit\u016f,<br> kter\u00e9 zpracov\u00e1v\u00e1me na&nbsp;kl\u00ed\u010d:<\/h2>\t\t\t\t<\/div>\n\t\t\t\t<div class=\"elementor-element elementor-element-4369b36 elementor-widget elementor-widget-text-editor\" data-id=\"4369b36\" data-element_type=\"widget\" data-e-type=\"widget\" data-widget_type=\"text-editor.default\">\n\t\t\t\t\t\t\t\t\t<table width=\"1119\"><tbody><tr><td width=\"321\"><strong>LEED v3&nbsp;2009<\/strong><\/td><td width=\"321\"><strong>LEED v4<\/strong><\/td><\/tr><tr><td width=\"321\"><strong>&nbsp;<\/strong><\/td><td width=\"321\"><strong>&nbsp;<\/strong><\/td><\/tr><tr><td width=\"321\"><strong>&nbsp;<\/strong><\/td><td width=\"321\">IPc1 \u2013 Vytvo\u0159en\u00ed staveb\u00adn\u00edho a&nbsp;tech\u00adno\u00adlog\u00adick\u00ad\u00e9ho ener\u00adget\u00adick\u00ad\u00e9ho kon\u00adcep\u00adtu budovy, vytvo\u0159en\u00ed kon\u00adcep\u00adtu hospo\u00adda\u0159en\u00ed s&nbsp;de\u0161\u0165ovou vodou v\u010det\u00adn\u011b r\u00e1m\u00adcov\u00ad\u00fdch eko\u00adnom\u00adick\u00ad\u00fdch roz\u00advah, bl\u00ed\u017ee viz Kon\u00adcept E\u2011E-E<\/td><\/tr><tr><td width=\"321\">SSp1 \u2013 Pl\u00e1n pro\u00adtierozn\u00edch a&nbsp;sed\u00adi\u00admen\u00adta\u010dn\u00edch opat\u0159en\u00ed + kon\u00adtroly prov\u00e1d\u011bn\u00ed na staveni\u0161ti<\/td><td width=\"321\">SSp1 \u2013 Pl\u00e1n pro\u00adtierozn\u00edch a&nbsp;sed\u00adi\u00admen\u00adta\u010dn\u00edch opat\u0159en\u00ed + kon\u00adtroly prov\u00e1d\u011bn\u00ed na staveni\u0161ti<\/td><\/tr><tr><td width=\"321\">SSc5.1 \u2013 Asis\u00adtence v\u00fdb\u011bru m\u00edst\u00adn\u00edch druh\u016f ros\u00adtlin a&nbsp;jejich obhajoba<\/td><td width=\"321\">SSc2 \u2013 Asis\u00adtence v\u00fdb\u011bru m\u00edst\u00adn\u00edch druh\u016f ros\u00adtlin a&nbsp;jejich obhajoba<\/td><\/tr><tr><td width=\"321\">SSc6.1+6.2 \u2013 V\u00fdpo\u010d\u00adty a&nbsp;obha\u00adjo\u00adba hospo\u00adda\u0159en\u00ed s&nbsp;de\u0161\u0165ovou vodou<\/td><td width=\"321\">SSc4 \u2013 Kon\u00adcepce a&nbsp;propo\u010d\u00adty hospo\u00adda\u0159en\u00ed s&nbsp;de\u0161\u0165ovou vodou pro zachycen\u00ed nad\u00adm\u011brn\u00fdch de\u0161\u0165\u016f na pozemku<\/td><\/tr><tr><td width=\"321\">SSc7.1 \u2013 Asis\u00adtence p\u0159i v\u00fdb\u011bru tepel\u00adn\u011b odrazn\u00fdch povrch\u016f, v\u00fdpo\u010d\u00adty a&nbsp;obha\u00adjo\u00adba kreditu<\/td><td width=\"321\">SSc5 \u2013 Asis\u00adtence p\u0159i v\u00fdb\u011bru tepel\u00adn\u011b odrazn\u00fdch povrch\u016f, v\u00fdpo\u010d\u00adty a&nbsp;obha\u00adjo\u00adba kreditu<\/td><\/tr><tr><td width=\"321\">SSc8 \u2013 Asis\u00adtence pro pln\u011bn\u00ed kred\u00adi\u00adtu sv\u011btel\u00adn\u00e9ho zne\u010di\u0161t\u011bn\u00ed oblohy<\/td><td width=\"321\">SSc6 \u2013 Asis\u00adtence pro pln\u011bn\u00ed kred\u00adi\u00adtu sv\u011btel\u00adn\u00e9ho zne\u010di\u0161t\u011bn\u00ed oblohy<\/td><\/tr><tr><td width=\"321\">WEp1, WEc2, WEc3 \u2013 Vhod\u00adn\u00e9 n\u00e1vrhy pln\u011bn\u00ed, podrob\u00adn\u00e9 v\u00fdpo\u010d\u00adty pro pln\u011bn\u00ed kred\u00adit\u016f \u00faspory pit\u00adn\u00e9 vody v&nbsp;r\u00e1m\u00adci \u00fasporn\u00fdch armatur, sb\u011bru de\u0161\u0165ov\u00e9\/\u0161ed\u00e9\/procesn\u00ed vody<\/td><td width=\"321\">WEp2, WEc2 \u2013 Vhod\u00adn\u00e9 n\u00e1vrhy pln\u011bn\u00ed, podrob\u00adn\u00e9 v\u00fdpo\u010d\u00adty pro pln\u011bn\u00ed kred\u00adit\u016f \u00faspory pit\u00adn\u00e9 vody v\u010det\u00adn\u011b kuchy\u0148sk\u00fdch za\u0159\u00edzen\u00ed a&nbsp;jin\u00fdch pro\u00adces\u00adn\u00edch vod v&nbsp;r\u00e1m\u00adci \u00fasporn\u00fdch armatur, sb\u011bru de\u0161\u0165ov\u00e9\/\u0161ed\u00e9\/procesn\u00ed vody<\/td><\/tr><tr><td width=\"321\">WEc1 \u2013 Vhod\u00adn\u00e9 n\u00e1vrhy pln\u011bn\u00ed venkovn\u00edch z\u00e1vlah, v\u00fdpo\u010d\u00adty pro pot\u0159e\u00adby cer\u00adti\u00adfikace a&nbsp;jejich obhajoba<\/td><td width=\"321\">WEp1, WEc1 \u2013 Vhod\u00adn\u00e9 n\u00e1vrhy pln\u011bn\u00ed venkovn\u00edch z\u00e1vlah, v\u00fdpo\u010d\u00adty pro pot\u0159e\u00adby cer\u00adti\u00adfikace a&nbsp;jejich obhajoba<\/td><\/tr><tr><td width=\"321\">&nbsp;<\/td><td width=\"321\">WEc4 \u2013 Kon\u00adcepce podru\u017en\u00e9ho m\u011b\u0159en\u00ed spot\u0159e\u00adby&nbsp;vody<\/td><\/tr><tr><td width=\"321\">EAp1, EAc3&nbsp; \u2013 Zaji\u0161t\u011bn\u00ed slu\u017eeb Com\u00admis\u00adsioningu TZB na&nbsp;kl\u00ed\u010d<\/td><td width=\"321\">EAp1, EAc1 \u2013 Zaji\u0161t\u011bn\u00ed slu\u017eeb Com\u00admis\u00adsioningu TZB a&nbsp;kval\u00adi\u00adty prove\u00adden\u00ed ob\u00e1lky budovy na&nbsp;kl\u00ed\u010d<\/td><\/tr><tr><td width=\"321\">EAp2, EAc1 \u2013 3D dynam\u00adick\u00e1 sim\u00adu\u00adlace chov\u00e1n\u00ed budovy, porovn\u00e1n\u00ed s&nbsp;ref\u00ader\u00aden\u010dn\u00ed budovou dle ASHRAE 90.1:2007<\/td><td width=\"321\">EAp2, EAc2 \u2013 3D dynam\u00adick\u00e1 sim\u00adu\u00adlace chov\u00e1n\u00ed budovy, porovn\u00e1n\u00ed s&nbsp;ref\u00ader\u00aden\u010dn\u00ed budovou dle p\u0159\u00eds\u00adn\u011bj\u0161\u00edho ASHRAE 90.1:2010<\/td><\/tr><tr><td width=\"321\">EAc2 \u2013 V\u00fdpo\u010det m\u00edst\u00adn\u00ed pro\u00addukce a&nbsp;vyu\u017eitel\u00adnos\u00adti z&nbsp;obnovitel\u00adn\u00fdch zdro\u00adj\u016f v\u010det\u00adn\u011b eko\u00adnom\u00adick\u00e9 proveditelnosti<\/td><td width=\"321\">EAc5 \u2013 V\u00fdpo\u010det m\u00edst\u00adn\u00ed pro\u00addukce a&nbsp;vyu\u017eitel\u00adnos\u00adti z&nbsp;obnovitel\u00adn\u00fdch zdro\u00adj\u016f v\u010det\u00adn\u011b eko\u00adnom\u00adick\u00e9 proveditelnosti<\/td><\/tr><tr><td width=\"321\">EAc5 \u2013 Kon\u00adcept podru\u017en\u00e9ho m\u011b\u0159en\u00ed spot\u0159eb energie, Pl\u00e1n m\u011b\u0159en\u00ed a&nbsp;ver\u00adi\u00adfikace, Kali\u00adbrace dynam\u00adick\u00ad\u00e9ho ener\u00adget\u00adick\u00ad\u00e9ho mod\u00adelu po uve\u00adden\u00ed budovy do provozu<\/td><td width=\"321\">EAc3 \u2013 Kon\u00adcept podru\u017en\u00e9ho m\u011b\u0159en\u00ed spot\u0159eb energie, Pl\u00e1n m\u011b\u0159en\u00ed a&nbsp;ver\u00adi\u00adfikace, Kali\u00adbrace dynam\u00adick\u00ad\u00e9ho ener\u00adget\u00adick\u00ad\u00e9ho mod\u00adelu po uve\u00adden\u00ed budovy do provozu<\/td><\/tr><tr><td width=\"321\">MRc2 \u2013 Pl\u00e1n odpadov\u00e9ho hospod\u00e1\u0159stv\u00ed b\u011bhem v\u00fdstavby<\/td><td width=\"321\">MRp2, MRc5 \u2013 Pl\u00e1n odpadov\u00e9ho hospod\u00e1\u0159stv\u00ed b\u011bhem v\u00fdstavby<\/td><\/tr><tr><td width=\"321\">&nbsp;<\/td><td width=\"321\">MRc1 \u2013 Zjednodu\u0161en\u00e1 envi\u00adron\u00admen\u00adt\u00e1l\u00adn\u00ed anal\u00fdza \u017eiv\u00adot\u00adn\u00edho cyk\u00adlu budovy (Life Cycle Assesment)<\/td><\/tr><tr><td width=\"321\">&nbsp;<\/td><td width=\"321\">MRc2, MRc3, MRc4 \u2013 Inter\u00adpre\u00adtace vysoce ino\u00adv\u00ada\u00adtivn\u00edch kred\u00adit\u016f s&nbsp;c\u00edlem opti\u00admal\u00adizace a&nbsp;klasi\u00adfikace zabu\u00addovan\u00e9ho vlivu na \u017eiv\u00adot\u00adn\u00ed prost\u0159ed\u00ed a&nbsp;zdravot\u00adn\u00ed nez\u00e1\u00advad\u00adnos\u00adti staveb\u00adn\u00edch mater\u00adi\u00e1l\u016f, re\u0161er\u0161e trhu a&nbsp;zac\u00edlen\u00ed kred\u00adi\u00adtu pro v\u00fdb\u011br staveb\u00adn\u00edch materi\u00e1l\u016f<\/td><\/tr><tr><td width=\"321\">MRc4 \u2013 Nas\u00adtaven\u00ed sle\u00addov\u00e1n\u00ed obsahu recyk\u00adl\u00e1t\u016f ve staveb\u00adn\u00edch materi\u00e1lech<\/td><td width=\"321\">&nbsp;<\/td><\/tr><tr><td width=\"321\">MRc5 \u2013 Nas\u00adtaven\u00ed sle\u00addov\u00e1n\u00ed region\u00e1l\u00adn\u00edho p\u016fvo\u00addu materi\u00e1l\u016f<\/td><td width=\"321\">&nbsp;<\/td><\/tr><tr><td width=\"321\">IEQp1, IEQc1, IEQc5 \u2013 V\u00fdpo\u010d\u00adty po jed\u00adnotliv\u00fdch m\u00edst\u00adnos\u00adtech pro \u00fa\u010de\u00adly nas\u00adtaven\u00ed a&nbsp;prok\u00e1z\u00e1n\u00ed v\u00fdm\u011bny \u010der\u00adstv\u00e9ho vzduchu<\/td><td width=\"321\">IEQp1, IEQc1 \u2013 V\u00fdpo\u010d\u00adty po jed\u00adnotliv\u00fdch m\u00edst\u00adnos\u00adtech pro \u00fa\u010de\u00adly nas\u00adtaven\u00ed a&nbsp;prok\u00e1z\u00e1n\u00ed v\u00fdm\u011bny \u010der\u00adstv\u00e9ho vzduchu<\/td><\/tr><tr><td width=\"321\">IEQc3.1&nbsp; \u2013&nbsp; Pl\u00e1n kval\u00adi\u00adty vnit\u0159n\u00edho prost\u0159ed\u00ed b\u011bhem v\u00fds\u00adtav\u00adby + kon\u00adtroly jeho pln\u011bn\u00ed b\u011bhem v\u00fdstavby<\/td><td width=\"321\">IEQc3 \u2013 Pl\u00e1n kval\u00adi\u00adty vnit\u0159n\u00edho prost\u0159ed\u00ed b\u011bhem v\u00fds\u00adtav\u00adby + kon\u00adtroly jeho pln\u011bn\u00ed b\u011bhem v\u00fdstavby<\/td><\/tr><tr><td width=\"321\">IEQc4 \u2013 Nas\u00adtaven\u00ed a&nbsp;inter\u00adpre\u00adtace po\u017ea\u00addavk\u016f obsahu t\u011bkav\u00fdch l\u00e1tek v&nbsp;mater\u00adi\u00e1lech + kon\u00adtro\u00adla pln\u011bn\u00ed b\u011bhem stavby<\/td><td width=\"321\">IEQc2 \u2013 Nas\u00adtaven\u00ed a&nbsp;inter\u00adpre\u00adtace roz\u0161\u00ed\u0159en\u00fdch po\u017ea\u00addavk\u016f obsahu t\u011bkav\u00fdch l\u00e1tek v&nbsp;mater\u00adi\u00e1lech + kon\u00adtro\u00adla pln\u011bn\u00ed b\u011bhem stavby<\/td><\/tr><tr><td width=\"321\">IEQc6.1, IEQc6.2 \u2013 Nas\u00adtaven\u00ed pro\u00adjek\u00adtu a&nbsp;d\u016fkaz mo\u017enos\u00adti indi\u00advidu\u00e1l\u00adn\u00edho ovl\u00e1d\u00e1n\u00ed osv\u011btlenos\u00adti a&nbsp;tepel\u00adn\u00e9ho kom\u00adfor\u00adtu v&nbsp;m\u00edstech poby\u00adtu&nbsp;osob<\/td><td width=\"321\">IEQc6 \u2013 Nas\u00adtaven\u00ed pro\u00adjek\u00adtu a&nbsp;d\u016fkaz mo\u017enos\u00adti indi\u00advidu\u00e1l\u00adn\u00edho ovl\u00e1d\u00e1n\u00ed osv\u011btlenos\u00adti a&nbsp;kval\u00adi\u00adty osv\u011btlen\u00ed v&nbsp;m\u00edstech poby\u00adtu&nbsp;osob<\/td><\/tr><tr><td width=\"321\">IEQc7 \u2013 Nas\u00adtaven\u00ed c\u00edlov\u00fdch para\u00admetr\u016f tepel\u00adn\u00e9ho kom\u00adfor\u00adtu a&nbsp;pr\u016fzku\u00admu spoko\u00adjenos\u00adti s&nbsp;u\u017e\u00edv\u00e1n\u00edm budovy<\/td><td width=\"321\">IEQc5 \u2013 Nas\u00adtaven\u00ed c\u00edlov\u00fdch para\u00admetr\u016f tepel\u00adn\u00e9ho kom\u00adfor\u00adtu a&nbsp;pr\u016fzku\u00admu spoko\u00adjenos\u00adti s&nbsp;u\u017e\u00edv\u00e1n\u00edm budovy<\/td><\/tr><tr><td width=\"321\">IEQc8.1 \u2013 3D po\u010d\u00ed\u00adta\u010dov\u00e1 sim\u00adu\u00adlace a&nbsp;vyhod\u00adno\u00adcen\u00ed dos\u00adtup\u00adnos\u00adti den\u00adn\u00edho sv\u011bt\u00adla v&nbsp;u\u017e\u00ed\u00advan\u00fdch m\u00edst\u00adnos\u00adtech budovy<\/td><td width=\"321\">IEQc7 \u2013 3D po\u010d\u00ed\u00adta\u010dov\u00e1 sim\u00adu\u00adlace a&nbsp;vyhod\u00adno\u00adcen\u00ed dos\u00adtup\u00adnos\u00adti den\u00adn\u00edho sv\u011bt\u00adla v&nbsp;u\u017e\u00ed\u00advan\u00fdch m\u00edst\u00adnos\u00adtech budovy<\/td><\/tr><tr><td width=\"321\">IEQc8.2&nbsp; \u2013 Vyhod\u00adno\u00adcen\u00ed v\u00fdh\u00adle\u00addov\u00fdch pom\u011br\u016f v&nbsp;poby\u00adtov\u00fdch m\u00edst\u00adnos\u00adtech pro pot\u0159e\u00adby certifikace<\/td><td width=\"321\">IEQc8 \u2013 Vyhod\u00adno\u00adcen\u00ed v\u00fdh\u00adle\u00addov\u00fdch pom\u011br\u016f v&nbsp;poby\u00adtov\u00fdch m\u00edst\u00adnos\u00adtech pro pot\u0159e\u00adby certifikace<\/td><\/tr><\/tbody><\/table><p>&nbsp;<\/p>\t\t\t\t\t\t\t\t<\/div>\n\t\t\t\t\t<\/div>\n\t\t\t\t<\/div>\n\t\t<div class=\"elementor-element elementor-element-7bd103e5 e-flex e-con-boxed e-con e-parent\" data-id=\"7bd103e5\" data-element_type=\"container\" data-e-type=\"container\" data-settings=\"{&quot;background_background&quot;:&quot;classic&quot;}\">\n\t\t\t\t\t<div class=\"e-con-inner\">\n\t\t<div class=\"elementor-element elementor-element-492bb414 e-con-full e-flex e-con e-child\" data-id=\"492bb414\" data-element_type=\"container\" data-e-type=\"container\">\n\t\t\t\t<div class=\"elementor-element elementor-element-16d52e29 elementor-widget elementor-widget-heading\" data-id=\"16d52e29\" data-element_type=\"widget\" data-e-type=\"widget\" data-widget_type=\"heading.default\">\n\t\t\t\t\t<h2 class=\"elementor-heading-title elementor-size-default\">M\u00e1te z\u00e1jem o&nbsp;na\u0161e slu\u017eby?<\/h2>\t\t\t\t<\/div>\n\t\t\t\t<div class=\"elementor-element elementor-element-55f338ea elementor-widget elementor-widget-text-editor\" data-id=\"55f338ea\" data-element_type=\"widget\" data-e-type=\"widget\" data-widget_type=\"text-editor.default\">\n\t\t\t\t\t\t\t\t\t<p>Napi\u0161te n\u00e1m nebo zav\u00adole\u00adjte, r\u00e1di V\u00e1m pom\u016f\u017eeme.<\/p>\t\t\t\t\t\t\t\t<\/div>\n\t\t\t\t<div class=\"elementor-element elementor-element-3b79b2ae elementor-widget__width-auto elementor-align-center elementor-widget elementor-widget-button\" data-id=\"3b79b2ae\" data-element_type=\"widget\" data-e-type=\"widget\" data-widget_type=\"button.default\">\n\t\t\t\t\t\t\t\t\t\t<a class=\"elementor-button elementor-button-link elementor-size-sm elementor-animation-grow\" href=\"https:\/\/ekowatt.cz\/index.php\/kontakt\/\" target=\"_blank\">\n\t\t\t\t\t\t<span class=\"elementor-button-content-wrapper\">\n\t\t\t\t\t\t\t\t\t<span class=\"elementor-button-text\">Kon\u00adtak\u00adtu\u00adjte&nbsp;n\u00e1s<\/span>\n\t\t\t\t\t<\/span>\n\t\t\t\t\t<\/a>\n\t\t\t\t\t\t\t\t<\/div>\n\t\t\t\t<\/div>\n\t\t\t\t\t<\/div>\n\t\t\t\t<\/div>\n\t\t\t\t<\/div>\n\t\t","protected":false},"excerpt":{"rendered":"<p>Studie a&nbsp;v\u00fdpo\u010d\u00adty pro kred\u00adi\u00adty LEED Sys\u00adt\u00e9m LEED EkoWATT nab\u00edz\u00ed ve\u0161k\u00ader\u00e9 slu\u017e\u00adby k&nbsp;cer\u00adti\u00adfikaci LEED na kl\u00ed\u010d. V&nbsp;p\u0159\u00ed\u00adpad\u011b z\u00e1j\u00admu je v\u0161ak pochopiteln\u011b&nbsp;[\u2026]<\/p>\n","protected":false},"author":1,"featured_media":0,"parent":0,"menu_order":0,"comment_status":"closed","ping_status":"closed","template":"","meta":{"wp_typography_post_enhancements_disabled":false,"site-sidebar-layout":"no-sidebar","site-content-layout":"","ast-site-content-layout":"full-width-container","site-content-style":"default","site-sidebar-style":"default","ast-global-header-display":"","ast-banner-title-visibility":"","ast-main-header-display":"","ast-hfb-above-header-display":"","ast-hfb-below-header-display":"","ast-hfb-mobile-header-display":"","site-post-title":"","ast-breadcrumbs-content":"","ast-featured-img":"disabled","footer-sml-layout":"","ast-disable-related-posts":"","theme-transparent-header-meta":"","adv-header-id-meta":"","stick-header-meta":"","header-above-stick-meta":"","header-main-stick-meta":"","header-below-stick-meta":"","astra-migrate-meta-layouts":"default","ast-page-background-enabled":"default","ast-page-background-meta":{"desktop":{"background-color":"var(--ast-global-color-5)","background-image":"","background-repeat":"repeat","background-position":"center center","background-size":"auto","background-attachment":"scroll","background-type":"","background-media":"","overlay-type":"","overlay-color":"","overlay-opacity":"","overlay-gradient":""},"tablet":{"background-color":"","background-image":"","background-repeat":"repeat","background-position":"center center","background-size":"auto","background-attachment":"scroll","background-type":"","background-media":"","overlay-type":"","overlay-color":"","overlay-opacity":"","overlay-gradient":""},"mobile":{"background-color":"","background-image":"","background-repeat":"repeat","background-position":"center center","background-size":"auto","background-attachment":"scroll","background-type":"","background-media":"","overlay-type":"","overlay-color":"","overlay-opacity":"","overlay-gradient":""}},"ast-content-background-meta":{"desktop":{"background-color":"var(--ast-global-color-4)","background-image":"","background-repeat":"repeat","background-position":"center center","background-size":"auto","background-attachment":"scroll","background-type":"","background-media":"","overlay-type":"","overlay-color":"","overlay-opacity":"","overlay-gradient":""},"tablet":{"background-color":"var(--ast-global-color-4)","background-image":"","background-repeat":"repeat","background-position":"center center","background-size":"auto","background-attachment":"scroll","background-type":"","background-media":"","overlay-type":"","overlay-color":"","overlay-opacity":"","overlay-gradient":""},"mobile":{"background-color":"var(--ast-global-color-4)","background-image":"","background-repeat":"repeat","background-position":"center center","background-size":"auto","background-attachment":"scroll","background-type":"","background-media":"","overlay-type":"","overlay-color":"","overlay-opacity":"","overlay-gradient":""}},"footnotes":""},"class_list":["post-290","page","type-page","status-publish","hentry"],"_links":{"self":[{"href":"https:\/\/leed.cz\/index.php\/wp-json\/wp\/v2\/pages\/290","targetHints":{"allow":["GET"]}}],"collection":[{"href":"https:\/\/leed.cz\/index.php\/wp-json\/wp\/v2\/pages"}],"about":[{"href":"https:\/\/leed.cz\/index.php\/wp-json\/wp\/v2\/types\/page"}],"author":[{"embeddable":true,"href":"https:\/\/leed.cz\/index.php\/wp-json\/wp\/v2\/users\/1"}],"replies":[{"embeddable":true,"href":"https:\/\/leed.cz\/index.php\/wp-json\/wp\/v2\/comments?post=290"}],"version-history":[{"count":22,"href":"https:\/\/leed.cz\/index.php\/wp-json\/wp\/v2\/pages\/290\/revisions"}],"predecessor-version":[{"id":788,"href":"https:\/\/leed.cz\/index.php\/wp-json\/wp\/v2\/pages\/290\/revisions\/788"}],"wp:attachment":[{"href":"https:\/\/leed.cz\/index.php\/wp-json\/wp\/v2\/media?parent=290"}],"curies":[{"name":"wp","href":"https:\/\/api.w.org\/{rel}","templated":true}]}}