{"id":747,"date":"2026-02-23T16:07:16","date_gmt":"2026-02-23T16:07:16","guid":{"rendered":"https:\/\/novy.leed.cz\/?page_id=747"},"modified":"2026-02-23T16:33:20","modified_gmt":"2026-02-23T16:33:20","slug":"neighborhood-development","status":"publish","type":"page","link":"https:\/\/leed.cz\/index.php\/neighborhood-development\/","title":{"rendered":"Neighborhood Development"},"content":{"rendered":"\t\t<div data-elementor-type=\"wp-page\" data-elementor-id=\"747\" class=\"elementor elementor-747\">\n\t\t\t\t<div class=\"elementor-element elementor-element-1f38bc2b e-flex e-con-boxed e-con e-parent\" data-id=\"1f38bc2b\" data-element_type=\"container\" data-e-type=\"container\" data-settings=\"{&quot;background_background&quot;:&quot;classic&quot;}\">\n\t\t\t\t\t<div class=\"e-con-inner\">\n\t\t\t\t<div class=\"elementor-element elementor-element-323cc527 elementor-widget elementor-widget-heading\" data-id=\"323cc527\" data-element_type=\"widget\" data-e-type=\"widget\" data-widget_type=\"heading.default\">\n\t\t\t\t\t<h1 class=\"elementor-heading-title elementor-size-default\">Neighborhood Development \u2013 urbanistick\u00e9 celky&nbsp;<\/h1>\t\t\t\t<\/div>\n\t\t\t\t\t<\/div>\n\t\t\t\t<\/div>\n\t\t<div class=\"elementor-element elementor-element-75a28cda e-flex e-con-boxed e-con e-parent\" data-id=\"75a28cda\" data-element_type=\"container\" data-e-type=\"container\">\n\t\t\t\t\t<div class=\"e-con-inner\">\n\t\t<div class=\"elementor-element elementor-element-338f6659 e-con-full e-flex e-con e-child\" data-id=\"338f6659\" data-element_type=\"container\" data-e-type=\"container\">\n\t\t\t\t<div class=\"elementor-element elementor-element-4b1fed3 elementor-widget elementor-widget-heading\" data-id=\"4b1fed3\" data-element_type=\"widget\" data-e-type=\"widget\" data-widget_type=\"heading.default\">\n\t\t\t\t\t<h2 class=\"elementor-heading-title elementor-size-default\">Oblasti hodnocen\u00ed <\/h2>\t\t\t\t<\/div>\n\t\t\t\t<\/div>\n\t\t\t\t\t<\/div>\n\t\t\t\t<\/div>\n\t\t<div class=\"elementor-element elementor-element-83ae760 e-flex e-con-boxed e-con e-parent\" data-id=\"83ae760\" data-element_type=\"container\" data-e-type=\"container\">\n\t\t\t\t\t<div class=\"e-con-inner\">\n\t\t<div class=\"elementor-element elementor-element-a7ee17d e-con-full e-flex e-con e-child\" data-id=\"a7ee17d\" data-element_type=\"container\" data-e-type=\"container\">\n\t\t\t\t<div class=\"elementor-element elementor-element-e25a1b8 elementor-widget elementor-widget-heading\" data-id=\"e25a1b8\" data-element_type=\"widget\" data-e-type=\"widget\" data-widget_type=\"heading.default\">\n\t\t\t\t\t<h2 class=\"elementor-heading-title elementor-size-default\">Smart Location and Linkage (Chytr\u00e1 lokalita a&nbsp;propojen\u00ed)&nbsp;<\/h2>\t\t\t\t<\/div>\n\t\t\t\t<\/div>\n\t\t<div class=\"elementor-element elementor-element-bc1e27f e-con-full e-flex e-con e-child\" data-id=\"bc1e27f\" data-element_type=\"container\" data-e-type=\"container\">\n\t\t\t\t<div class=\"elementor-element elementor-element-5a43ea0 elementor-widget elementor-widget-text-editor\" data-id=\"5a43ea0\" data-element_type=\"widget\" data-e-type=\"widget\" data-widget_type=\"text-editor.default\">\n\t\t\t\t\t\t\t\t\t<ul><li style=\"list-style-type: none;\"><ul><li>Propo\u00adjen\u00ed se st\u00e1\u00adva\u00adj\u00edc\u00edm okol\u00adn\u00edm \u00fazem\u00edm, dos\u00adtup\u00adnost MHD, pod\u00edl rezi\u00addence, napo\u00adjen\u00ed na slu\u017eby<\/li><li>Ochrana zem\u011bd\u011bl\u00adsk\u00e9 p\u016fdy, hod\u00adnot\u00adn\u00e9 fauny a&nbsp;fl\u00f3ry a&nbsp;p\u0159\u00edrod\u00adn\u00edch prvk\u016f, ochrana \u00fazem\u00ed pro\u00adti povodn\u00edm<\/li><li>\u00dazem\u00ed d\u0159\u00edve zasa\u017een\u00e9 lid\u00adsk\u00adou \u010din\u00adnos\u00adt\u00ed, na brownfieldu<\/li><li>Pod\u00adpo\u00adra alter\u00adna\u00adtivn\u00ed mobil\u00adi\u00adty: cyklist\u00e9<\/li><li>Vytvo\u0159en\u00ed nebo dos\u00adtup\u00adnost pra\u00adcov\u00adn\u00edch&nbsp;m\u00edst<\/li><\/ul><\/li><\/ul>\t\t\t\t\t\t\t\t<\/div>\n\t\t\t\t<\/div>\n\t\t\t\t\t<\/div>\n\t\t\t\t<\/div>\n\t\t<div class=\"elementor-element elementor-element-539ab05e e-flex e-con-boxed e-con e-parent\" data-id=\"539ab05e\" data-element_type=\"container\" data-e-type=\"container\">\n\t\t\t\t\t<div class=\"e-con-inner\">\n\t\t<div class=\"elementor-element elementor-element-71e5cf6c e-con-full e-flex e-con e-child\" data-id=\"71e5cf6c\" data-element_type=\"container\" data-e-type=\"container\">\n\t\t\t\t<div class=\"elementor-element elementor-element-5b0dbbb4 elementor-widget elementor-widget-heading\" data-id=\"5b0dbbb4\" data-element_type=\"widget\" data-e-type=\"widget\" data-widget_type=\"heading.default\">\n\t\t\t\t\t<h2 class=\"elementor-heading-title elementor-size-default\">Neighborhood Pattern and Design (Sousedsk\u00e1 struktura a&nbsp;n\u00e1vrh)&nbsp;<\/h2>\t\t\t\t<\/div>\n\t\t\t\t<\/div>\n\t\t<div class=\"elementor-element elementor-element-33a48b76 e-con-full e-flex e-con e-child\" data-id=\"33a48b76\" data-element_type=\"container\" data-e-type=\"container\">\n\t\t\t\t<div class=\"elementor-element elementor-element-1b8ab655 elementor-widget elementor-widget-text-editor\" data-id=\"1b8ab655\" data-element_type=\"widget\" data-e-type=\"widget\" data-widget_type=\"text-editor.default\">\n\t\t\t\t\t\t\t\t\t<ul><li style=\"list-style-type: none;\"><ul><li>Komu\u00adnikace pod\u00adporu\u00adj\u00edc\u00ed&nbsp;p\u011b\u0161\u00ed<\/li><li>Hus\u00adto\u00adta z\u00e1stavby<\/li><li>Mix funkc\u00ed v&nbsp;z\u00e1s\u00adtavb\u011b a&nbsp;v okol\u00ed<\/li><li>Soci\u00e1l\u00adn\u00ed bydlen\u00ed<\/li><li>Sn\u00ed\u017een\u00e9 z\u00e1zem\u00ed pro parkov\u00e1n\u00ed automobil\u016f<\/li><li>Dotace\/podpora u\u017eit\u00ed&nbsp;MHD<\/li><li>Pros\u00adto\u00adry pro komu\u00adnit\u00adn\u00ed setk\u00e1v\u00e1n\u00ed<\/li><li>Sport a&nbsp;pohyb v&nbsp;doch\u00e1zkov\u00e9 vzd\u00e1lenosti<\/li><li>Par\u00adtic\u00adi\u00adpa\u00adtivn\u00ed design v&nbsp;souladu s&nbsp;m\u00edst\u00adn\u00ed ji\u017e exis\u00adtu\u00adj\u00edc\u00ed komunitou<\/li><li>Lok\u00e1l\u00adn\u00ed pro\u00addukce potravin: m\u00edst\u00adn\u00ed zahrady nebo far\u00adm\u00e1\u0159sk\u00e9 trhy<\/li><li>P\u0159\u00edrod\u00adn\u00ed prvky pro zlep\u0161en\u00ed kval\u00adi\u00adty ovz\u00addu\u0161\u00ed a&nbsp;pro\u00adti tepel\u00adn\u00e9\u00admu ostro\u00advu m\u011bst pomoc\u00ed v\u00fdsad\u00adby strom\u016f.<\/li><li>Dos\u00adtup\u00adnost&nbsp;\u0161kol<\/li><\/ul><\/li><\/ul>\t\t\t\t\t\t\t\t<\/div>\n\t\t\t\t<\/div>\n\t\t\t\t\t<\/div>\n\t\t\t\t<\/div>\n\t\t<div class=\"elementor-element elementor-element-adc5992 e-flex e-con-boxed e-con e-parent\" data-id=\"adc5992\" data-element_type=\"container\" data-e-type=\"container\">\n\t\t\t\t\t<div class=\"e-con-inner\">\n\t\t<div class=\"elementor-element elementor-element-192a410a e-con-full e-flex e-con e-child\" data-id=\"192a410a\" data-element_type=\"container\" data-e-type=\"container\">\n\t\t\t\t<div class=\"elementor-element elementor-element-30949565 elementor-widget elementor-widget-heading\" data-id=\"30949565\" data-element_type=\"widget\" data-e-type=\"widget\" data-widget_type=\"heading.default\">\n\t\t\t\t\t<h2 class=\"elementor-heading-title elementor-size-default\">Green infrastructure and buildings (Zelen\u00e1 infrastruktura a&nbsp;budovy)&nbsp;<\/h2>\t\t\t\t<\/div>\n\t\t\t\t<\/div>\n\t\t<div class=\"elementor-element elementor-element-7679850c e-con-full e-flex e-con e-child\" data-id=\"7679850c\" data-element_type=\"container\" data-e-type=\"container\">\n\t\t\t\t<div class=\"elementor-element elementor-element-5161812c elementor-widget elementor-widget-text-editor\" data-id=\"5161812c\" data-element_type=\"widget\" data-e-type=\"widget\" data-widget_type=\"text-editor.default\">\n\t\t\t\t\t\t\t\t\t<ul><li style=\"list-style-type: none;\"><ul><li>Cer\u00adti\u00adfiko\u00advan\u00e9 budovy LEED\/BREEAM v&nbsp;\u00fazem\u00ed<\/li><li>Z\u00e1vazky k&nbsp;ener\u00adget\u00adick\u00e9 n\u00e1ro\u010dnos\u00adti budov v&nbsp;\u00fazem\u00ed (v\u010det\u00adn\u011b necertifikovan\u00fdch)<\/li><li>Z\u00e1vazky k&nbsp;\u00faspo\u0159e vody v&nbsp;budov\u00e1ch (v\u010det\u00adn\u011b necertifikovan\u00fdch)<\/li><li>Ohledu\u00adplnost k&nbsp;\u017eiv\u00adot\u00adn\u00ed\u00admu prost\u0159ed\u00ed p\u0159i v\u00fdstavb\u011b<\/li><li>Elim\u00adi\u00adnace z\u00e1vlah sadov\u00fdch \u00faprav<\/li><li>Vyu\u017eit\u00ed st\u00e1\u00adva\u00adj\u00edc\u00edch budov<\/li><li>Vyu\u017eit\u00ed his\u00adtorick\u00ad\u00fdch budov a&nbsp;krajiny<\/li><li>Elim\u00adi\u00adnace k\u00e1cen\u00ed hod\u00adnot\u00adn\u00fdch strom\u016f<\/li><li>Zachycen\u00ed inten\u00adzivn\u00edch sr\u00e1\u017eek v&nbsp;\u00fazem\u00ed<\/li><li>Elim\u00adi\u00adnace tepel\u00adn\u00e9ho ostro\u00adva&nbsp;m\u011bst<\/li><li>Vyu\u017eit\u00ed obnovitel\u00adn\u00fdch zdro\u00adj\u016f energie v&nbsp;\u00fazem\u00ed<\/li><li>\u00da\u010din\u00adn\u00e9 cen\u00adtr\u00e1l\u00adn\u00ed zdro\u00adje tepla a&nbsp;chladu pro nov\u00e9 budovy<\/li><li>Ener\u00adget\u00adick\u00e1 \u00fa\u010din\u00adnost infra\u00adstruk\u00adtu\u00adry (dopravn\u00ed sv\u011bt\u00adla, ve\u0159e\u00adjn\u00e9 osv\u011btlen\u00ed, \u010der\u00adpad\u00adla vody a&nbsp;odpad\u016f)<\/li><li>P\u0159e\u010di\u0161t\u011bn\u00ed\/zp\u011btn\u00e9 vyu\u017eit\u00ed gen\u00aderovan\u00e9 odpad\u00adn\u00ed vody na \u00fazem\u00ed<\/li><li>Sn\u00ed\u017een\u00ed surovi\u00adnov\u00e9 n\u00e1ro\u010dnos\u00adti nov\u00e9 v\u00fds\u00adtav\u00adby vyu\u017eit\u00edm recykl\u00e1t\u016f<\/li><li>\u0160etrn\u00e9 odpadov\u00e9 hospod\u00e1\u0159stv\u00ed na \u00fazem\u00ed<\/li><li>Elim\u00adi\u00adnace sv\u011btel\u00adn\u00e9ho zne\u010di\u0161t\u011bn\u00ed oblo\u00adhy venkovn\u00edm osv\u011btlen\u00edm<\/li><\/ul><\/li><\/ul>\t\t\t\t\t\t\t\t<\/div>\n\t\t\t\t<\/div>\n\t\t\t\t\t<\/div>\n\t\t\t\t<\/div>\n\t\t<div class=\"elementor-element elementor-element-21de813 e-flex e-con-boxed e-con e-parent\" data-id=\"21de813\" data-element_type=\"container\" data-e-type=\"container\" data-settings=\"{&quot;background_background&quot;:&quot;classic&quot;}\">\n\t\t\t\t\t<div class=\"e-con-inner\">\n\t\t<div class=\"elementor-element elementor-element-50db0e9b e-con-full e-flex e-con e-child\" data-id=\"50db0e9b\" data-element_type=\"container\" data-e-type=\"container\">\n\t\t\t\t<div class=\"elementor-element elementor-element-5aa94dfa elementor-widget elementor-widget-heading\" data-id=\"5aa94dfa\" data-element_type=\"widget\" data-e-type=\"widget\" data-widget_type=\"heading.default\">\n\t\t\t\t\t<h2 class=\"elementor-heading-title elementor-size-default\">M\u00e1te z\u00e1jem o&nbsp;na\u0161e slu\u017eby?<\/h2>\t\t\t\t<\/div>\n\t\t\t\t<div class=\"elementor-element elementor-element-459b247c elementor-widget elementor-widget-text-editor\" data-id=\"459b247c\" data-element_type=\"widget\" data-e-type=\"widget\" data-widget_type=\"text-editor.default\">\n\t\t\t\t\t\t\t\t\t<p>Napi\u0161te n\u00e1m nebo zav\u00adole\u00adjte, r\u00e1di V\u00e1m pom\u016f\u017eeme.<\/p>\t\t\t\t\t\t\t\t<\/div>\n\t\t\t\t<div class=\"elementor-element elementor-element-60dccef5 elementor-widget__width-auto elementor-align-center elementor-widget elementor-widget-button\" data-id=\"60dccef5\" data-element_type=\"widget\" data-e-type=\"widget\" data-widget_type=\"button.default\">\n\t\t\t\t\t\t\t\t\t\t<a class=\"elementor-button elementor-button-link elementor-size-sm elementor-animation-grow\" href=\"https:\/\/ekowatt.cz\/index.php\/kontakt\/\" target=\"_blank\">\n\t\t\t\t\t\t<span class=\"elementor-button-content-wrapper\">\n\t\t\t\t\t\t\t\t\t<span class=\"elementor-button-text\">Kon\u00adtak\u00adtu\u00adjte&nbsp;n\u00e1s<\/span>\n\t\t\t\t\t<\/span>\n\t\t\t\t\t<\/a>\n\t\t\t\t\t\t\t\t<\/div>\n\t\t\t\t<\/div>\n\t\t\t\t\t<\/div>\n\t\t\t\t<\/div>\n\t\t\t\t<\/div>\n\t\t","protected":false},"excerpt":{"rendered":"<p>Neigh\u00adbor\u00adhood Devel\u00adop\u00adment \u2013 urban\u00adi\u00adstick\u00e9 celky Oblasti hod\u00adno\u00adcen\u00ed Smart Loca\u00adtion and Link\u00adage (Chytr\u00e1 lokali\u00adta a&nbsp;propo\u00adjen\u00ed)&nbsp; Propo\u00adjen\u00ed se st\u00e1\u00adva\u00adj\u00edc\u00edm okol\u00adn\u00edm \u00fazem\u00edm, dostupnost&nbsp;[\u2026]<\/p>\n","protected":false},"author":1,"featured_media":0,"parent":0,"menu_order":0,"comment_status":"closed","ping_status":"closed","template":"","meta":{"wp_typography_post_enhancements_disabled":false,"site-sidebar-layout":"no-sidebar","site-content-layout":"","ast-site-content-layout":"full-width-container","site-content-style":"default","site-sidebar-style":"default","ast-global-header-display":"","ast-banner-title-visibility":"","ast-main-header-display":"","ast-hfb-above-header-display":"","ast-hfb-below-header-display":"","ast-hfb-mobile-header-display":"","site-post-title":"","ast-breadcrumbs-content":"","ast-featured-img":"disabled","footer-sml-layout":"","ast-disable-related-posts":"","theme-transparent-header-meta":"","adv-header-id-meta":"","stick-header-meta":"","header-above-stick-meta":"","header-main-stick-meta":"","header-below-stick-meta":"","astra-migrate-meta-layouts":"default","ast-page-background-enabled":"default","ast-page-background-meta":{"desktop":{"background-color":"var(--ast-global-color-5)","background-image":"","background-repeat":"repeat","background-position":"center center","background-size":"auto","background-attachment":"scroll","background-type":"","background-media":"","overlay-type":"","overlay-color":"","overlay-opacity":"","overlay-gradient":""},"tablet":{"background-color":"","background-image":"","background-repeat":"repeat","background-position":"center center","background-size":"auto","background-attachment":"scroll","background-type":"","background-media":"","overlay-type":"","overlay-color":"","overlay-opacity":"","overlay-gradient":""},"mobile":{"background-color":"","background-image":"","background-repeat":"repeat","background-position":"center center","background-size":"auto","background-attachment":"scroll","background-type":"","background-media":"","overlay-type":"","overlay-color":"","overlay-opacity":"","overlay-gradient":""}},"ast-content-background-meta":{"desktop":{"background-color":"var(--ast-global-color-4)","background-image":"","background-repeat":"repeat","background-position":"center center","background-size":"auto","background-attachment":"scroll","background-type":"","background-media":"","overlay-type":"","overlay-color":"","overlay-opacity":"","overlay-gradient":""},"tablet":{"background-color":"var(--ast-global-color-4)","background-image":"","background-repeat":"repeat","background-position":"center center","background-size":"auto","background-attachment":"scroll","background-type":"","background-media":"","overlay-type":"","overlay-color":"","overlay-opacity":"","overlay-gradient":""},"mobile":{"background-color":"var(--ast-global-color-4)","background-image":"","background-repeat":"repeat","background-position":"center center","background-size":"auto","background-attachment":"scroll","background-type":"","background-media":"","overlay-type":"","overlay-color":"","overlay-opacity":"","overlay-gradient":""}},"footnotes":""},"class_list":["post-747","page","type-page","status-publish","hentry"],"_links":{"self":[{"href":"https:\/\/leed.cz\/index.php\/wp-json\/wp\/v2\/pages\/747","targetHints":{"allow":["GET"]}}],"collection":[{"href":"https:\/\/leed.cz\/index.php\/wp-json\/wp\/v2\/pages"}],"about":[{"href":"https:\/\/leed.cz\/index.php\/wp-json\/wp\/v2\/types\/page"}],"author":[{"embeddable":true,"href":"https:\/\/leed.cz\/index.php\/wp-json\/wp\/v2\/users\/1"}],"replies":[{"embeddable":true,"href":"https:\/\/leed.cz\/index.php\/wp-json\/wp\/v2\/comments?post=747"}],"version-history":[{"count":19,"href":"https:\/\/leed.cz\/index.php\/wp-json\/wp\/v2\/pages\/747\/revisions"}],"predecessor-version":[{"id":806,"href":"https:\/\/leed.cz\/index.php\/wp-json\/wp\/v2\/pages\/747\/revisions\/806"}],"wp:attachment":[{"href":"https:\/\/leed.cz\/index.php\/wp-json\/wp\/v2\/media?parent=747"}],"curies":[{"name":"wp","href":"https:\/\/api.w.org\/{rel}","templated":true}]}}