{"id":9,"date":"2025-11-14T08:40:11","date_gmt":"2025-11-14T08:40:11","guid":{"rendered":"https:\/\/novy.leed.cz\/?page_id=9"},"modified":"2026-02-10T16:02:11","modified_gmt":"2026-02-10T16:02:11","slug":"certifikace","status":"publish","type":"page","link":"https:\/\/leed.cz\/index.php\/certifikace\/","title":{"rendered":"Certifikace"},"content":{"rendered":"\t\t<div data-elementor-type=\"wp-page\" data-elementor-id=\"9\" class=\"elementor elementor-9\">\n\t\t\t\t<div class=\"elementor-element elementor-element-47xumrg e-flex e-con-boxed e-con e-parent\" data-id=\"47xumrg\" data-element_type=\"container\" data-e-type=\"container\" data-settings=\"{&quot;background_background&quot;:&quot;classic&quot;}\">\n\t\t\t\t\t<div class=\"e-con-inner\">\n\t\t\t\t<div class=\"elementor-element elementor-element-e8fc76d elementor-widget elementor-widget-heading\" data-id=\"e8fc76d\" data-element_type=\"widget\" data-e-type=\"widget\" data-widget_type=\"heading.default\">\n\t\t\t\t\t<h1 class=\"elementor-heading-title elementor-size-default\">Certifikace budov: Kvalitn\u00ed prost\u0159ed\u00ed, \nvy\u0161\u0161\u00ed v\u00fdnosy, dlouhodob\u00e1 hodnota<\/h1>\t\t\t\t<\/div>\n\t\t\t\t<div class=\"elementor-element elementor-element-1bb0b14 elementor-widget elementor-widget-text-editor\" data-id=\"1bb0b14\" data-element_type=\"widget\" data-e-type=\"widget\" data-widget_type=\"text-editor.default\">\n\t\t\t\t\t\t\t\t\t<p>Ni\u017e\u0161\u00ed dopady na \u017eiv\u00adot\u00adn\u00ed prost\u0159ed\u00ed, vy\u0161\u0161\u00ed kom\u00adfort u\u017ei\u00advatel\u016f a&nbsp;prokaza\u00adtel\u00adn\u011b lep\u00ad\u0161\u00ed eko\u00adnom\u00adick\u00e9 v\u00fdsled\u00adky po celou dobu \u017eiv\u00adot\u00adn\u00edho cyk\u00adlu stavby.<\/p>\t\t\t\t\t\t\t\t<\/div>\n\t\t<div class=\"elementor-element elementor-element-6099693 e-con-full e-flex e-con e-child\" data-id=\"6099693\" data-element_type=\"container\" data-e-type=\"container\">\n\t\t\t\t<div class=\"elementor-element elementor-element-ac80557 elementor-widget__width-auto elementor-widget elementor-widget-button\" data-id=\"ac80557\" data-element_type=\"widget\" data-e-type=\"widget\" data-widget_type=\"button.default\">\n\t\t\t\t\t\t\t\t\t\t<a class=\"elementor-button elementor-button-link elementor-size-sm elementor-animation-grow\" href=\"#\">\n\t\t\t\t\t\t<span class=\"elementor-button-content-wrapper\">\n\t\t\t\t\t\t\t\t\t<span class=\"elementor-button-text\">Dom\u00adlu\u00advte si konzultaci<\/span>\n\t\t\t\t\t<\/span>\n\t\t\t\t\t<\/a>\n\t\t\t\t\t\t\t\t<\/div>\n\t\t\t\t<\/div>\n\t\t\t\t\t<\/div>\n\t\t\t\t<\/div>\n\t\t<div class=\"elementor-element elementor-element-kb3xh74 e-flex e-con-boxed e-con e-parent\" data-id=\"kb3xh74\" data-element_type=\"container\" data-e-type=\"container\">\n\t\t\t\t\t<div class=\"e-con-inner\">\n\t\t<div class=\"elementor-element elementor-element-c7c4c4a e-con-full e-flex e-con e-child\" data-id=\"c7c4c4a\" data-element_type=\"container\" data-e-type=\"container\">\n\t\t<div class=\"elementor-element elementor-element-2c1474f e-con-full e-flex e-con e-child\" data-id=\"2c1474f\" data-element_type=\"container\" data-e-type=\"container\">\n\t\t\t\t<div class=\"elementor-element elementor-element-8d7b0a9 elementor-widget elementor-widget-heading\" data-id=\"8d7b0a9\" data-element_type=\"widget\" data-e-type=\"widget\" data-widget_type=\"heading.default\">\n\t\t\t\t\t<h2 class=\"elementor-heading-title elementor-size-default\">Certifikace<\/h2>\t\t\t\t<\/div>\n\t\t\t\t<div class=\"elementor-element elementor-element-120abac elementor-widget elementor-widget-heading\" data-id=\"120abac\" data-element_type=\"widget\" data-e-type=\"widget\" data-widget_type=\"heading.default\">\n\t\t\t\t\t<h2 class=\"elementor-heading-title elementor-size-default\">Environment\u00e1ln\u00ed certifikace jsou potvrzen\u00edm mimo\u0159\u00e1dn\u00fdch vlastnost\u00ed budovy.<\/h2>\t\t\t\t<\/div>\n\t\t\t\t<\/div>\n\t\t<div class=\"elementor-element elementor-element-5ae1c26 e-con-full e-flex e-con e-child\" data-id=\"5ae1c26\" data-element_type=\"container\" data-e-type=\"container\">\n\t\t\t\t<div class=\"elementor-element elementor-element-a97b63f elementor-widget elementor-widget-text-editor\" data-id=\"a97b63f\" data-element_type=\"widget\" data-e-type=\"widget\" data-widget_type=\"text-editor.default\">\n\t\t\t\t\t\t\t\t\t<p>Hod\u00adnot\u00ed nejen to, jak budo\u00adva p\u016fsob\u00ed na okol\u00ed b\u011bhem cel\u00e9 sv\u00e9 exis\u00adtence, ale tak\u00e9 to, jak\u00adou kval\u00adi\u00adtu nab\u00edz\u00ed sv\u00fdm u\u017eivatel\u016fm.<\/p><p>Budo\u00adva, kter\u00e1 dos\u00e1hne vysok\u00e9ho hod\u00adno\u00adcen\u00ed, m\u00e1 men\u0161\u00ed dopady na \u017eiv\u00adot\u00adn\u00ed prost\u0159ed\u00ed, obvyk\u00adle m\u00e1 tak\u00e9 men\u0161\u00ed provozn\u00ed n\u00e1k\u00adla\u00addy, ale jej\u00ed hlavn\u00ed eko\u00adnom\u00adick\u00e9 ben\u00ade\u00adfi\u00adty jsou jinde. Lid\u00e9 pracu\u00adj\u00edc\u00ed v&nbsp;cer\u00adti\u00adfiko\u00advan\u00fdch budov\u00e1ch jsou m\u00e9n\u011b nemoc\u00adn\u00ed a&nbsp;unaven\u00ed a&nbsp;pracu\u00adj\u00ed efek\u00adtivn\u011bji. Sn\u00ed\u017een\u00ed nemoc\u00adnos\u00adti o&nbsp;2 dny ro\u010dn\u011b nevy\u00adpad\u00e1 jako z\u00e1va\u017en\u00fd fak\u00adtor, ale je tehdy, dokud je nevyn\u00e1\u00adsob\u00edme tis\u00ed\u00adcov\u00adk\u00adou zam\u011bst\u00adnanc\u016f pracu\u00adj\u00edc\u00edch v&nbsp;budov\u011b. V&nbsp;tom okam\u017eiku dost\u00e1v\u00e1 tato zd\u00e1n\u00adliv\u00e1 \u201edrob\u00adnost\u201c obrovsk\u00fd v\u00fdz\u00adnam. Pro\u00adto jsou cer\u00adti\u00adfiko\u00advan\u00e9 budovy l\u00e9pe pron\u00ada\u00adj\u00ed\u00admatel\u00adn\u00e9 i&nbsp;prode\u00adjn\u00e9. N\u011bk\u00adter\u00e9, zejm\u00e9\u00adna nad\u00adn\u00e1rod\u00adn\u00ed, spole\u010dnos\u00adti maj\u00ed ve sv\u00fdch kodex\u00adech p\u0159\u00ed\u00admo pod\u00adm\u00ednku, \u017ee jimi vyu\u017e\u00ed\u00advan\u00e9 budovy muse\u00adj\u00ed m\u00edt n\u011bk\u00adter\u00fd z&nbsp;uzn\u00e1\u00advan\u00fdch certifik\u00e1t\u016f.<\/p>\t\t\t\t\t\t\t\t<\/div>\n\t\t\t\t<\/div>\n\t\t\t\t<\/div>\n\t\t\t\t<div class=\"elementor-element elementor-element-df46f25 elementor-widget elementor-widget-image\" data-id=\"df46f25\" data-element_type=\"widget\" data-e-type=\"widget\" data-widget_type=\"image.default\">\n\t\t\t\t\t\t\t\t\t\t\t\t\t\t\t<img fetchpriority=\"high\" decoding=\"async\" width=\"1500\" height=\"1000\" src=\"https:\/\/leed.cz\/wp-content\/uploads\/2025\/11\/jrd.jpg\" class=\"attachment-full size-full wp-image-168\" alt srcset=\"https:\/\/leed.cz\/wp-content\/uploads\/2025\/11\/jrd.jpg 1500w, https:\/\/leed.cz\/wp-content\/uploads\/2025\/11\/jrd-300x200.jpg 300w, https:\/\/leed.cz\/wp-content\/uploads\/2025\/11\/jrd-1024x683.jpg 1024w, https:\/\/leed.cz\/wp-content\/uploads\/2025\/11\/jrd-768x512.jpg 768w\" sizes=\"(max-width: 1500px) 100vw, 1500px\">\t\t\t\t\t\t\t\t\t\t\t\t\t\t\t<\/div>\n\t\t\t\t\t<\/div>\n\t\t\t\t<\/div>\n\t\t<div class=\"elementor-element elementor-element-zzy1df6 elementor-hidden-tablet elementor-hidden-mobile e-flex e-con-boxed e-con e-parent\" data-id=\"zzy1df6\" data-element_type=\"container\" data-e-type=\"container\" data-settings=\"{&quot;background_background&quot;:&quot;classic&quot;}\">\n\t\t\t\t\t<div class=\"e-con-inner\">\n\t\t<div class=\"elementor-element elementor-element-10b297c e-con-full e-flex e-con e-child\" data-id=\"10b297c\" data-element_type=\"container\" data-e-type=\"container\">\n\t\t<div class=\"elementor-element elementor-element-e3e1e11 e-con-full e-flex e-con e-child\" data-id=\"e3e1e11\" data-element_type=\"container\" data-e-type=\"container\">\n\t\t<div class=\"elementor-element elementor-element-d6471ca e-con-full e-flex e-con e-child\" data-id=\"d6471ca\" data-element_type=\"container\" data-e-type=\"container\">\n\t\t\t\t<div class=\"elementor-element elementor-element-e34eaa6 elementor-widget elementor-widget-heading\" data-id=\"e34eaa6\" data-element_type=\"widget\" data-e-type=\"widget\" data-widget_type=\"heading.default\">\n\t\t\t\t\t<h2 class=\"elementor-heading-title elementor-size-default\">35<\/h2>\t\t\t\t<\/div>\n\t\t\t\t<\/div>\n\t\t<div class=\"elementor-element elementor-element-b745730 e-con-full e-flex e-con e-child\" data-id=\"b745730\" data-element_type=\"container\" data-e-type=\"container\">\n\t\t\t\t<div class=\"elementor-element elementor-element-2f0c340 elementor-widget elementor-widget-text-editor\" data-id=\"2f0c340\" data-element_type=\"widget\" data-e-type=\"widget\" data-widget_type=\"text-editor.default\">\n\t\t\t\t\t\t\t\t\t<p>Let V\u00e1\u0161 part\u00adner v&nbsp;ener\u00adget\u00adice a&nbsp;ekonomii pro ekologii<\/p>\t\t\t\t\t\t\t\t<\/div>\n\t\t\t\t<\/div>\n\t\t\t\t<\/div>\n\t\t<div class=\"elementor-element elementor-element-76c0d49 e-con-full e-flex e-con e-child\" data-id=\"76c0d49\" data-element_type=\"container\" data-e-type=\"container\">\n\t\t<div class=\"elementor-element elementor-element-4877c15 e-con-full e-flex e-con e-child\" data-id=\"4877c15\" data-element_type=\"container\" data-e-type=\"container\">\n\t\t\t\t<div class=\"elementor-element elementor-element-44f97d1 elementor-widget elementor-widget-text-editor\" data-id=\"44f97d1\" data-element_type=\"widget\" data-e-type=\"widget\" data-widget_type=\"text-editor.default\">\n\t\t\t\t\t\t\t\t\t<p>V\u00edce ne\u017e&nbsp;<\/p>\t\t\t\t\t\t\t\t<\/div>\n\t\t\t\t<div class=\"elementor-element elementor-element-bba7071 elementor-widget elementor-widget-heading\" data-id=\"bba7071\" data-element_type=\"widget\" data-e-type=\"widget\" data-widget_type=\"heading.default\">\n\t\t\t\t\t<h2 class=\"elementor-heading-title elementor-size-default\">8000<\/h2>\t\t\t\t<\/div>\n\t\t\t\t<\/div>\n\t\t<div class=\"elementor-element elementor-element-7fb2460 e-con-full e-flex e-con e-child\" data-id=\"7fb2460\" data-element_type=\"container\" data-e-type=\"container\">\n\t\t\t\t<div class=\"elementor-element elementor-element-476a71a elementor-widget elementor-widget-text-editor\" data-id=\"476a71a\" data-element_type=\"widget\" data-e-type=\"widget\" data-widget_type=\"text-editor.default\">\n\t\t\t\t\t\t\t\t\t<p>vypra\u00adco\u00adv\u00adan\u00fdch <br>pro\u00adjek\u00adt\u016f<\/p>\t\t\t\t\t\t\t\t<\/div>\n\t\t\t\t<\/div>\n\t\t\t\t<\/div>\n\t\t<div class=\"elementor-element elementor-element-c7886b8 e-con-full e-flex e-con e-child\" data-id=\"c7886b8\" data-element_type=\"container\" data-e-type=\"container\">\n\t\t<div class=\"elementor-element elementor-element-f6d1e86 e-con-full e-flex e-con e-child\" data-id=\"f6d1e86\" data-element_type=\"container\" data-e-type=\"container\">\n\t\t\t\t<div class=\"elementor-element elementor-element-f2885ae elementor-widget elementor-widget-heading\" data-id=\"f2885ae\" data-element_type=\"widget\" data-e-type=\"widget\" data-widget_type=\"heading.default\">\n\t\t\t\t\t<h2 class=\"elementor-heading-title elementor-size-default\">1900<\/h2>\t\t\t\t<\/div>\n\t\t\t\t<\/div>\n\t\t<div class=\"elementor-element elementor-element-abf5a70 e-con-full e-flex e-con e-child\" data-id=\"abf5a70\" data-element_type=\"container\" data-e-type=\"container\">\n\t\t\t\t<div class=\"elementor-element elementor-element-481372f elementor-widget elementor-widget-text-editor\" data-id=\"481372f\" data-element_type=\"widget\" data-e-type=\"widget\" data-widget_type=\"text-editor.default\">\n\t\t\t\t\t\t\t\t\t<p>Rok, od kter\u00e9ho jsme tu pro&nbsp;V\u00e1s<\/p>\t\t\t\t\t\t\t\t<\/div>\n\t\t\t\t<\/div>\n\t\t\t\t<\/div>\n\t\t\t\t<\/div>\n\t\t\t\t\t<\/div>\n\t\t\t\t<\/div>\n\t\t<div class=\"elementor-element elementor-element-33adrop e-flex e-con-boxed e-con e-parent\" data-id=\"33adrop\" data-element_type=\"container\" data-e-type=\"container\" data-settings=\"{&quot;background_background&quot;:&quot;classic&quot;}\">\n\t\t\t\t\t<div class=\"e-con-inner\">\n\t\t\t\t<div class=\"elementor-element elementor-element-400b19d elementor-widget elementor-widget-heading\" data-id=\"400b19d\" data-element_type=\"widget\" data-e-type=\"widget\" data-widget_type=\"heading.default\">\n\t\t\t\t\t<h2 class=\"elementor-heading-title elementor-size-default\">Certifikace p\u0159in\u00e1\u0161\u00ed vy\u0161\u0161\u00ed zisk b\u011bhem u\u017e\u00edv\u00e1n\u00ed i&nbsp;p\u0159i prodeji.<\/h2>\t\t\t\t<\/div>\n\t\t\t\t<div class=\"elementor-element elementor-element-91f75de elementor-widget elementor-widget-text-editor\" data-id=\"91f75de\" data-element_type=\"widget\" data-e-type=\"widget\" data-widget_type=\"text-editor.default\">\n\t\t\t\t\t\t\t\t\t<p>I z&nbsp;hlediska vlast\u00adn\u00ed\u00adka je v\u00fdhod\u00adn\u00e9 provo\u00adzo\u00advat cer\u00adti\u00adfiko\u00advanou budovu. N\u00e1jem\u00adci jsou toti\u017e ochot\u00adni platit pr\u00e9miovou cenu za kval\u00adit\u00adn\u00ed prost\u0159ed\u00ed, co\u017e spolu s&nbsp;ni\u017e\u0161\u00ed\u00admi provozn\u00ed\u00admi n\u00e1k\u00adla\u00addy zaji\u0161\u0165u\u00adje vy\u0161\u0161\u00ed zisk vlast\u00adn\u00edk\u016fm. V\u0161ech\u00adny tyto atribu\u00adty se setk\u00e1\u00adva\u00adj\u00ed v&nbsp;okam\u017eiku prode\u00adje budovy. Podle sta\u00adtis\u00adtik uve\u0159e\u00adjn\u011bn\u00fdch na lo\u0148sk\u00e9m EcoBuil\u00addu v&nbsp;Lond\u00fdn\u011b je real\u00adi\u00adzo\u00advan\u00e1 prode\u00adjn\u00ed cena cer\u00adti\u00adfiko\u00advan\u00e9 budovy o&nbsp;16&nbsp;% vy\u0161\u0161\u00ed ne\u017e pr\u016fm\u011br v&nbsp;p\u0159\u00ed\u00adpad\u011b, \u017ee je v&nbsp;dan\u00e9 oblasti cer\u00adti\u00adfikace budov roz\u0161\u00ed\u0159en\u00e1, a&nbsp;o neu\u00adv\u011b\u0159itel\u00adn\u00fdch 26&nbsp;% vy\u0161\u0161\u00ed v&nbsp;p\u0159\u00ed\u00adpad\u011b, \u017ee je v&nbsp;okol\u00ed cer\u00adti\u00adfiko\u00advan\u00fdch budov&nbsp;m\u00e1lo.<\/p><p>Co sto\u00adj\u00ed za tak velk\u00fdm rozd\u00edlem v&nbsp;cen\u011b cer\u00adti\u00adfiko\u00advan\u00fdch budov opro\u00adti b\u011b\u017en\u00fdm? St\u00e1le se rozev\u00edra\u00adj\u00ed n\u016f\u017eky mezi zas\u00adtaral\u00fd\u00admi budova\u00admi, kter\u00e9 vy\u017eadu\u00adj\u00ed rein\u00adves\u00adtice a&nbsp;jejich\u017e cena kles\u00e1, a&nbsp;mezi kval\u00adit\u00adn\u00ed\u00admi budova\u00admi, kter\u00e9 svou cenu v&nbsp;\u010dase udr\u017eu\u00adj\u00ed. Viditel\u00adn\u00fdm sign\u00e1lem naz\u00adna\u010du\u00adj\u00edc\u00edm budouc\u00ed hod\u00adno\u00adtu budovy je pro investo\u00adry pr\u00e1v\u011b nez\u00e1vis\u00adl\u00fd presti\u017en\u00ed certifik\u00e1t.<\/p><p>Cer\u00adti\u00adfiko\u00advat lze nejen nov\u00e9 pro\u00adjek\u00adty, ale i&nbsp;exis\u00adtu\u00adj\u00edc\u00ed budovy<\/p>\t\t\t\t\t\t\t\t<\/div>\n\t\t\t\t\t<\/div>\n\t\t\t\t<\/div>\n\t\t<div class=\"elementor-element elementor-element-u9tr79k e-flex e-con-boxed e-con e-parent\" data-id=\"u9tr79k\" data-element_type=\"container\" data-e-type=\"container\" data-settings=\"{&quot;background_background&quot;:&quot;classic&quot;}\">\n\t\t\t\t\t<div class=\"e-con-inner\">\n\t\t<div class=\"elementor-element elementor-element-c208a79 e-con-full e-flex e-con e-child\" data-id=\"c208a79\" data-element_type=\"container\" data-e-type=\"container\">\n\t\t\t\t<div class=\"elementor-element elementor-element-d5177a1 elementor-widget elementor-widget-heading\" data-id=\"d5177a1\" data-element_type=\"widget\" data-e-type=\"widget\" data-widget_type=\"heading.default\">\n\t\t\t\t\t<h2 class=\"elementor-heading-title elementor-size-default\">EkoWATT nab\u00edz\u00ed certifikaci budov ve v\u0161ech sch\u00e9matech pou\u017e\u00edvan\u00fdch v&nbsp;\u010cR. LEED, BREEAM,&nbsp; DGNB.<\/h2>\t\t\t\t<\/div>\n\t\t\t\t<div class=\"elementor-element elementor-element-fe2de1d elementor-widget__width-auto elementor-align-center elementor-widget elementor-widget-button\" data-id=\"fe2de1d\" data-element_type=\"widget\" data-e-type=\"widget\" data-widget_type=\"button.default\">\n\t\t\t\t\t\t\t\t\t\t<a class=\"elementor-button elementor-button-link elementor-size-sm elementor-animation-grow\" href=\"https:\/\/ekowatt.cz\/index.php\/kontakt\/\" target=\"_blank\">\n\t\t\t\t\t\t<span class=\"elementor-button-content-wrapper\">\n\t\t\t\t\t\t\t\t\t<span class=\"elementor-button-text\">Kon\u00adtak\u00adtu\u00adjte&nbsp;n\u00e1s<\/span>\n\t\t\t\t\t<\/span>\n\t\t\t\t\t<\/a>\n\t\t\t\t\t\t\t\t<\/div>\n\t\t\t\t<\/div>\n\t\t\t\t\t<\/div>\n\t\t\t\t<\/div>\n\t\t\t\t<\/div>\n\t\t","protected":false},"excerpt":{"rendered":"<p>Cer\u00adti\u00adfikace budov: Kval\u00adit\u00adn\u00ed prost\u0159ed\u00ed, vy\u0161\u0161\u00ed v\u00fdnosy, dlouhodob\u00e1 hod\u00adno\u00adta Ni\u017e\u0161\u00ed dopady na \u017eiv\u00adot\u00adn\u00ed prost\u0159ed\u00ed, vy\u0161\u0161\u00ed kom\u00adfort u\u017ei\u00advatel\u016f a&nbsp;prokaza\u00adtel\u00adn\u011b lep\u00ad\u0161\u00ed eko\u00adnom\u00adick\u00e9 v\u00fdsledky&nbsp;[\u2026]<\/p>\n","protected":false},"author":1,"featured_media":0,"parent":0,"menu_order":0,"comment_status":"closed","ping_status":"closed","template":"","meta":{"wp_typography_post_enhancements_disabled":false,"site-sidebar-layout":"no-sidebar","site-content-layout":"","ast-site-content-layout":"full-width-container","site-content-style":"default","site-sidebar-style":"default","ast-global-header-display":"","ast-banner-title-visibility":"","ast-main-header-display":"","ast-hfb-above-header-display":"","ast-hfb-below-header-display":"","ast-hfb-mobile-header-display":"","site-post-title":"","ast-breadcrumbs-content":"","ast-featured-img":"disabled","footer-sml-layout":"","ast-disable-related-posts":"","theme-transparent-header-meta":"","adv-header-id-meta":"","stick-header-meta":"","header-above-stick-meta":"","header-main-stick-meta":"","header-below-stick-meta":"","astra-migrate-meta-layouts":"default","ast-page-background-enabled":"default","ast-page-background-meta":{"desktop":{"background-color":"var(--ast-global-color-5)","background-image":"","background-repeat":"repeat","background-position":"center center","background-size":"auto","background-attachment":"scroll","background-type":"","background-media":"","overlay-type":"","overlay-color":"","overlay-opacity":"","overlay-gradient":""},"tablet":{"background-color":"","background-image":"","background-repeat":"repeat","background-position":"center center","background-size":"auto","background-attachment":"scroll","background-type":"","background-media":"","overlay-type":"","overlay-color":"","overlay-opacity":"","overlay-gradient":""},"mobile":{"background-color":"","background-image":"","background-repeat":"repeat","background-position":"center center","background-size":"auto","background-attachment":"scroll","background-type":"","background-media":"","overlay-type":"","overlay-color":"","overlay-opacity":"","overlay-gradient":""}},"ast-content-background-meta":{"desktop":{"background-color":"var(--ast-global-color-4)","background-image":"","background-repeat":"repeat","background-position":"center center","background-size":"auto","background-attachment":"scroll","background-type":"","background-media":"","overlay-type":"","overlay-color":"","overlay-opacity":"","overlay-gradient":""},"tablet":{"background-color":"var(--ast-global-color-4)","background-image":"","background-repeat":"repeat","background-position":"center center","background-size":"auto","background-attachment":"scroll","background-type":"","background-media":"","overlay-type":"","overlay-color":"","overlay-opacity":"","overlay-gradient":""},"mobile":{"background-color":"var(--ast-global-color-4)","background-image":"","background-repeat":"repeat","background-position":"center center","background-size":"auto","background-attachment":"scroll","background-type":"","background-media":"","overlay-type":"","overlay-color":"","overlay-opacity":"","overlay-gradient":""}},"footnotes":""},"class_list":["post-9","page","type-page","status-publish","hentry"],"_links":{"self":[{"href":"https:\/\/leed.cz\/index.php\/wp-json\/wp\/v2\/pages\/9","targetHints":{"allow":["GET"]}}],"collection":[{"href":"https:\/\/leed.cz\/index.php\/wp-json\/wp\/v2\/pages"}],"about":[{"href":"https:\/\/leed.cz\/index.php\/wp-json\/wp\/v2\/types\/page"}],"author":[{"embeddable":true,"href":"https:\/\/leed.cz\/index.php\/wp-json\/wp\/v2\/users\/1"}],"replies":[{"embeddable":true,"href":"https:\/\/leed.cz\/index.php\/wp-json\/wp\/v2\/comments?post=9"}],"version-history":[{"count":37,"href":"https:\/\/leed.cz\/index.php\/wp-json\/wp\/v2\/pages\/9\/revisions"}],"predecessor-version":[{"id":646,"href":"https:\/\/leed.cz\/index.php\/wp-json\/wp\/v2\/pages\/9\/revisions\/646"}],"wp:attachment":[{"href":"https:\/\/leed.cz\/index.php\/wp-json\/wp\/v2\/media?parent=9"}],"curies":[{"name":"wp","href":"https:\/\/api.w.org\/{rel}","templated":true}]}}